{"id":688379,"date":"2026-01-13T14:46:01","date_gmt":"2026-01-13T13:46:01","guid":{"rendered":"https:\/\/lucacastelli.com\/prodotto\/stihl-feilenheft-kunststoff\/"},"modified":"2026-01-13T14:46:01","modified_gmt":"2026-01-13T13:46:01","slug":"stihl-feilenheft-kunststoff","status":"publish","type":"product","link":"https:\/\/lucacastelli.com\/de\/produkt\/stihl-feilenheft-kunststoff\/","title":{"rendered":"STIHL Feilenheft (Kunststoff)"},"content":{"rendered":"<p>Aus Kunststoff, mit Sch\u00e4rfwinkeln, f\u00fcr alle Rund-, Dreikant- und Flachfeilen.<\/p>\n<p>F\u00fcr Rundfeilen von 3,2 bis 5,5 mm.<\/p>\n<p>&nbsp;<\/p>\n<p>&nbsp;<\/p>\n","protected":false},"excerpt":{"rendered":"<p>Aus Kunststoff, mit Sch\u00e4rfwinkeln, f\u00fcr alle Rund-, Dreikant- und Flachfeilen. F\u00fcr Rundfeilen von 3,2 bis 5,5 mm. &nbsp; &nbsp;<\/p>\n","protected":false},"featured_media":686902,"template":"","meta":{"_seopress_robots_primary_cat":"","_seopress_titles_title":"","_seopress_titles_desc":"","_seopress_robots_index":""},"product_brand":[3554],"product_cat":[1614,1612,169],"product_tag":[],"class_list":{"0":"post-688379","1":"product","2":"type-product","3":"status-publish","4":"has-post-thumbnail","6":"product_brand-stihl-de","7":"product_cat-ketten-und-haspeln","8":"product_cat-kettensagen","9":"product_cat-maschinen","10":"sws-gruppo-macchinari-de","11":"sws-conto-ricavi-merci-rivendita-macchinari-de","12":"sws-gruppo-iva-iva81-de","14":"first","15":"instock","16":"shipping-taxable","17":"purchasable","18":"product-type-simple"},"_links":{"self":[{"href":"https:\/\/lucacastelli.com\/de\/wp-json\/wp\/v2\/product\/688379","targetHints":{"allow":["GET"]}}],"collection":[{"href":"https:\/\/lucacastelli.com\/de\/wp-json\/wp\/v2\/product"}],"about":[{"href":"https:\/\/lucacastelli.com\/de\/wp-json\/wp\/v2\/types\/product"}],"wp:featuredmedia":[{"embeddable":true,"href":"https:\/\/lucacastelli.com\/de\/wp-json\/wp\/v2\/media\/686902"}],"wp:attachment":[{"href":"https:\/\/lucacastelli.com\/de\/wp-json\/wp\/v2\/media?parent=688379"}],"wp:term":[{"taxonomy":"product_brand","embeddable":true,"href":"https:\/\/lucacastelli.com\/de\/wp-json\/wp\/v2\/product_brand?post=688379"},{"taxonomy":"product_cat","embeddable":true,"href":"https:\/\/lucacastelli.com\/de\/wp-json\/wp\/v2\/product_cat?post=688379"},{"taxonomy":"product_tag","embeddable":true,"href":"https:\/\/lucacastelli.com\/de\/wp-json\/wp\/v2\/product_tag?post=688379"}],"curies":[{"name":"wp","href":"https:\/\/api.w.org\/{rel}","templated":true}]}}