{"id":688354,"date":"2026-01-13T15:22:57","date_gmt":"2026-01-13T14:22:57","guid":{"rendered":"https:\/\/lucacastelli.com\/prodotto\/stihl-flachfeile\/"},"modified":"2026-01-13T15:22:57","modified_gmt":"2026-01-13T14:22:57","slug":"stihl-flachfeile","status":"publish","type":"product","link":"https:\/\/lucacastelli.com\/de\/produkt\/stihl-flachfeile\/","title":{"rendered":"STIHL Flachfeile"},"content":{"rendered":"<p>Die STIHL Flachfeile ist ein Zubeh\u00f6r, das Sie zusammen mit dem Richtger\u00e4t f\u00fcr F\u00fchrungsschienen verwenden k\u00f6nnen. Sie l\u00e4sst sich einfach befestigen. Dank des ergonomischen Kunststoffhalters k\u00f6nnen Sie die Flachfeile sicher f\u00fchren und Grate von der F\u00fchrungsschiene Ihrer STIHL Motors\u00e4ge entfernen.<br \/>\nDie Flachfeile f\u00fcr das F\u00fchrungsschienen-Richtger\u00e4t ist mit einer L\u00e4nge von 100 mm und einer Breite von 22 mm aus geh\u00e4rtetem Werkzeugstahl gefertigt und somit sehr robust und widerstandsf\u00e4hig.  <\/p>\n<p>&nbsp;<\/p>\n<p>&nbsp;<\/p>\n","protected":false},"excerpt":{"rendered":"<p>Die STIHL Flachfeile ist ein Zubeh\u00f6r, das Sie zusammen mit dem Richtger\u00e4t f\u00fcr F\u00fchrungsschienen verwenden k\u00f6nnen. Sie l\u00e4sst sich einfach<\/p>\n","protected":false},"featured_media":686922,"template":"","meta":{"_seopress_robots_primary_cat":"none","_seopress_titles_title":"","_seopress_titles_desc":"","_seopress_robots_index":""},"product_brand":[3554],"product_cat":[1618,1612,169,1613],"product_tag":[],"class_list":{"0":"post-688354","1":"product","2":"type-product","3":"status-publish","4":"has-post-thumbnail","6":"product_brand-stihl-de","7":"product_cat-fuhrungsschienen","8":"product_cat-kettensagen","9":"product_cat-maschinen","10":"product_cat-zubehor-und-verbrauchsmaterial-de-4","11":"sws-gruppo-macchinari-de","12":"sws-conto-ricavi-merci-rivendita-macchinari-de","13":"sws-gruppo-iva-iva81-de","15":"first","16":"instock","17":"shipping-taxable","18":"purchasable","19":"product-type-simple"},"_links":{"self":[{"href":"https:\/\/lucacastelli.com\/de\/wp-json\/wp\/v2\/product\/688354","targetHints":{"allow":["GET"]}}],"collection":[{"href":"https:\/\/lucacastelli.com\/de\/wp-json\/wp\/v2\/product"}],"about":[{"href":"https:\/\/lucacastelli.com\/de\/wp-json\/wp\/v2\/types\/product"}],"wp:featuredmedia":[{"embeddable":true,"href":"https:\/\/lucacastelli.com\/de\/wp-json\/wp\/v2\/media\/686922"}],"wp:attachment":[{"href":"https:\/\/lucacastelli.com\/de\/wp-json\/wp\/v2\/media?parent=688354"}],"wp:term":[{"taxonomy":"product_brand","embeddable":true,"href":"https:\/\/lucacastelli.com\/de\/wp-json\/wp\/v2\/product_brand?post=688354"},{"taxonomy":"product_cat","embeddable":true,"href":"https:\/\/lucacastelli.com\/de\/wp-json\/wp\/v2\/product_cat?post=688354"},{"taxonomy":"product_tag","embeddable":true,"href":"https:\/\/lucacastelli.com\/de\/wp-json\/wp\/v2\/product_tag?post=688354"}],"curies":[{"name":"wp","href":"https:\/\/api.w.org\/{rel}","templated":true}]}}