{"id":688342,"date":"2026-01-15T08:06:03","date_gmt":"2026-01-15T07:06:03","guid":{"rendered":"https:\/\/lucacastelli.com\/prodotto\/stihl-schraubzwinge-fuer-schaerfgeraet-fg-2\/"},"modified":"2026-01-15T08:06:03","modified_gmt":"2026-01-15T07:06:03","slug":"stihl-schraubzwinge-fuer-schaerfgeraet-fg-2","status":"publish","type":"product","link":"https:\/\/lucacastelli.com\/de\/produkt\/stihl-schraubzwinge-fuer-schaerfgeraet-fg-2\/","title":{"rendered":"STIHL Schraubzwinge f\u00fcr Sch\u00e4rfger\u00e4t FG 2"},"content":{"rendered":"<p>Zur Befestigung am Tisch werden zwei St\u00fcck ben\u00f6tigt.<\/p>\n","protected":false},"excerpt":{"rendered":"<p>Zur Befestigung am Tisch werden zwei St\u00fcck ben\u00f6tigt.<\/p>\n","protected":false},"featured_media":688247,"template":"","meta":{"_seopress_robots_primary_cat":"","_seopress_titles_title":"","_seopress_titles_desc":"","_seopress_robots_index":""},"product_brand":[3366],"product_cat":[5416,29,268,269,504],"product_tag":[],"class_list":{"0":"post-688342","1":"product","2":"type-product","3":"status-publish","4":"has-post-thumbnail","6":"product_brand-stihl","7":"product_cat-utensili-per-officina","8":"product_cat-macchinari","9":"product_cat-motoseghe","10":"product_cat-accessori-e-materiale-di-consumo-tosasiepi-e-potatori","11":"product_cat-catene-e-rotoli","12":"sws-gruppo-macchinari-de","13":"sws-conto-ricavi-merci-rivendita-macchinari-de","14":"sws-gruppo-iva-iva81-de","16":"first","17":"instock","18":"shipping-taxable","19":"purchasable","20":"product-type-simple"},"_links":{"self":[{"href":"https:\/\/lucacastelli.com\/de\/wp-json\/wp\/v2\/product\/688342","targetHints":{"allow":["GET"]}}],"collection":[{"href":"https:\/\/lucacastelli.com\/de\/wp-json\/wp\/v2\/product"}],"about":[{"href":"https:\/\/lucacastelli.com\/de\/wp-json\/wp\/v2\/types\/product"}],"wp:featuredmedia":[{"embeddable":true,"href":"https:\/\/lucacastelli.com\/de\/wp-json\/wp\/v2\/media\/688247"}],"wp:attachment":[{"href":"https:\/\/lucacastelli.com\/de\/wp-json\/wp\/v2\/media?parent=688342"}],"wp:term":[{"taxonomy":"product_brand","embeddable":true,"href":"https:\/\/lucacastelli.com\/de\/wp-json\/wp\/v2\/product_brand?post=688342"},{"taxonomy":"product_cat","embeddable":true,"href":"https:\/\/lucacastelli.com\/de\/wp-json\/wp\/v2\/product_cat?post=688342"},{"taxonomy":"product_tag","embeddable":true,"href":"https:\/\/lucacastelli.com\/de\/wp-json\/wp\/v2\/product_tag?post=688342"}],"curies":[{"name":"wp","href":"https:\/\/api.w.org\/{rel}","templated":true}]}}