{"id":688312,"date":"2026-01-12T13:18:48","date_gmt":"2026-01-12T12:18:48","guid":{"rendered":"https:\/\/lucacastelli.com\/prodotto\/stihl-saegekette-3-8-picco-super-3-ps3-13-mm-40-cm\/"},"modified":"2026-01-12T13:18:48","modified_gmt":"2026-01-12T12:18:48","slug":"stihl-saegekette-3-8-picco-super-3-ps3-13-mm-40-cm","status":"publish","type":"product","link":"https:\/\/lucacastelli.com\/de\/produkt\/stihl-saegekette-3-8-picco-super-3-ps3-13-mm-40-cm\/","title":{"rendered":"STIHL S\u00e4gekette 3\/8&#8243; Picco Super 3 (PS3), 1,3 mm, 40 cm"},"content":{"rendered":"<p>3\/8&#8243; P Picco Super 3 (PS3; 1,3 mm): Die ideale Vollmei\u00dfelkette f\u00fcr die Baumpflege.<br \/>\nDank der reduzierten Vorschubkraft ist die STIHL 3\/8&#8243; P Super 3 (PS3) ideal f\u00fcr die Baumpflege. Durch die hohe Schnittleistung, das ausgezeichnete Schnittverhalten und die Laufruhe k\u00f6nnen Sie auch bei dickeren \u00c4sten sicher und komfortabel an B\u00e4umen arbeiten. Der sehr saubere Schnitt sorgt f\u00fcr ordentlich geschnittene B\u00e4ume, die gesund weiterwachsen k\u00f6nnen. Die 3\/8&#8243; P Picco Super 3 (PS3) mit einer Treibglieddicke von 1,3 mm arbeitet vibrations- und r\u00fcckschlagarm und sorgt so f\u00fcr ein komfortables Arbeiten.   <\/p>\n<p>Die weltweit erste 3\/8&#8243;-Kette mit niedrigem Profil und Vollmei\u00dfelz\u00e4hnen kann f\u00fcr verschiedene Baumpfleges\u00e4gen verwendet werden.<\/p>\n<p>&nbsp;<\/p>\n<table data-test-id=\"pdp-spec-tech-table\">\n<tbody>\n<tr>\n<td>Kettenteilung<\/td>\n<td>9,32 mm\/3\/8&#8243;P<\/td>\n<\/tr>\n<tr>\n<td>Treibglieddicke<\/td>\n<td>1,3 mm\/.050&#8243;<\/td>\n<\/tr>\n<tr>\n<td>Treibgliedanzahl<\/td>\n<td>44 Tg \/ 45 Tg \/ 50 Tg \/ 55 Tg \/ 56 Tg<\/td>\n<\/tr>\n<\/tbody>\n<\/table>\n<p>&nbsp;<\/p>\n<p>L\u00e4nge: 40 cm<\/p>\n<p>Anzahl der Z\u00e4hne: 55<\/p>\n<p>&nbsp;<\/p>\n<p>&nbsp;<\/p>\n","protected":false},"excerpt":{"rendered":"<p>3\/8&#8243; P Picco Super 3 (PS3; 1,3 mm): Die ideale Vollmei\u00dfelkette f\u00fcr die Baumpflege. Dank der reduzierten Vorschubkraft ist die<\/p>\n","protected":false},"featured_media":686098,"template":"","meta":{"_seopress_robots_primary_cat":"none","_seopress_titles_title":"","_seopress_titles_desc":"","_seopress_robots_index":""},"product_brand":[3366],"product_cat":[29,268,504],"product_tag":[],"class_list":{"0":"post-688312","1":"product","2":"type-product","3":"status-publish","4":"has-post-thumbnail","6":"product_brand-stihl","7":"product_cat-macchinari","8":"product_cat-motoseghe","9":"product_cat-catene-e-rotoli","10":"sws-gruppo-macchinari-de","11":"sws-conto-ricavi-merci-rivendita-macchinari-de","12":"sws-gruppo-iva-iva81-de","14":"first","15":"instock","16":"shipping-taxable","17":"purchasable","18":"product-type-simple"},"_links":{"self":[{"href":"https:\/\/lucacastelli.com\/de\/wp-json\/wp\/v2\/product\/688312","targetHints":{"allow":["GET"]}}],"collection":[{"href":"https:\/\/lucacastelli.com\/de\/wp-json\/wp\/v2\/product"}],"about":[{"href":"https:\/\/lucacastelli.com\/de\/wp-json\/wp\/v2\/types\/product"}],"wp:featuredmedia":[{"embeddable":true,"href":"https:\/\/lucacastelli.com\/de\/wp-json\/wp\/v2\/media\/686098"}],"wp:attachment":[{"href":"https:\/\/lucacastelli.com\/de\/wp-json\/wp\/v2\/media?parent=688312"}],"wp:term":[{"taxonomy":"product_brand","embeddable":true,"href":"https:\/\/lucacastelli.com\/de\/wp-json\/wp\/v2\/product_brand?post=688312"},{"taxonomy":"product_cat","embeddable":true,"href":"https:\/\/lucacastelli.com\/de\/wp-json\/wp\/v2\/product_cat?post=688312"},{"taxonomy":"product_tag","embeddable":true,"href":"https:\/\/lucacastelli.com\/de\/wp-json\/wp\/v2\/product_tag?post=688312"}],"curies":[{"name":"wp","href":"https:\/\/api.w.org\/{rel}","templated":true}]}}