{"id":688306,"date":"2026-01-15T08:26:37","date_gmt":"2026-01-15T07:26:37","guid":{"rendered":"https:\/\/lucacastelli.com\/prodotto\/stihl-ak-20-plus-starter-kit\/"},"modified":"2026-04-14T00:09:20","modified_gmt":"2026-04-13T22:09:20","slug":"stihl-ak-20-plus-starter-kit","status":"publish","type":"product","link":"https:\/\/lucacastelli.com\/de\/produkt\/stihl-ak-20-plus-starter-kit\/","title":{"rendered":"STIHL AK 20 PLUS Starter-Kit"},"content":{"rendered":"<p>Starter-Set mit 2 AK 20 Akkus und AL 101 Ladeger\u00e4t: optimal f\u00fcr Ger\u00e4te des STIHL AK-Systems<br \/>\nWenn Sie noch keinen passenden STIHL Akku und kein Ladeger\u00e4t besitzen, k\u00f6nnen Sie dieses Set mit 2 STIHL AK 20 Akkus und einem STIHL AL 101 Ladeger\u00e4t bequem erwerben. So haben Sie alles, was Sie f\u00fcr die Nutzung Ihres Ger\u00e4ts des STIHL AK-Systems ben\u00f6tigen.<br \/>\nIn unserer \u00dcbersicht zu den Akku-Laufzeiten und Ladezeiten k\u00f6nnen Sie erfahren, wie lange Sie mit Ihrem STIHL Ger\u00e4t und den hier ausgew\u00e4hlten Akkus arbeiten k\u00f6nnen und wie lange es dauert, diese wieder aufzuladen. <\/p>\n<p>&nbsp;<\/p>\n<p>Inhalt: 2 Stk. AK 20 und 1 Stk. AL 101<\/p>\n","protected":false},"excerpt":{"rendered":"<p>Starter-Set mit 2 AK 20 Akkus und AL 101 Ladeger\u00e4t: optimal f\u00fcr Ger\u00e4te des STIHL AK-Systems Wenn Sie noch keinen<\/p>\n","protected":false},"featured_media":688307,"template":"","meta":{"_seopress_robots_primary_cat":"none","_seopress_titles_title":"","_seopress_titles_desc":"","_seopress_robots_index":""},"product_brand":[3366],"product_cat":[29,491],"product_tag":[],"class_list":{"0":"post-688306","1":"product","2":"type-product","3":"status-publish","4":"has-post-thumbnail","6":"product_brand-stihl","7":"product_cat-macchinari","8":"product_cat-accessori-sistemi-a-batteria","9":"sws-gruppo-macchinari-de","10":"sws-conto-ricavi-merci-rivendita-macchinari-de","11":"sws-gruppo-iva-iva81-de","13":"first","14":"instock","15":"shipping-taxable","16":"purchasable","17":"product-type-simple"},"_links":{"self":[{"href":"https:\/\/lucacastelli.com\/de\/wp-json\/wp\/v2\/product\/688306","targetHints":{"allow":["GET"]}}],"collection":[{"href":"https:\/\/lucacastelli.com\/de\/wp-json\/wp\/v2\/product"}],"about":[{"href":"https:\/\/lucacastelli.com\/de\/wp-json\/wp\/v2\/types\/product"}],"wp:featuredmedia":[{"embeddable":true,"href":"https:\/\/lucacastelli.com\/de\/wp-json\/wp\/v2\/media\/688307"}],"wp:attachment":[{"href":"https:\/\/lucacastelli.com\/de\/wp-json\/wp\/v2\/media?parent=688306"}],"wp:term":[{"taxonomy":"product_brand","embeddable":true,"href":"https:\/\/lucacastelli.com\/de\/wp-json\/wp\/v2\/product_brand?post=688306"},{"taxonomy":"product_cat","embeddable":true,"href":"https:\/\/lucacastelli.com\/de\/wp-json\/wp\/v2\/product_cat?post=688306"},{"taxonomy":"product_tag","embeddable":true,"href":"https:\/\/lucacastelli.com\/de\/wp-json\/wp\/v2\/product_tag?post=688306"}],"curies":[{"name":"wp","href":"https:\/\/api.w.org\/{rel}","templated":true}]}}