{"id":688296,"date":"2026-01-15T08:18:46","date_gmt":"2026-01-15T07:18:46","guid":{"rendered":"https:\/\/lucacastelli.com\/prodotto\/stihl-ak-20-starter-set\/"},"modified":"2026-01-15T08:18:46","modified_gmt":"2026-01-15T07:18:46","slug":"stihl-ak-20-starter-set","status":"publish","type":"product","link":"https:\/\/lucacastelli.com\/de\/produkt\/stihl-ak-20-starter-set\/","title":{"rendered":"STIHL AK 20 STARTER-SET"},"content":{"rendered":"<p>Starter-Set mit AK 20-Akku und AL 101-Ladeger\u00e4t: ideal f\u00fcr Ger\u00e4te des STIHL AK-Systems<br \/>\nWenn Sie noch keinen passenden STIHL Akku und kein Ladeger\u00e4t haben, k\u00f6nnen Sie dieses Set mit einem STIHL AK 20 Akku und einem STIHL AL 101 Ladeger\u00e4t bequem f\u00fcr Ihre Arbeit erwerben. So haben Sie alles, was Sie f\u00fcr die Nutzung Ihres Ger\u00e4ts aus dem STIHL AK-System ben\u00f6tigen. <\/p>\n<p>In unserer \u00dcbersicht zu den Akku-Lauf- und Ladezeiten von STIHL erfahren Sie, wie lange Sie mit Ihrem STIHL Ger\u00e4t und dem hier ausgew\u00e4hlten Akku arbeiten k\u00f6nnen und wie lange es dauert, den Akku wieder aufzuladen.<\/p>\n<p>&nbsp;<\/p>\n<p>Inhalt: 1 Stk. AK 20 und 1 Stk. AL 101<\/p>\n","protected":false},"excerpt":{"rendered":"<p>Starter-Set mit AK 20-Akku und AL 101-Ladeger\u00e4t: ideal f\u00fcr Ger\u00e4te des STIHL AK-Systems Wenn Sie noch keinen passenden STIHL Akku<\/p>\n","protected":false},"featured_media":688263,"template":"","meta":{"_seopress_robots_primary_cat":"","_seopress_titles_title":"","_seopress_titles_desc":"","_seopress_robots_index":""},"product_brand":[3366],"product_cat":[29,491],"product_tag":[],"class_list":{"0":"post-688296","1":"product","2":"type-product","3":"status-publish","4":"has-post-thumbnail","6":"product_brand-stihl","7":"product_cat-macchinari","8":"product_cat-accessori-sistemi-a-batteria","9":"sws-gruppo-macchinari-de","10":"sws-conto-ricavi-merci-rivendita-macchinari-de","11":"sws-gruppo-iva-iva81-de","13":"first","14":"instock","15":"shipping-taxable","16":"purchasable","17":"product-type-simple"},"_links":{"self":[{"href":"https:\/\/lucacastelli.com\/de\/wp-json\/wp\/v2\/product\/688296","targetHints":{"allow":["GET"]}}],"collection":[{"href":"https:\/\/lucacastelli.com\/de\/wp-json\/wp\/v2\/product"}],"about":[{"href":"https:\/\/lucacastelli.com\/de\/wp-json\/wp\/v2\/types\/product"}],"wp:featuredmedia":[{"embeddable":true,"href":"https:\/\/lucacastelli.com\/de\/wp-json\/wp\/v2\/media\/688263"}],"wp:attachment":[{"href":"https:\/\/lucacastelli.com\/de\/wp-json\/wp\/v2\/media?parent=688296"}],"wp:term":[{"taxonomy":"product_brand","embeddable":true,"href":"https:\/\/lucacastelli.com\/de\/wp-json\/wp\/v2\/product_brand?post=688296"},{"taxonomy":"product_cat","embeddable":true,"href":"https:\/\/lucacastelli.com\/de\/wp-json\/wp\/v2\/product_cat?post=688296"},{"taxonomy":"product_tag","embeddable":true,"href":"https:\/\/lucacastelli.com\/de\/wp-json\/wp\/v2\/product_tag?post=688296"}],"curies":[{"name":"wp","href":"https:\/\/api.w.org\/{rel}","templated":true}]}}