{"id":688292,"date":"2026-01-15T08:29:13","date_gmt":"2026-01-15T07:29:13","guid":{"rendered":"https:\/\/lucacastelli.com\/prodotto\/stihl-ak-30-s-plus-starter-set\/"},"modified":"2026-01-15T08:29:13","modified_gmt":"2026-01-15T07:29:13","slug":"stihl-ak-30-s-plus-starter-set","status":"publish","type":"product","link":"https:\/\/lucacastelli.com\/de\/produkt\/stihl-ak-30-s-plus-starter-set\/","title":{"rendered":"STIHL AK 30 S PLUS Starter-Set"},"content":{"rendered":"<p>Starter-Set mit 2 Akkus AK 30 S und Ladeger\u00e4t AL 101: ideal f\u00fcr Ger\u00e4te des STIHL AK-Systems<br \/>\nWenn Sie noch nicht \u00fcber einen passenden STIHL Akku und ein Ladeger\u00e4t verf\u00fcgen, k\u00f6nnen Sie dieses Set mit 2 STIHL Akkus AK 30 S und einem STIHL Ladeger\u00e4t AL 101 bequem erwerben. So haben Sie alles, was Sie f\u00fcr die Nutzung Ihres Ger\u00e4ts des STIHL AK-Systems ben\u00f6tigen. <\/p>\n<p>In unserer \u00dcbersicht zu den Lauf- und Ladezeiten der STIHL Akkus k\u00f6nnen Sie herausfinden, wie lange Sie mit Ihrem STIHL Ger\u00e4t und den hier ausgew\u00e4hlten Akkus arbeiten k\u00f6nnen und wie lange es dauert, diese wieder aufzuladen.<\/p>\n","protected":false},"excerpt":{"rendered":"<p>Starter-Set mit 2 Akkus AK 30 S und Ladeger\u00e4t AL 101: ideal f\u00fcr Ger\u00e4te des STIHL AK-Systems Wenn Sie noch<\/p>\n","protected":false},"featured_media":688280,"template":"","meta":{"_seopress_robots_primary_cat":"","_seopress_titles_title":"","_seopress_titles_desc":"","_seopress_robots_index":""},"product_brand":[3366],"product_cat":[29,491],"product_tag":[],"class_list":{"0":"post-688292","1":"product","2":"type-product","3":"status-publish","4":"has-post-thumbnail","6":"product_brand-stihl","7":"product_cat-macchinari","8":"product_cat-accessori-sistemi-a-batteria","9":"sws-gruppo-macchinari-de","10":"sws-conto-ricavi-merci-rivendita-macchinari-de","11":"sws-gruppo-iva-iva81-de","13":"first","14":"instock","15":"shipping-taxable","16":"purchasable","17":"product-type-simple"},"_links":{"self":[{"href":"https:\/\/lucacastelli.com\/de\/wp-json\/wp\/v2\/product\/688292","targetHints":{"allow":["GET"]}}],"collection":[{"href":"https:\/\/lucacastelli.com\/de\/wp-json\/wp\/v2\/product"}],"about":[{"href":"https:\/\/lucacastelli.com\/de\/wp-json\/wp\/v2\/types\/product"}],"wp:featuredmedia":[{"embeddable":true,"href":"https:\/\/lucacastelli.com\/de\/wp-json\/wp\/v2\/media\/688280"}],"wp:attachment":[{"href":"https:\/\/lucacastelli.com\/de\/wp-json\/wp\/v2\/media?parent=688292"}],"wp:term":[{"taxonomy":"product_brand","embeddable":true,"href":"https:\/\/lucacastelli.com\/de\/wp-json\/wp\/v2\/product_brand?post=688292"},{"taxonomy":"product_cat","embeddable":true,"href":"https:\/\/lucacastelli.com\/de\/wp-json\/wp\/v2\/product_cat?post=688292"},{"taxonomy":"product_tag","embeddable":true,"href":"https:\/\/lucacastelli.com\/de\/wp-json\/wp\/v2\/product_tag?post=688292"}],"curies":[{"name":"wp","href":"https:\/\/api.w.org\/{rel}","templated":true}]}}