{"id":684491,"date":"2026-01-10T10:03:59","date_gmt":"2026-01-10T09:03:59","guid":{"rendered":"https:\/\/lucacastelli.com\/prodotto\/stihl-kette-1-4-picco-micro-3-pm3-11-mm-15-cm-fuer-gta-26\/"},"modified":"2026-01-10T10:03:59","modified_gmt":"2026-01-10T09:03:59","slug":"stihl-kette-1-4-picco-micro-3-pm3-11-mm-15-cm-fuer-gta-26","status":"publish","type":"product","link":"https:\/\/lucacastelli.com\/de\/produkt\/stihl-kette-1-4-picco-micro-3-pm3-11-mm-15-cm-fuer-gta-26\/","title":{"rendered":"STIHL Kette 1\/4&#8243; Picco Micro 3 (PM3), 1,1 mm, 15 cm f\u00fcr GTA 26"},"content":{"rendered":"<h2>1\/4&#8243; P Peak Micro 3 (PM3; 1,1 mm): flache und schmale Kette<\/h2>\n<p>Diese STIHL Kette f\u00fcr Astscheren und kompakte Kettens\u00e4gen wie die <a href=\"https:\/\/www.stihl.de\/de\/p\/kettensaegen-motorsaegen-ms-151-102583\"><b>STIHL MS 151<\/b><\/a> macht angenehme <a href=\"https:\/\/www.stihl.de\/de\/ratgeber-projekte\/gartenpflege\"><b>Arbeit im Garten<\/b><\/a> dank ihrer <b>vibrations- und r\u00fcckschlagarmen Konstruktion<\/b>. Dank ihres schmalen Schnitts bietet sie au\u00dferdem eine hohe Schnittleistung. Die 1\/4&#8243; P Picco Micro 3 (PM3) Kette mit einer Hammerst\u00e4rke von 1,1 mm ist besonders flach und schmal. Sie eignet sich daher f\u00fcr leichte Kettens\u00e4gen wie die <a href=\"https:\/\/www.stihl.de\/de\/p\/kettensaegen-motorsaegen-akku-kettensaege-msa-70-ak-system-164137\"><b>STIHL MSA 70<\/b><\/a> oder Astscheren wie die <a href=\"https:\/\/www.stihl.de\/de\/p\/gartenscheren-astscheren-astsaegen-gehoelzschneider-gta-26-107847#einzelgeraet-107847\"><b>Akku-Baumschere STIHL GTA 26<\/b><\/a>die vor allem im Garten und bei Heimwerkerarbeiten eingesetzt werden.   <\/p>\n<p>&nbsp;<\/p>\n<p>&nbsp;<\/p>\n","protected":false},"excerpt":{"rendered":"<p>1\/4&#8243; P Peak Micro 3 (PM3; 1,1 mm): flache und schmale Kette Diese STIHL Kette f\u00fcr Astscheren und kompakte Kettens\u00e4gen<\/p>\n","protected":false},"featured_media":684479,"template":"","meta":{"_seopress_robots_primary_cat":"","_seopress_titles_title":"","_seopress_titles_desc":"","_seopress_robots_index":""},"product_brand":[3366],"product_cat":[29,268,504],"product_tag":[],"class_list":{"0":"post-684491","1":"product","2":"type-product","3":"status-publish","4":"has-post-thumbnail","6":"product_brand-stihl","7":"product_cat-macchinari","8":"product_cat-motoseghe","9":"product_cat-catene-e-rotoli","10":"sws-gruppo-macchinari-de","11":"sws-conto-ricavi-merci-rivendita-macchinari-de","12":"sws-gruppo-iva-iva81-de","14":"first","15":"instock","16":"shipping-taxable","17":"purchasable","18":"product-type-simple"},"_links":{"self":[{"href":"https:\/\/lucacastelli.com\/de\/wp-json\/wp\/v2\/product\/684491","targetHints":{"allow":["GET"]}}],"collection":[{"href":"https:\/\/lucacastelli.com\/de\/wp-json\/wp\/v2\/product"}],"about":[{"href":"https:\/\/lucacastelli.com\/de\/wp-json\/wp\/v2\/types\/product"}],"wp:featuredmedia":[{"embeddable":true,"href":"https:\/\/lucacastelli.com\/de\/wp-json\/wp\/v2\/media\/684479"}],"wp:attachment":[{"href":"https:\/\/lucacastelli.com\/de\/wp-json\/wp\/v2\/media?parent=684491"}],"wp:term":[{"taxonomy":"product_brand","embeddable":true,"href":"https:\/\/lucacastelli.com\/de\/wp-json\/wp\/v2\/product_brand?post=684491"},{"taxonomy":"product_cat","embeddable":true,"href":"https:\/\/lucacastelli.com\/de\/wp-json\/wp\/v2\/product_cat?post=684491"},{"taxonomy":"product_tag","embeddable":true,"href":"https:\/\/lucacastelli.com\/de\/wp-json\/wp\/v2\/product_tag?post=684491"}],"curies":[{"name":"wp","href":"https:\/\/api.w.org\/{rel}","templated":true}]}}