{"id":683909,"date":"2026-01-09T16:48:36","date_gmt":"2026-01-09T15:48:36","guid":{"rendered":"https:\/\/lucacastelli.com\/prodotto\/stihl-light-01-bar-1-4-p-11-mm-3008-zu-gta-30-und-gta-40-20-cm\/"},"modified":"2026-01-09T16:48:36","modified_gmt":"2026-01-09T15:48:36","slug":"stihl-light-01-bar-1-4-p-11-mm-3008-zu-gta-30-und-gta-40-20-cm","status":"publish","type":"product","link":"https:\/\/lucacastelli.com\/de\/produkt\/stihl-light-01-bar-1-4-p-11-mm-3008-zu-gta-30-und-gta-40-20-cm\/","title":{"rendered":"STIHL Light 01 bar, 1\/4 &#8220;P, 1,1 mm, 3008 zu GTA 30 und GTA 40 20 cm"},"content":{"rendered":"<h2>Light 01 Klinge f\u00fcr GTA 30 und GTA 40: robuste und leichte Klinge f\u00fcr den professionellen Einsatz<\/h2>\n<p>Die STIHL Light 01 Klinge ist eine robuste und leichte Klinge f\u00fcr die STIHL GTA 30 und STIHL GTA 40 Akku-Freischneider.<\/p>\n<p>Es ist ideal f\u00fcr die Pflege von B\u00e4umen und Str\u00e4uchern, f\u00fcr professionelle Garten- und Landschaftsbauarbeiten und f\u00fcr die Arbeit mit Holz und Holzwerkstoffen auf Baustellen.<\/p>\n<p>Die leichte und sehr steife Klinge hat eine Rillenbreite von 1,1 mm. Es ist perfekt auf die STIHL 1\/4&#8243; PM3 Kette abgestimmt und erm\u00f6glicht effizientes und schnelles Schneiden in Bodenn\u00e4he. Das Vorderrad sorgt f\u00fcr geringe Reibung im Kettenantrieb, w\u00e4hrend das geschlossene Lager vor Schmutz sch\u00fctzt und zu einer langen Lebensdauer beitr\u00e4gt. Das vernietete Vorderrad bietet erh\u00f6hte Festigkeit.  <\/p>\n<p>&nbsp;<\/p>\n<table data-test-id=\"pdp-spec-tech-table\">\n<tbody>\n<tr>\n<td>Notbredde<\/td>\n<td>1,1mm\/.043&#8243;<\/td>\n<\/tr>\n<tr>\n<td>Sk\u00e6rel\u00e6ngde<\/td>\n<td>20cm\/8&#8243;<\/td>\n<\/tr>\n<\/tbody>\n<\/table>\n","protected":false},"excerpt":{"rendered":"<p>Light 01 Klinge f\u00fcr GTA 30 und GTA 40: robuste und leichte Klinge f\u00fcr den professionellen Einsatz Die STIHL Light<\/p>\n","protected":false},"featured_media":683910,"template":"","meta":{"_seopress_robots_primary_cat":"none","_seopress_titles_title":"","_seopress_titles_desc":"","_seopress_robots_index":""},"product_brand":[3366],"product_cat":[29,268,524],"product_tag":[],"class_list":{"0":"post-683909","1":"product","2":"type-product","3":"status-publish","4":"has-post-thumbnail","6":"product_brand-stihl","7":"product_cat-macchinari","8":"product_cat-motoseghe","9":"product_cat-spranghe-guida","10":"sws-gruppo-macchinari-de","11":"sws-conto-ricavi-merci-rivendita-macchinari-de","12":"sws-gruppo-iva-iva81-de","14":"first","15":"instock","16":"shipping-taxable","17":"purchasable","18":"product-type-simple"},"_links":{"self":[{"href":"https:\/\/lucacastelli.com\/de\/wp-json\/wp\/v2\/product\/683909","targetHints":{"allow":["GET"]}}],"collection":[{"href":"https:\/\/lucacastelli.com\/de\/wp-json\/wp\/v2\/product"}],"about":[{"href":"https:\/\/lucacastelli.com\/de\/wp-json\/wp\/v2\/types\/product"}],"wp:featuredmedia":[{"embeddable":true,"href":"https:\/\/lucacastelli.com\/de\/wp-json\/wp\/v2\/media\/683910"}],"wp:attachment":[{"href":"https:\/\/lucacastelli.com\/de\/wp-json\/wp\/v2\/media?parent=683909"}],"wp:term":[{"taxonomy":"product_brand","embeddable":true,"href":"https:\/\/lucacastelli.com\/de\/wp-json\/wp\/v2\/product_brand?post=683909"},{"taxonomy":"product_cat","embeddable":true,"href":"https:\/\/lucacastelli.com\/de\/wp-json\/wp\/v2\/product_cat?post=683909"},{"taxonomy":"product_tag","embeddable":true,"href":"https:\/\/lucacastelli.com\/de\/wp-json\/wp\/v2\/product_tag?post=683909"}],"curies":[{"name":"wp","href":"https:\/\/api.w.org\/{rel}","templated":true}]}}