{"id":683906,"date":"2026-01-09T17:27:24","date_gmt":"2026-01-09T16:27:24","guid":{"rendered":"https:\/\/lucacastelli.com\/?post_type=product&#038;p=683906"},"modified":"2026-01-09T17:33:01","modified_gmt":"2026-01-09T16:33:01","slug":"stihl-duromatic-e-63-cm-3-8-13-mm-fuhrungsstange-copia-copia-copia-copia","status":"publish","type":"product","link":"https:\/\/lucacastelli.com\/de\/produkt\/stihl-duromatic-e-63-cm-3-8-13-mm-fuhrungsstange-copia-copia-copia-copia\/","title":{"rendered":"STIHL ROLLOMATIC ES F\u00fchrungsstange 90 cm 3\/8 1,3 mm"},"content":{"rendered":"<h2>STIHL Rollomatic ES Blatt, 3\/8&#8243;, 1,3 mm: Kettens\u00e4genblatt f\u00fcr Hartholz und andere widerstandsf\u00e4hige Materialien<\/h2>\n<p>Dieses STIHL S\u00e4geblatt wurde f\u00fcr leistungsstarke Profi-Kettens\u00e4gen wie die STIHL MS 462 C-M entwickelt und ist daher f\u00fcr professionelle Forstarbeiten geeignet. Mit der STIHL Rollomatic ES, 3\/8&#8243;, 1,3 mm, hast du das richtige Blatt zum F\u00e4llen und Bearbeiten von Hartholz oder zum Schneiden von Brennholz. Im Rettungseinsatz kannst du in Kombination mit der STIHL Rapid Duro Rescue Motors\u00e4ge und der STIHL MS 462 C-M R Rettungskettens\u00e4ge auch Metall, Bitumen und Panzerglas schneiden, zum Beispiel um L\u00fcftungs- und Zugangs\u00f6ffnungen in Fahrzeugen oder Geb\u00e4uden zu schaffen.  <\/p>\n<p>Der K\u00f6rper der STIHL Rollomatic ES-Schiene, 3\/8&#8243;, 1,3 mm, ist massiv und sehr stabil. So lassen sich auch sehr harte Materialien pr\u00e4zise, sauber und sicher schneiden. Wenn die Stangenspitze abgenutzt ist, kann sie einfach ausgetauscht werden, so dass die Stange weiter verwendet werden kann. Das geschlossene Lager im Vorderrad macht den Stab wartungsfrei.   <\/p>\n<p>&nbsp;<\/p>\n<table data-test-id=\"pdp-spec-tech-table\">\n<tbody>\n<tr>\n<td>N\u00e6sehjulsleje<\/td>\n<td>9,32mm\/3\/8&#8243;<\/td>\n<\/tr>\n<tr>\n<td>Notbredde<\/td>\n<td>1,3mm\/.050&#8243; \/ 1,6mm\/.063&#8243;<\/td>\n<\/tr>\n<tr>\n<td>Antal t\u00e6nder p\u00e5 tandhjulet<\/td>\n<td>11<\/td>\n<\/tr>\n<tr>\n<td>Sk\u00e6rel\u00e6ngde<\/td>\n<td>71cm\/28&#8243; \/ 90cm\/36&#8243; \/ 40cm\/16&#8243; \/ 45cm\/18&#8243; \/ 50cm\/20&#8243; \/ 55cm\/22&#8243; \/ 63cm\/25&#8243;<\/td>\n<\/tr>\n<tr>\n<td>Sv\u00e6rd v\u00e6gt<\/td>\n<td>1,777 \/ 2,365 \/ 0,984 \/ 1,154 \/ 1,288 \/ 1,379 \/ 1,653 kg<\/td>\n<\/tr>\n<\/tbody>\n<\/table>\n","protected":false},"excerpt":{"rendered":"<p>Rollomatic E, 3\/8&#8243;, 11 d, 63cm<\/p>\n","protected":false},"featured_media":683894,"template":"","meta":{"_seopress_robots_primary_cat":"none","_seopress_titles_title":"","_seopress_titles_desc":"","_seopress_robots_index":""},"product_brand":[3366],"product_cat":[29,268,524],"product_tag":[3265],"class_list":{"0":"post-683906","1":"product","2":"type-product","3":"status-publish","4":"has-post-thumbnail","6":"product_brand-stihl","7":"product_cat-macchinari","8":"product_cat-motoseghe","9":"product_cat-spranghe-guida","10":"product_tag-import-stihl","12":"first","13":"onbackorder","14":"purchasable","15":"product-type-simple"},"_links":{"self":[{"href":"https:\/\/lucacastelli.com\/de\/wp-json\/wp\/v2\/product\/683906","targetHints":{"allow":["GET"]}}],"collection":[{"href":"https:\/\/lucacastelli.com\/de\/wp-json\/wp\/v2\/product"}],"about":[{"href":"https:\/\/lucacastelli.com\/de\/wp-json\/wp\/v2\/types\/product"}],"wp:featuredmedia":[{"embeddable":true,"href":"https:\/\/lucacastelli.com\/de\/wp-json\/wp\/v2\/media\/683894"}],"wp:attachment":[{"href":"https:\/\/lucacastelli.com\/de\/wp-json\/wp\/v2\/media?parent=683906"}],"wp:term":[{"taxonomy":"product_brand","embeddable":true,"href":"https:\/\/lucacastelli.com\/de\/wp-json\/wp\/v2\/product_brand?post=683906"},{"taxonomy":"product_cat","embeddable":true,"href":"https:\/\/lucacastelli.com\/de\/wp-json\/wp\/v2\/product_cat?post=683906"},{"taxonomy":"product_tag","embeddable":true,"href":"https:\/\/lucacastelli.com\/de\/wp-json\/wp\/v2\/product_tag?post=683906"}],"curies":[{"name":"wp","href":"https:\/\/api.w.org\/{rel}","templated":true}]}}