{"id":683729,"date":"2026-01-09T11:47:24","date_gmt":"2026-01-09T10:47:24","guid":{"rendered":"https:\/\/lucacastelli.com\/prodotto\/peltor-ws-litecom-pro-iii-gb-gehoerschuetzer-mit-helmbefestigung\/"},"modified":"2026-02-27T13:46:27","modified_gmt":"2026-02-27T12:46:27","slug":"peltor-ws-litecom-pro-iii-gb-gehoerschuetzer-mit-helmbefestigung","status":"publish","type":"product","link":"https:\/\/lucacastelli.com\/de\/produkt\/peltor-ws-litecom-pro-iii-gb-gehoerschuetzer-mit-helmbefestigung\/","title":{"rendered":"Peltor WS LiteCom Pro III GB Geh\u00f6rsch\u00fctzer mit Helmbefestigung"},"content":{"rendered":"<p>Artikelinformationen<\/p>\n<p>Das Peltor WS LiteCom Pro III GB mit Helmhalterung ist eine Geh\u00f6rschutzkapsel mit analogen und digitalen Kommunikationsm\u00f6glichkeiten. Es nutzt das lizenzfreie Frequenzband PMR-446 mit einer Reichweite von bis zu 2 km und kann an \u00e4hnliche Funksysteme angeschlossen werden, ideal f\u00fcr die Kommunikation bei der Arbeit mit Kettens\u00e4gen. Du kannst aus 16 vorprogrammierten PMR- und DMR-Kan\u00e4len w\u00e4hlen oder dein eigenes Funkger\u00e4t programmieren. Zwei externe Mikrofone verbessern die Kommunikation in lauten Umgebungen und verst\u00e4rken leise T\u00f6ne. Das Peltor WS LiteCom Pro III GB kann \u00fcber Bluetooth mit bis zu zwei externen Ger\u00e4ten verbunden werden, so dass du am Arbeitsplatz Anrufe entgegennehmen und Musik h\u00f6ren kannst. Die VOX-Sprachsteuerung erm\u00f6glicht eine freih\u00e4ndige Kommunikation, w\u00e4hrend das wasserdichte Mikrofon Umgebungsger\u00e4usche unterdr\u00fcckt, um eine klare Kommunikation zu gew\u00e4hrleisten. Mit seiner 30 mm Passform passt das WS LiteCom Plus auf alle g\u00e4ngigen Peltor-Helme.      <\/p>\n<ul>\n<li>Am Helm montierte Geh\u00f6rschutzkapseln nach EN 352 mit vorprogrammierter analoger und digitaler Zwei-Wege-Funkverbindung<\/li>\n<li>Funkkommunikation im Frequenzband PMR 446 mit einer Reichweite von bis zu 2 km<\/li>\n<li>16 vorprogrammierte PMR- und DMR-Kan\u00e4le<\/li>\n<li>Programmierbar f\u00fcr den Betriebsfunk<\/li>\n<li>Hohe Sichtbarkeit dank neonfarbener Kapseln<\/li>\n<li>Externe Mikrofone zur Verst\u00e4rkung wichtiger Umgebungsger\u00e4usche<\/li>\n<li>Wasserdichtes Mikrofon mit Ger\u00e4uschunterdr\u00fcckung nach IP68<\/li>\n<li>VOX-Sprachbefehl<\/li>\n<li>Push-To-Listen-Funktion<\/li>\n<li>Benutzermen\u00fc mit Sprachauswahl<\/li>\n<li>Bluetooth-Technologie f\u00fcr die Kopplung von bis zu zwei Ger\u00e4ten<\/li>\n<li>Gro\u00dfe, leicht zu bedienende Steuerungstasten<\/li>\n<li>Buchse f\u00fcr den Anschluss externer Ger\u00e4te \u00fcber Kabel<\/li>\n<li>Geeignet f\u00fcr alle g\u00e4ngigen Peltor-Helme<\/li>\n<li>SNR-Wert 32 dB<\/li>\n<li>Akkulaufzeit bis zu 11 Stunden, Ladezeit ca. 4 Stunden<\/li>\n<li>Gewicht (inkl. Batterie) ca. 510 g<\/li>\n<\/ul>\n<p>Zum Lieferumfang geh\u00f6ren ein Hygiene-Kit und ein Lithium-Ionen-Akku (1800 mAh\/3,7 V\/6,7 Wh).<\/p>\n","protected":false},"excerpt":{"rendered":"<p>Artikelinformationen Das Peltor WS LiteCom Pro III GB mit Helmhalterung ist eine Geh\u00f6rschutzkapsel mit analogen und digitalen Kommunikationsm\u00f6glichkeiten. Es nutzt<\/p>\n","protected":false},"featured_media":683732,"template":"","meta":{"_seopress_robots_primary_cat":"none","_seopress_titles_title":"","_seopress_titles_desc":"","_seopress_robots_index":""},"product_brand":[4399],"product_cat":[33,537,822,815,211,212,817],"product_tag":[],"class_list":{"0":"post-683729","1":"product","2":"type-product","3":"status-publish","4":"has-post-thumbnail","6":"product_brand-peltor-3m","7":"product_cat-attrezzature","8":"product_cat-attrezzatura-da-lavoro","9":"product_cat-altro-attrezzatura-da-lavoro","10":"product_cat-caschi","11":"product_cat-attrezzatura-per-il-tempo-libero","12":"product_cat-altro","13":"product_cat-caschi-attrezzatura-per-il-tempo-libero","14":"sws-gruppo-abb-libero-de","15":"sws-conto-ricavi-merci-rivendita-abbigliamento-de","16":"sws-gruppo-iva-iva81-de","18":"first","19":"instock","20":"sale","21":"shipping-taxable","22":"purchasable","23":"product-type-simple"},"_links":{"self":[{"href":"https:\/\/lucacastelli.com\/de\/wp-json\/wp\/v2\/product\/683729","targetHints":{"allow":["GET"]}}],"collection":[{"href":"https:\/\/lucacastelli.com\/de\/wp-json\/wp\/v2\/product"}],"about":[{"href":"https:\/\/lucacastelli.com\/de\/wp-json\/wp\/v2\/types\/product"}],"wp:featuredmedia":[{"embeddable":true,"href":"https:\/\/lucacastelli.com\/de\/wp-json\/wp\/v2\/media\/683732"}],"wp:attachment":[{"href":"https:\/\/lucacastelli.com\/de\/wp-json\/wp\/v2\/media?parent=683729"}],"wp:term":[{"taxonomy":"product_brand","embeddable":true,"href":"https:\/\/lucacastelli.com\/de\/wp-json\/wp\/v2\/product_brand?post=683729"},{"taxonomy":"product_cat","embeddable":true,"href":"https:\/\/lucacastelli.com\/de\/wp-json\/wp\/v2\/product_cat?post=683729"},{"taxonomy":"product_tag","embeddable":true,"href":"https:\/\/lucacastelli.com\/de\/wp-json\/wp\/v2\/product_tag?post=683729"}],"curies":[{"name":"wp","href":"https:\/\/api.w.org\/{rel}","templated":true}]}}