{"id":683212,"date":"2026-01-08T15:50:23","date_gmt":"2026-01-08T14:50:23","guid":{"rendered":"https:\/\/lucacastelli.com\/?post_type=product&#038;p=683212"},"modified":"2026-01-09T11:54:54","modified_gmt":"2026-01-09T10:54:54","slug":"stihl-sonderstange-centennial-edition-light-01-1-4-11-mm-100-jahriges-jubilaum-stihl-stangenaufsatz-3005-copia-copia-copia-copia-copia-copia-copia-copia-2","status":"publish","type":"product","link":"https:\/\/lucacastelli.com\/de\/produkt\/stihl-sonderstange-centennial-edition-light-01-1-4-11-mm-100-jahriges-jubilaum-stihl-stangenaufsatz-3005-copia-copia-copia-copia-copia-copia-copia-copia-2\/","title":{"rendered":"STIHL Lichtleitstab 04 &#8211; K095 &#8211; 45 cm 325&#8243; P 1,3 mm"},"content":{"rendered":"<h2>STIHL Light 04, .325&#8243;, 1,3 mm F\u00fchrung: STIHL Qualit\u00e4t f\u00fcr Kettens\u00e4gen anderer Hersteller mit K095 F\u00fchrungsaufsatz<\/h2>\n<p>Mit der STIHL Light 04, .325&#8243;, 1,3 mm mit K095 Schienenaufsatz <b>kannst du auch mit einer Kettens\u00e4ge anderer Hersteller von den sp\u00fcrbaren Vorteilen einer STIHL Schiene profitieren<\/b>.<\/p>\n<p>Der STIHL Light 04, .325&#8243;, 1,3 mm mit K095 Schienenaufsatz wurde f\u00fcr <b>Profis in der Forst- und Landwirtschaft, im Garten- und Landschaftsbau sowie f\u00fcr<\/b> anspruchsvolle <b>private Anwendungen<\/b> entwickelt. Die STIHL Light 04 F\u00fchrungsschienen mit einer Teilung von 0,325&#8243; eignen sich zum <b>Beispiel f\u00fcr Arbeiten wie das F\u00e4llen und Beschneiden von B\u00e4umen, das Schneiden von Brennholz oder das Schneiden von Bauholz<\/b>. Dank ihres <b>geringen Gewichts<\/b> lassen sich auch anspruchsvolle Schneidarbeiten bequem durchf\u00fchren. Durch ihr geringes Gewicht und die <b>perfekte Balance<\/b> sind die STIHL Light 04 F\u00fchrungsschienen <b>leicht zu man\u00f6vrieren<\/b> und erm\u00f6glichen ein <b>besonders wendiges Arbeiten<\/b>.   <\/p>\n<p>F\u00fcr <b>zus\u00e4tzliche Robustheit und Langlebigkeit<\/b> ist das STIHL Light 04 Leitplankenumlenkrad mit 4 starken Nieten gesichert. Au\u00dferdem bietet das <b>geschlossene Sternlager<\/b> einen hohen Schutz gegen das Eindringen von Schmutz von au\u00dfen. Das STIHL F\u00fchrungsholm-Sternlager muss nicht von Hand geschmiert werden, was <b>die Wartung \u00fcberfl\u00fcssig macht<\/b>.  <\/p>\n<p>Die STIHL Light 04, .325&#8243;, 1,3 mm F\u00fchrungsschiene mit K095 Schienenaufsatz ist <b>f\u00fcr Kettens\u00e4gen mit einer Motorleistung von bis zu 3,0 kW<\/b> geeignet und <b>in den L\u00e4ngen 40 cm, 45 cm und 50 cm<\/b> erh\u00e4ltlich.<\/p>\n<p><b><strong>Die wichtigsten Vorteile* des STIHL Light 04 auf einen Blick:<\/strong><\/b><\/p>\n<ul>\n<li><b>50% l\u00e4ngere Lebensdauer:<\/b> dank verschlei\u00dffesterer Materialien und 4 Nieten an der Ritzelnase<\/li>\n<li><b>\u00dcberlegene Robustheit:<\/b> weniger anf\u00e4llig f\u00fcr Schmutz dank des gekapselten Sternlagers und des geschlossenen, gut gesch\u00fctzten Ritzelkopfes<\/li>\n<li><b>Wartungsfrei:<\/b> dank der unbegrenzten Lebensdauerschmierung am Zahnrad<\/li>\n<li><b>Hervorragende Steifigkeit:<\/b> bis zu 20% mehr Stabilit\u00e4t dank hochwertiger, verschlei\u00dffester Materialien<\/li>\n<li><b>Geringeres Gewicht:<\/b> bis zu 22% leichter dank gewichtsoptimierter Zwischenplatten<\/li>\n<\/ul>\n<p>* Vorteile gegen\u00fcber F\u00fchrungsschienen anderer Hersteller.<\/p>\n<p>Die STIHL Light 04, .325&#8243;, 1,3 mm F\u00fchrungsschiene mit Schienenaufsatz K095 <b>ist nicht kompatibel mit STIHL Kettens\u00e4gen<\/b>. Eine \u00dcbersicht \u00fcber die Kettens\u00e4gen anderer Hersteller, die mit STIHL Light 04 kompatibel sind, ist verf\u00fcgbar. <\/p>\n<p>&nbsp;<\/p>\n<table data-test-id=\"pdp-spec-tech-table\">\n<tbody>\n<tr>\n<td>Nutbreite<\/td>\n<td>1,3mm\/.050&#8243;<\/td>\n<\/tr>\n<tr>\n<td>Teilung Umlenkstern<\/td>\n<td>8,25mm\/.325&#8243;<\/td>\n<\/tr>\n<tr>\n<td>Schienenanschluss<\/td>\n<td>K095 <sup>1<!-- --><\/sup> )<\/td>\n<\/tr>\n<tr>\n<td>Z\u00e4hneanzahl Umlenkstern<\/td>\n<td>10<\/td>\n<\/tr>\n<tr>\n<td>Schienenl\u00e4nge<\/td>\n<td>40cm\/16&#8243; \/ 45cm\/18&#8243;<\/td>\n<\/tr>\n<tr>\n<td>Gewicht Schiene<\/td>\n<td>0.660 \/ 0.748 kg<\/td>\n<\/tr>\n<\/tbody>\n<\/table>\n","protected":false},"excerpt":{"rendered":"<p>STIHL Light 04, .325&#8243;, 1,3 mm F\u00fchrung: STIHL Qualit\u00e4t f\u00fcr Kettens\u00e4gen anderer Hersteller mit K095 F\u00fchrungsaufsatz Mit der STIHL Light<\/p>\n","protected":false},"featured_media":683204,"template":"","meta":{"_seopress_robots_primary_cat":"none","_seopress_titles_title":"","_seopress_titles_desc":"","_seopress_robots_index":""},"product_brand":[3554],"product_cat":[1618,1612,169],"product_tag":[],"class_list":{"0":"post-683212","1":"product","2":"type-product","3":"status-publish","4":"has-post-thumbnail","6":"product_brand-stihl-de","7":"product_cat-fuhrungsschienen","8":"product_cat-kettensagen","9":"product_cat-maschinen","10":"sws-gruppo-macchinari-de","11":"sws-conto-ricavi-merci-rivendita-macchinari-de","12":"sws-gruppo-iva-iva81-de","14":"first","15":"instock","16":"shipping-taxable","17":"purchasable","18":"product-type-simple"},"_links":{"self":[{"href":"https:\/\/lucacastelli.com\/de\/wp-json\/wp\/v2\/product\/683212","targetHints":{"allow":["GET"]}}],"collection":[{"href":"https:\/\/lucacastelli.com\/de\/wp-json\/wp\/v2\/product"}],"about":[{"href":"https:\/\/lucacastelli.com\/de\/wp-json\/wp\/v2\/types\/product"}],"wp:featuredmedia":[{"embeddable":true,"href":"https:\/\/lucacastelli.com\/de\/wp-json\/wp\/v2\/media\/683204"}],"wp:attachment":[{"href":"https:\/\/lucacastelli.com\/de\/wp-json\/wp\/v2\/media?parent=683212"}],"wp:term":[{"taxonomy":"product_brand","embeddable":true,"href":"https:\/\/lucacastelli.com\/de\/wp-json\/wp\/v2\/product_brand?post=683212"},{"taxonomy":"product_cat","embeddable":true,"href":"https:\/\/lucacastelli.com\/de\/wp-json\/wp\/v2\/product_cat?post=683212"},{"taxonomy":"product_tag","embeddable":true,"href":"https:\/\/lucacastelli.com\/de\/wp-json\/wp\/v2\/product_tag?post=683212"}],"curies":[{"name":"wp","href":"https:\/\/api.w.org\/{rel}","templated":true}]}}