{"id":683173,"date":"2026-01-05T14:52:49","date_gmt":"2026-01-05T13:52:49","guid":{"rendered":"https:\/\/lucacastelli.com\/prodotto\/stihl-schlegelmaeher\/"},"modified":"2026-01-05T14:52:49","modified_gmt":"2026-01-05T13:52:49","slug":"stihl-schlegelmaeher","status":"publish","type":"product","link":"https:\/\/lucacastelli.com\/de\/produkt\/stihl-schlegelmaeher\/","title":{"rendered":"STIHL Schlegelm\u00e4her"},"content":{"rendered":"<p>Ziehklinge f\u00fcr Kreiss\u00e4gen mit Furchenz\u00e4hnen.<\/p>\n","protected":false},"excerpt":{"rendered":"<p>Ziehklinge f\u00fcr Kreiss\u00e4gen mit Furchenz\u00e4hnen.<\/p>\n","protected":false},"featured_media":680612,"template":"","meta":{"_seopress_robots_primary_cat":"","_seopress_titles_title":"","_seopress_titles_desc":"","_seopress_robots_index":""},"product_brand":[3554],"product_cat":[169,1581,1582,1610],"product_tag":[],"class_list":{"0":"post-683173","1":"product","2":"type-product","3":"status-publish","4":"has-post-thumbnail","6":"product_brand-stihl-de","7":"product_cat-maschinen","8":"product_cat-freischneider-und-trimmer","9":"product_cat-zubehor-und-verbrauchsmaterial-de-3","10":"product_cat-motorsensen-und-trimmer","11":"sws-gruppo-macchinari-de","12":"sws-conto-ricavi-merci-rivendita-macchinari-de","13":"sws-gruppo-iva-iva81-de","15":"first","16":"instock","17":"shipping-taxable","18":"purchasable","19":"product-type-simple"},"_links":{"self":[{"href":"https:\/\/lucacastelli.com\/de\/wp-json\/wp\/v2\/product\/683173","targetHints":{"allow":["GET"]}}],"collection":[{"href":"https:\/\/lucacastelli.com\/de\/wp-json\/wp\/v2\/product"}],"about":[{"href":"https:\/\/lucacastelli.com\/de\/wp-json\/wp\/v2\/types\/product"}],"wp:featuredmedia":[{"embeddable":true,"href":"https:\/\/lucacastelli.com\/de\/wp-json\/wp\/v2\/media\/680612"}],"wp:attachment":[{"href":"https:\/\/lucacastelli.com\/de\/wp-json\/wp\/v2\/media?parent=683173"}],"wp:term":[{"taxonomy":"product_brand","embeddable":true,"href":"https:\/\/lucacastelli.com\/de\/wp-json\/wp\/v2\/product_brand?post=683173"},{"taxonomy":"product_cat","embeddable":true,"href":"https:\/\/lucacastelli.com\/de\/wp-json\/wp\/v2\/product_cat?post=683173"},{"taxonomy":"product_tag","embeddable":true,"href":"https:\/\/lucacastelli.com\/de\/wp-json\/wp\/v2\/product_tag?post=683173"}],"curies":[{"name":"wp","href":"https:\/\/api.w.org\/{rel}","templated":true}]}}