{"id":683123,"date":"2026-01-08T15:19:49","date_gmt":"2026-01-08T14:19:49","guid":{"rendered":"https:\/\/lucacastelli.com\/?post_type=product&#038;p=683123"},"modified":"2026-01-08T15:34:38","modified_gmt":"2026-01-08T14:34:38","slug":"stihl-sonderstange-centennial-edition-light-01-1-4-11-mm-100-jahriges-jubilaum-stihl-stangenaufsatz-3005-copia-copia-copia-copia","status":"publish","type":"product","link":"https:\/\/lucacastelli.com\/de\/produkt\/stihl-sonderstange-centennial-edition-light-01-1-4-11-mm-100-jahriges-jubilaum-stihl-stangenaufsatz-3005-copia-copia-copia-copia\/","title":{"rendered":"STIHL Sonderstange &#8220;Centennial Edition&#8221; Light 04, 325&#8243;, 1,6 mm, 40 cm 100-j\u00e4hriges Jubil\u00e4um STIHL, Stangenaufsatz 3003"},"content":{"rendered":"<h2>STIHL Light 04, .325&#8243;, 1,6 mm F\u00fchrung im STIHL 100-Jahre-Jubil\u00e4umsdesign: stabile, wartungsfreie Kettens\u00e4genf\u00fchrung<\/h2>\n<p>Der STIHL Light 04, .325&#8243;, 1,6 mm Lichtbalken, der anl\u00e4sslich des <b>hundertj\u00e4hrigen Bestehens von STIHL<\/b> angeboten wird, hat eine <b>spezielle, schlanke Form<\/b>, die die Schnittleistung verbessert und f\u00fcr ein <b>geringes Gewicht<\/b> sorgt. Das macht anstrengende Arbeiten bequemer und sorgt f\u00fcr mehr Kraft beim Schneiden. <\/p>\n<p>Die STIHL Light 04, .325&#8243;, 1,6 mm ist 200 g leichter als bisherige STIHL Schienen und tr\u00e4gt damit zu einem verbesserten Systemgewicht bei. Sie ist leicht zu man\u00f6vrieren und erm\u00f6glicht ein wendiges Arbeiten mit Kettens\u00e4gen wie der STIHL MS 261. So k\u00f6nnen Arbeiten wie das F\u00e4llen und Beschneiden von B\u00e4umen oder die Baumpflege mit unseren STIHL Kettens\u00e4gen schneller durchgef\u00fchrt werden. Das Kettens\u00e4gen-Schwert erreicht eine<b>hohe Schnittleistung bei geringem R\u00fcckschlag<\/b>. So sind auch durchdringende Schnitte mit dieser STIHL Schiene leichter m\u00f6glich.    <\/p>\n<p>&nbsp;<\/p>\n<p>&nbsp;<\/p>\n<p>&nbsp;<\/p>\n<table data-test-id=\"pdp-spec-tech-table\">\n<tbody>\n<tr>\n<td>Teilung Umlenkstern<\/td>\n<td>8,25mm\/.325&#8243;<\/td>\n<\/tr>\n<tr>\n<td>Nutbreite<\/td>\n<td>1,6mm\/.063&#8243;<\/td>\n<\/tr>\n<tr>\n<td>Schienenanschluss<\/td>\n<td>3003<\/td>\n<\/tr>\n<tr>\n<td>Z\u00e4hneanzahl Umlenkstern<\/td>\n<td>11<\/td>\n<\/tr>\n<tr>\n<td>Schienenl\u00e4nge<\/td>\n<td>40cm\/16&#8243;<\/td>\n<\/tr>\n<tr>\n<td>Gewicht Schiene<\/td>\n<td>0,782 kg<\/td>\n<\/tr>\n<\/tbody>\n<\/table>\n","protected":false},"excerpt":{"rendered":"<p>STIHL Light 04, .325&#8243;, 1,6 mm F\u00fchrung im STIHL 100-Jahre-Jubil\u00e4umsdesign: stabile, wartungsfreie Kettens\u00e4genf\u00fchrung Der STIHL Light 04, .325&#8243;, 1,6 mm<\/p>\n","protected":false},"featured_media":683132,"template":"","meta":{"_seopress_robots_primary_cat":"none","_seopress_titles_title":"","_seopress_titles_desc":"","_seopress_robots_index":""},"product_brand":[3554],"product_cat":[1618,1612,169],"product_tag":[],"class_list":{"0":"post-683123","1":"product","2":"type-product","3":"status-publish","4":"has-post-thumbnail","6":"product_brand-stihl-de","7":"product_cat-fuhrungsschienen","8":"product_cat-kettensagen","9":"product_cat-maschinen","10":"sws-gruppo-macchinari-de","11":"sws-conto-ricavi-merci-rivendita-macchinari-de","12":"sws-gruppo-iva-iva81-de","14":"first","15":"instock","16":"shipping-taxable","17":"purchasable","18":"product-type-simple"},"_links":{"self":[{"href":"https:\/\/lucacastelli.com\/de\/wp-json\/wp\/v2\/product\/683123","targetHints":{"allow":["GET"]}}],"collection":[{"href":"https:\/\/lucacastelli.com\/de\/wp-json\/wp\/v2\/product"}],"about":[{"href":"https:\/\/lucacastelli.com\/de\/wp-json\/wp\/v2\/types\/product"}],"wp:featuredmedia":[{"embeddable":true,"href":"https:\/\/lucacastelli.com\/de\/wp-json\/wp\/v2\/media\/683132"}],"wp:attachment":[{"href":"https:\/\/lucacastelli.com\/de\/wp-json\/wp\/v2\/media?parent=683123"}],"wp:term":[{"taxonomy":"product_brand","embeddable":true,"href":"https:\/\/lucacastelli.com\/de\/wp-json\/wp\/v2\/product_brand?post=683123"},{"taxonomy":"product_cat","embeddable":true,"href":"https:\/\/lucacastelli.com\/de\/wp-json\/wp\/v2\/product_cat?post=683123"},{"taxonomy":"product_tag","embeddable":true,"href":"https:\/\/lucacastelli.com\/de\/wp-json\/wp\/v2\/product_tag?post=683123"}],"curies":[{"name":"wp","href":"https:\/\/api.w.org\/{rel}","templated":true}]}}