{"id":683114,"date":"2026-01-08T15:14:21","date_gmt":"2026-01-08T14:14:21","guid":{"rendered":"https:\/\/lucacastelli.com\/?post_type=product&#038;p=683114"},"modified":"2026-01-08T15:34:35","modified_gmt":"2026-01-08T14:34:35","slug":"stihl-sonderstange-centennial-edition-light-01-1-4-11-mm-100-jahriges-jubilaum-stihl-stangenaufsatz-3005-copia-copia-copia","status":"publish","type":"product","link":"https:\/\/lucacastelli.com\/de\/produkt\/stihl-sonderstange-centennial-edition-light-01-1-4-11-mm-100-jahriges-jubilaum-stihl-stangenaufsatz-3005-copia-copia-copia\/","title":{"rendered":"STIHL Sonderstange &#8220;Centennial Edition&#8221; Light 04, 3\/8 P&#8221;, 1,1 mm, 35 cm 100-j\u00e4hriges Jubil\u00e4um STIHL, Stangenaufsatz 3005"},"content":{"rendered":"<h2>STIHL Light 04, 1,1 mm F\u00fchrung im STIHL 100-Jahre-Jubil\u00e4umsdesign: leichte und schlanke Bauweise mit hoher Stabilit\u00e4t und Haltbarkeit<\/h2>\n<p>Die STIHL Light 04, 1,1 mm F\u00fchrungsschiene, die hier anl\u00e4sslich des <b>100-j\u00e4hrigen Jubil\u00e4ums von STIHL<\/b> angeboten wird, hat eine <b>besonders schlanke Bauform<\/b>. Bei <b>professionellen Baumpflegearbeiten<\/b> und <b>anspruchsvollen privaten Eins\u00e4tzen<\/b> profitierst du vor allem von der<b>hohen Stabilit\u00e4t und Langlebigkeit<\/b> des F\u00fchrungsholms, die durch seine <b>4-Stern-Nieten<\/b> noch verst\u00e4rkt wird. So kannst du Arbeiten wie das<b>F\u00e4llen von kleinen B\u00e4umen und Baumschnittarbeiten<\/b> einfach und dauerhaft durchf\u00fchren.  <\/p>\n<p>Dank seines <b>geringen Gewichts<\/b> lassen sich auch anspruchsvolle Schneidarbeiten bequemer und mit mehr Kraft durchf\u00fchren. Dank seiner perfekten Balance ist der STIHL Light 04, 1,1 mm leicht zu man\u00f6vrieren und erm\u00f6glicht dir ein agiles Arbeiten. <\/p>\n<p>Die folgenden Kettens\u00e4gen mit 3\/8&#8243; STIHL Ketten sind geeignet:<\/p>\n<ul>\n<li>STIHL MS 180<\/li>\n<li><a href=\"https:\/\/www.stihl.de\/de\/p\/kettensaegen-motorsaegen-benzin-kettensaege-ms-182-145794\"><b>STIHL MS 182<\/b><\/a><\/li>\n<li><a href=\"https:\/\/www.stihl.de\/de\/p\/kettensaegen-motorsaegen-benzin-kettensaege-ms-201-43584\"><b>STIHL MS 201<\/b><\/a><\/li>\n<li>STIHL MS 211<\/li>\n<li><a href=\"https:\/\/www.stihl.de\/de\/p\/kettensaegen-motorsaegen-benzin-kettensaege-ms-212-145760\"><b>STIHL MS 212<\/b><\/a><\/li>\n<li><a href=\"https:\/\/www.stihl.de\/de\/p\/kettensaegen-motorsaegen-benzin-kettensaege-ms-231-1910\"><b>STIHL MS 231<\/b><\/a><\/li>\n<li>STIHL MS 241<\/li>\n<li><a href=\"https:\/\/www.stihl.de\/de\/p\/kettensaegen-motorsaegen-elektro-kettensaege-mse-170-2242\"><b>STIHL MSE 170<\/b><\/a><\/li>\n<li><a href=\"https:\/\/www.stihl.de\/de\/p\/kettensaegen-motorsaegen-elektro-kettensaege-mse-190-2246\"><b>STIHL MSE 190<\/b><\/a><\/li>\n<li>STIHL MSE 200<\/li>\n<li><a href=\"https:\/\/www.stihl.de\/de\/p\/kettensaegen-motorsaegen-elektro-kettensaege-mse-210-2253\"><b>STIHL MSE 210<\/b><\/a><\/li>\n<li><a href=\"https:\/\/www.stihl.de\/de\/p\/kettensaegen-motorsaegen-elektro-kettensaege-mse-230-2240\"><b>STIHL MSE 230<\/b><\/a><\/li>\n<li><a href=\"https:\/\/www.stihl.de\/de\/p\/kettensaegen-motorsaegen-akku-kettensaege-msa-220-ap-system-164147\"><b>STIHL MSA 220 C-B<\/b><\/a><\/li>\n<\/ul>\n<p>&nbsp;<\/p>\n<p>&nbsp;<\/p>\n<table data-test-id=\"pdp-spec-tech-table\">\n<tbody>\n<tr>\n<td>Teilung Umlenkstern<\/td>\n<td>9,32mm\/3\/8 &#8220;P<\/td>\n<\/tr>\n<tr>\n<td>Nutbreite<\/td>\n<td>1,1mm\/.043&#8243;<\/td>\n<\/tr>\n<tr>\n<td>Schienenanschluss<\/td>\n<td>3005<\/td>\n<\/tr>\n<tr>\n<td>Z\u00e4hneanzahl Umlenkstern<\/td>\n<td>9<\/td>\n<\/tr>\n<tr>\n<td>Schienenl\u00e4nge<\/td>\n<td>35cm\/14&#8243;<\/td>\n<\/tr>\n<tr>\n<td>Gewicht Schiene<\/td>\n<td>0.454 kg<\/td>\n<\/tr>\n<\/tbody>\n<\/table>\n","protected":false},"excerpt":{"rendered":"<p>STIHL Light 04, 1,1 mm F\u00fchrung im STIHL 100-Jahre-Jubil\u00e4umsdesign: leichte und schlanke Bauweise mit hoher Stabilit\u00e4t und Haltbarkeit Die STIHL<\/p>\n","protected":false},"featured_media":683119,"template":"","meta":{"_seopress_robots_primary_cat":"none","_seopress_titles_title":"","_seopress_titles_desc":"","_seopress_robots_index":""},"product_brand":[3554],"product_cat":[1618,1612,169],"product_tag":[],"class_list":{"0":"post-683114","1":"product","2":"type-product","3":"status-publish","4":"has-post-thumbnail","6":"product_brand-stihl-de","7":"product_cat-fuhrungsschienen","8":"product_cat-kettensagen","9":"product_cat-maschinen","10":"sws-gruppo-macchinari-de","11":"sws-conto-ricavi-merci-rivendita-macchinari-de","12":"sws-gruppo-iva-iva81-de","14":"first","15":"instock","16":"shipping-taxable","17":"purchasable","18":"product-type-simple"},"_links":{"self":[{"href":"https:\/\/lucacastelli.com\/de\/wp-json\/wp\/v2\/product\/683114","targetHints":{"allow":["GET"]}}],"collection":[{"href":"https:\/\/lucacastelli.com\/de\/wp-json\/wp\/v2\/product"}],"about":[{"href":"https:\/\/lucacastelli.com\/de\/wp-json\/wp\/v2\/types\/product"}],"wp:featuredmedia":[{"embeddable":true,"href":"https:\/\/lucacastelli.com\/de\/wp-json\/wp\/v2\/media\/683119"}],"wp:attachment":[{"href":"https:\/\/lucacastelli.com\/de\/wp-json\/wp\/v2\/media?parent=683114"}],"wp:term":[{"taxonomy":"product_brand","embeddable":true,"href":"https:\/\/lucacastelli.com\/de\/wp-json\/wp\/v2\/product_brand?post=683114"},{"taxonomy":"product_cat","embeddable":true,"href":"https:\/\/lucacastelli.com\/de\/wp-json\/wp\/v2\/product_cat?post=683114"},{"taxonomy":"product_tag","embeddable":true,"href":"https:\/\/lucacastelli.com\/de\/wp-json\/wp\/v2\/product_tag?post=683114"}],"curies":[{"name":"wp","href":"https:\/\/api.w.org\/{rel}","templated":true}]}}