{"id":683050,"date":"2026-01-05T15:33:01","date_gmt":"2026-01-05T14:33:01","guid":{"rendered":"https:\/\/lucacastelli.com\/prodotto\/stihl-sonderstange-centennial-edition-light-01-1-4-11-mm-100-jaehriges-jubilaeum-stihl-stangenaufsatz-3005\/"},"modified":"2026-01-05T15:33:01","modified_gmt":"2026-01-05T14:33:01","slug":"stihl-sonderstange-centennial-edition-light-01-1-4-11-mm-100-jaehriges-jubilaeum-stihl-stangenaufsatz-3005","status":"publish","type":"product","link":"https:\/\/lucacastelli.com\/de\/produkt\/stihl-sonderstange-centennial-edition-light-01-1-4-11-mm-100-jaehriges-jubilaeum-stihl-stangenaufsatz-3005\/","title":{"rendered":"STIHL Sonderstange &#8220;Centennial Edition&#8221; Light 01, 1\/4&#8243;, 1,1 mm, 100-j\u00e4hriges Jubil\u00e4um STIHL, Stangenaufsatz 3005"},"content":{"rendered":"<h2>STIHL Light 01, 1\/4&#8243; P, 1,1 mm im STIHL 100-Jahre-Jubil\u00e4umsdesign: besonders schmal und leicht<\/h2>\n<p>Diese STIHL Light 01, 1\/4&#8243; P, 1,1 mm ist eine besonders leichte und schmale F\u00fchrung, die anl\u00e4sslich des 100-j\u00e4hrigen Jubil\u00e4ums von STIHL angeboten wird. Es ist ideal f\u00fcr noch pr\u00e4ziseres und schnelleres Arbeiten mit deiner Kettens\u00e4ge. Mit diesem Kettens\u00e4genblatt kannst du z.B. B\u00e4ume beschneiden, Str\u00e4ucher schneiden, Brennholz hacken und kleine B\u00e4ume f\u00e4llen. Dank seiner <b>gr\u00f6\u00dferen Schnittleistung<\/b> musst du f\u00fcr all diese Aufgaben weniger Kraft aufwenden. Das STIHL Light 01, 1\/4&#8243; P, 1,1 mm ist mit der STIHL 1\/4&#8243; Picco Micro 3 Kette kompatibel.    <\/p>\n<p>&nbsp;<\/p>\n<p>&nbsp;<\/p>\n<table data-test-id=\"pdp-spec-tech-table\">\n<tbody>\n<tr>\n<td>Teilung Umlenkstern<\/td>\n<td>6,35mm\/1\/4 &#8220;P<\/td>\n<\/tr>\n<tr>\n<td>Nutbreite<\/td>\n<td>1,1mm\/.043&#8243;<\/td>\n<\/tr>\n<tr>\n<td>Schienenanschluss<\/td>\n<td>3005<\/td>\n<\/tr>\n<tr>\n<td>Z\u00e4hnezahl Umlenkstern<\/td>\n<td>8<\/td>\n<\/tr>\n<tr>\n<td>Schienenl\u00e4nge<\/td>\n<td>30cm\/12&#8243;<\/td>\n<\/tr>\n<\/tbody>\n<\/table>\n","protected":false},"excerpt":{"rendered":"<p>STIHL Light 01, 1\/4&#8243; P, 1,1 mm im STIHL 100-Jahre-Jubil\u00e4umsdesign: besonders schmal und leicht Diese STIHL Light 01, 1\/4&#8243; P,<\/p>\n","protected":false},"featured_media":680637,"template":"","meta":{"_seopress_robots_primary_cat":"none","_seopress_titles_title":"","_seopress_titles_desc":"","_seopress_robots_index":""},"product_brand":[3554],"product_cat":[1618,1612,169],"product_tag":[],"class_list":{"0":"post-683050","1":"product","2":"type-product","3":"status-publish","4":"has-post-thumbnail","6":"product_brand-stihl-de","7":"product_cat-fuhrungsschienen","8":"product_cat-kettensagen","9":"product_cat-maschinen","10":"sws-gruppo-macchinari-de","11":"sws-conto-ricavi-merci-rivendita-macchinari-de","12":"sws-gruppo-iva-iva81-de","14":"first","15":"instock","16":"shipping-taxable","17":"purchasable","18":"product-type-simple"},"_links":{"self":[{"href":"https:\/\/lucacastelli.com\/de\/wp-json\/wp\/v2\/product\/683050","targetHints":{"allow":["GET"]}}],"collection":[{"href":"https:\/\/lucacastelli.com\/de\/wp-json\/wp\/v2\/product"}],"about":[{"href":"https:\/\/lucacastelli.com\/de\/wp-json\/wp\/v2\/types\/product"}],"wp:featuredmedia":[{"embeddable":true,"href":"https:\/\/lucacastelli.com\/de\/wp-json\/wp\/v2\/media\/680637"}],"wp:attachment":[{"href":"https:\/\/lucacastelli.com\/de\/wp-json\/wp\/v2\/media?parent=683050"}],"wp:term":[{"taxonomy":"product_brand","embeddable":true,"href":"https:\/\/lucacastelli.com\/de\/wp-json\/wp\/v2\/product_brand?post=683050"},{"taxonomy":"product_cat","embeddable":true,"href":"https:\/\/lucacastelli.com\/de\/wp-json\/wp\/v2\/product_cat?post=683050"},{"taxonomy":"product_tag","embeddable":true,"href":"https:\/\/lucacastelli.com\/de\/wp-json\/wp\/v2\/product_tag?post=683050"}],"curies":[{"name":"wp","href":"https:\/\/api.w.org\/{rel}","templated":true}]}}