{"id":683038,"date":"2026-01-05T14:56:26","date_gmt":"2026-01-05T13:56:26","guid":{"rendered":"https:\/\/lucacastelli.com\/prodotto\/stihl-verschleissschutz\/"},"modified":"2026-01-05T14:56:26","modified_gmt":"2026-01-05T13:56:26","slug":"stihl-verschleissschutz","status":"publish","type":"product","link":"https:\/\/lucacastelli.com\/de\/produkt\/stihl-verschleissschutz\/","title":{"rendered":"STIHL Verschlei\u00dfschutz"},"content":{"rendered":"<h2>Verschlei\u00dfschutz: f\u00fcr mehr Haltbarkeit<\/h2>\n<p>Mit STIHL Verschlei\u00dfschutz f\u00fcr den <a href=\"https:\/\/www.stihl.de\/de\/ap\/maehkopf-durocut-20-2-107600\"><b>STIHL DuroCut 20-2 Schneidkopf<\/b><\/a> kannst du <b>diese Schneidk\u00f6pfe sch\u00fctzen<\/b>. Dank dieses Schutzes k\u00f6nnen sowohl <b>Profis als auch Privatanwender<\/b> verhindern, dass der Schneidkopf oder das Schneidwerkzeug durch den Kontakt mit festen Hindernissen wie Steinen, Beeteinfassungen oder Mauern schwer besch\u00e4digt werden. Der <b>robuste Kunststoffschutz<\/b> wird <b>direkt<\/b> als zus\u00e4tzliche Abdeckung mit 4 Schrauben angeschraubt.  <\/p>\n<p><b>Hinweis:<\/b> Die Schneidk\u00f6pfe d\u00fcrfen nur mit einem speziellen Schutz oder einem <a href=\"https:\/\/www.stihl.de\/de\/ap\/universalschutz-maehkoepf-metallwerkzeug-1615\"><b>STIHL Universalschutz f\u00fcr Schneidk\u00f6pfe und Metallwerkzeuge<\/b><\/a>.<\/p>\n","protected":false},"excerpt":{"rendered":"<p>Verschlei\u00dfschutz: f\u00fcr mehr Haltbarkeit Mit STIHL Verschlei\u00dfschutz f\u00fcr den STIHL DuroCut 20-2 Schneidkopf kannst du diese Schneidk\u00f6pfe sch\u00fctzen. Dank dieses<\/p>\n","protected":false},"featured_media":680616,"template":"","meta":{"_seopress_robots_primary_cat":"none","_seopress_titles_title":"","_seopress_titles_desc":"","_seopress_robots_index":""},"product_brand":[3554],"product_cat":[169,1455,1581,1582,1610],"product_tag":[],"class_list":{"0":"post-683038","1":"product","2":"type-product","3":"status-publish","4":"has-post-thumbnail","6":"product_brand-stihl-de","7":"product_cat-maschinen","8":"product_cat-zubehor-und-verbrauchsmaterial-de","9":"product_cat-freischneider-und-trimmer","10":"product_cat-zubehor-und-verbrauchsmaterial-de-3","11":"product_cat-motorsensen-und-trimmer","12":"sws-gruppo-macchinari-de","13":"sws-conto-ricavi-merci-rivendita-macchinari-de","14":"sws-gruppo-iva-iva81-de","16":"first","17":"instock","18":"shipping-taxable","19":"purchasable","20":"product-type-simple"},"_links":{"self":[{"href":"https:\/\/lucacastelli.com\/de\/wp-json\/wp\/v2\/product\/683038","targetHints":{"allow":["GET"]}}],"collection":[{"href":"https:\/\/lucacastelli.com\/de\/wp-json\/wp\/v2\/product"}],"about":[{"href":"https:\/\/lucacastelli.com\/de\/wp-json\/wp\/v2\/types\/product"}],"wp:featuredmedia":[{"embeddable":true,"href":"https:\/\/lucacastelli.com\/de\/wp-json\/wp\/v2\/media\/680616"}],"wp:attachment":[{"href":"https:\/\/lucacastelli.com\/de\/wp-json\/wp\/v2\/media?parent=683038"}],"wp:term":[{"taxonomy":"product_brand","embeddable":true,"href":"https:\/\/lucacastelli.com\/de\/wp-json\/wp\/v2\/product_brand?post=683038"},{"taxonomy":"product_cat","embeddable":true,"href":"https:\/\/lucacastelli.com\/de\/wp-json\/wp\/v2\/product_cat?post=683038"},{"taxonomy":"product_tag","embeddable":true,"href":"https:\/\/lucacastelli.com\/de\/wp-json\/wp\/v2\/product_tag?post=683038"}],"curies":[{"name":"wp","href":"https:\/\/api.w.org\/{rel}","templated":true}]}}