{"id":682930,"date":"2026-01-08T14:24:35","date_gmt":"2026-01-08T13:24:35","guid":{"rendered":"https:\/\/lucacastelli.com\/?post_type=product&#038;p=682930"},"modified":"2026-01-08T15:35:18","modified_gmt":"2026-01-08T14:35:18","slug":"stihl-rollomatic-e-3-8-11-d-63cm-copia-copia-copia-copia-copia-copia-copia-copia-copia-copia-copia-copia","status":"publish","type":"product","link":"https:\/\/lucacastelli.com\/de\/produkt\/stihl-rollomatic-e-3-8-11-d-63cm-copia-copia-copia-copia-copia-copia-copia-copia-copia-copia-copia-copia\/","title":{"rendered":"STIHL Rollomatic ES Light F\u00fchrungsstange 50 cm 3\/8 1,3 mm"},"content":{"rendered":"<h1><b>Stihl 3003 000 2221 ES Schiene f\u00fcr leichte Kettens\u00e4gen, 20&#8243;.<\/b><\/h1>\n<p>3\/8 .050 72DL<\/p>\n<p>Der STIHL ROLLOMATIC\u00ae ES Light F\u00fchrungsholm wiegt bis zu 30% weniger als der STIHL ROLLOMATIC\u00ae E Super F\u00fchrungsholm. Um das Gewicht zu reduzieren, werden lange Kan\u00e4le in die Mitte eines massiven F\u00fchrungsholms gefr\u00e4st und dann eine d\u00fcnne Stahlplatte desselben Typs mit einem speziellen Laserschwei\u00dfverfahren auf die Kan\u00e4le geschwei\u00dft. <\/p>\n<ul>\n<li>Original Stihl OEM Ersatzteil<\/li>\n<li>Das schmale Nasenst\u00fcck hilft, R\u00fcckschl\u00e4ge zu reduzieren<\/li>\n<li>Die Kettenradnase kann mehrmals ausgetauscht werden, was die Lebensdauer der Stange erh\u00f6ht<\/li>\n<li>20&#8243; Kettens\u00e4gen-Schiene; 3\/8&#8243; Teilung; 0,050er Spurweite; 72 \u00dcbertragungsglieder<\/li>\n<\/ul>\n<p>F\u00fcr Modelle: MS 400, MS 462, MS 500i, MS 661<\/p>\n","protected":false},"excerpt":{"rendered":"<p>Rollomatic E, 3\/8&#8243;, 11 d, 63cm<\/p>\n","protected":false},"featured_media":683019,"template":"","meta":{"_seopress_robots_primary_cat":"none","_seopress_titles_title":"","_seopress_titles_desc":"","_seopress_robots_index":""},"product_brand":[3554],"product_cat":[1618,1612,169],"product_tag":[3266],"class_list":{"0":"post-682930","1":"product","2":"type-product","3":"status-publish","4":"has-post-thumbnail","6":"product_brand-stihl-de","7":"product_cat-fuhrungsschienen","8":"product_cat-kettensagen","9":"product_cat-maschinen","10":"product_tag-import-stihl-de","11":"sws-gruppo-macchinari-de","12":"sws-conto-ricavi-merci-rivendita-macchinari-de","13":"sws-gruppo-iva-iva81-de","15":"first","16":"onbackorder","17":"purchasable","18":"product-type-simple"},"_links":{"self":[{"href":"https:\/\/lucacastelli.com\/de\/wp-json\/wp\/v2\/product\/682930","targetHints":{"allow":["GET"]}}],"collection":[{"href":"https:\/\/lucacastelli.com\/de\/wp-json\/wp\/v2\/product"}],"about":[{"href":"https:\/\/lucacastelli.com\/de\/wp-json\/wp\/v2\/types\/product"}],"wp:featuredmedia":[{"embeddable":true,"href":"https:\/\/lucacastelli.com\/de\/wp-json\/wp\/v2\/media\/683019"}],"wp:attachment":[{"href":"https:\/\/lucacastelli.com\/de\/wp-json\/wp\/v2\/media?parent=682930"}],"wp:term":[{"taxonomy":"product_brand","embeddable":true,"href":"https:\/\/lucacastelli.com\/de\/wp-json\/wp\/v2\/product_brand?post=682930"},{"taxonomy":"product_cat","embeddable":true,"href":"https:\/\/lucacastelli.com\/de\/wp-json\/wp\/v2\/product_cat?post=682930"},{"taxonomy":"product_tag","embeddable":true,"href":"https:\/\/lucacastelli.com\/de\/wp-json\/wp\/v2\/product_tag?post=682930"}],"curies":[{"name":"wp","href":"https:\/\/api.w.org\/{rel}","templated":true}]}}