{"id":682861,"date":"2026-01-08T13:44:34","date_gmt":"2026-01-08T12:44:34","guid":{"rendered":"https:\/\/lucacastelli.com\/?post_type=product&#038;p=682861"},"modified":"2026-01-08T14:39:29","modified_gmt":"2026-01-08T13:39:29","slug":"stihl-rollomatic-e-3-8-11-d-63cm-copia-copia-copia-copia-copia","status":"publish","type":"product","link":"https:\/\/lucacastelli.com\/de\/produkt\/stihl-rollomatic-e-3-8-11-d-63cm-copia-copia-copia-copia-copia\/","title":{"rendered":"STIHL Light Bar 04, Teilung 1,3 mm 35 cm"},"content":{"rendered":"<h2 class=\"product-details__title\">Gro\u00dfe Stabilit\u00e4t, g\u00fcnstiges Gewicht<\/h2>\n<div class=\"product-details__description richtexteditor\">\n<p>Standardausf\u00fchrung der Stange mit hervorragender Schnittleistung und begrenzter R\u00fcckprallneigung. Haupteinsatzgebiete: Forstwirtschaft, Landwirtschaft, Bauwesen, Hobby- und Gelegenheitsnutzer. Der Stangenk\u00f6rper besteht aus drei geschwei\u00dften Metallplatten. Die mittlere Platte ist stark &#8220;versetzt&#8221;. Gro\u00dfe Stabilit\u00e4t und sehr g\u00fcnstiges Gewicht. Die Kette l\u00e4uft auf einem Umlenkstern, der sich auf robusten Lagern dreht, die austauschbar und schmierungsfrei sind.     <\/p>\n<\/div>\n<p>L\u00e4nge 35 cm<\/p>\n<p>&nbsp;<\/p>\n<p>&nbsp;<\/p>\n<p>&nbsp;<\/p>\n<p>&nbsp;<\/p>\n<table data-test-id=\"pdp-spec-tech-table\">\n<tbody>\n<tr>\n<td>Ablenksternteilung<\/td>\n<td>9,32mm\/3\/8 &#8220;P<\/td>\n<\/tr>\n<tr>\n<td>Rillenbreite<\/td>\n<td>1,3mm\/.050&#8243;<\/td>\n<\/tr>\n<tr>\n<td>Anschluss der F\u00fchrungsstange<\/td>\n<td>3005 \/ 3003<\/td>\n<\/tr>\n<tr>\n<td>Anzahl der Losradz\u00e4hne<\/td>\n<td>9<\/td>\n<\/tr>\n<tr>\n<td>L\u00e4nge der Stange<\/td>\n<td>30cm\/12&#8243; \/ 35cm\/14&#8243; \/ 40cm\/16&#8243; \/ 45cm\/18&#8243; \/ 32cm\/13&#8243;<\/td>\n<\/tr>\n<tr>\n<td>Stababstand<\/td>\n<td>0,436 \/ 0,518 \/ 0,591 \/ 0,674 \/ 0,525 \/ 0,672 \/ 0,767 kg<\/td>\n<\/tr>\n<\/tbody>\n<\/table>\n","protected":false},"excerpt":{"rendered":"<p>Rollomatic E, 3\/8&#8243;, 11 d, 63cm<\/p>\n","protected":false},"featured_media":682834,"template":"","meta":{"_seopress_robots_primary_cat":"none","_seopress_titles_title":"","_seopress_titles_desc":"","_seopress_robots_index":""},"product_brand":[3554],"product_cat":[1618,1612,169],"product_tag":[3266],"class_list":{"0":"post-682861","1":"product","2":"type-product","3":"status-publish","4":"has-post-thumbnail","6":"product_brand-stihl-de","7":"product_cat-fuhrungsschienen","8":"product_cat-kettensagen","9":"product_cat-maschinen","10":"product_tag-import-stihl-de","11":"sws-gruppo-macchinari-de","12":"sws-conto-ricavi-merci-rivendita-macchinari-de","13":"sws-gruppo-iva-iva81-de","15":"first","16":"onbackorder","17":"purchasable","18":"product-type-simple"},"_links":{"self":[{"href":"https:\/\/lucacastelli.com\/de\/wp-json\/wp\/v2\/product\/682861","targetHints":{"allow":["GET"]}}],"collection":[{"href":"https:\/\/lucacastelli.com\/de\/wp-json\/wp\/v2\/product"}],"about":[{"href":"https:\/\/lucacastelli.com\/de\/wp-json\/wp\/v2\/types\/product"}],"wp:featuredmedia":[{"embeddable":true,"href":"https:\/\/lucacastelli.com\/de\/wp-json\/wp\/v2\/media\/682834"}],"wp:attachment":[{"href":"https:\/\/lucacastelli.com\/de\/wp-json\/wp\/v2\/media?parent=682861"}],"wp:term":[{"taxonomy":"product_brand","embeddable":true,"href":"https:\/\/lucacastelli.com\/de\/wp-json\/wp\/v2\/product_brand?post=682861"},{"taxonomy":"product_cat","embeddable":true,"href":"https:\/\/lucacastelli.com\/de\/wp-json\/wp\/v2\/product_cat?post=682861"},{"taxonomy":"product_tag","embeddable":true,"href":"https:\/\/lucacastelli.com\/de\/wp-json\/wp\/v2\/product_tag?post=682861"}],"curies":[{"name":"wp","href":"https:\/\/api.w.org\/{rel}","templated":true}]}}