{"id":682662,"date":"2026-01-08T11:32:58","date_gmt":"2026-01-08T10:32:58","guid":{"rendered":"https:\/\/lucacastelli.com\/?post_type=product&#038;p=682662"},"modified":"2026-01-08T14:38:07","modified_gmt":"2026-01-08T13:38:07","slug":"stihl-rollomatic-e-3-8-11-d-63cm-copia-copia-copia","status":"publish","type":"product","link":"https:\/\/lucacastelli.com\/de\/produkt\/stihl-rollomatic-e-3-8-11-d-63cm-copia-copia-copia\/","title":{"rendered":"STIHL Light 04, 3\/8&#8243;, 1,3 mm, Schienenanschluss 3003"},"content":{"rendered":"<h2>STIHL Light 04, 3\/8&#8243; P, 1,3 mm: leichte Kettens\u00e4genf\u00fchrung f\u00fcr anspruchsvolle Profis<\/h2>\n<p>Mit der STIHL Light 04 Normschiene, 3\/8&#8243; P, 1,3 mm bist du als <b>Profi sowohl f\u00fcr Arbeiten in der Bodenpflege als auch in der Land- und Gartenwirtschaft<\/b> optimal ausger\u00fcstet. Du wirst von dem <b>geringen Gewicht und der hohen Stabilit\u00e4t<\/b> profitieren. Das erleichtert dir die Arbeit bei anspruchsvollen Aufgaben wie dem F\u00e4llen und Beschneiden von B\u00e4umen, dem Schneiden von Brennholz usw. <a href=\"https:\/\/www.stihl.de\/de\/ratgeber-projekte\/arbeitstechnik-geraetepflege\/kettensaege-tipps\/brennholz-saegen\"><b>Brennholz schneiden<\/b><\/a> oder das Schneiden von Bauholz. Mit der STIHL Light 04, 3\/8&#8243; P, 1,3 mm F\u00fchrungsschiene kannst du dank der leichten Materialien pr\u00e4zise und stabil arbeiten. Die <b>r\u00fcckschlagsichere Konstruktion<\/b> des Kettens\u00e4genblatts sorgt f\u00fcr Komfort und Effizienz beim Arbeiten mit der <a href=\"https:\/\/www.stihl.de\/de\/p\/kettensaegen-motorsaegen-ms-241-1902#c-m-1902\"><b>STIHL MS 241<\/b><\/a>.    <\/p>\n<p>Der STIHL Deichselk\u00f6rper besteht aus 3 elektrisch geschwei\u00dften Metallplatten, mit einem gro\u00dfen Spalt in der Mitte. Das gekapselte Lager im Umlenkrad erm\u00f6glicht einen <b>wartungsfreien Betrieb<\/b>. <\/p>\n<p>&nbsp;<\/p>\n<p>&nbsp;<\/p>\n<p>&nbsp;<\/p>\n<table data-test-id=\"pdp-spec-tech-table\">\n<tbody>\n<tr>\n<td>Teilung Umlenkstern<\/td>\n<td>9,32mm\/3\/8 &#8220;P<\/td>\n<\/tr>\n<tr>\n<td>Nutbreite<\/td>\n<td>1,3mm\/.050&#8243;<\/td>\n<\/tr>\n<tr>\n<td>Schienenanschluss<\/td>\n<td>3005<\/td>\n<\/tr>\n<tr>\n<td>Z\u00e4hneanzahl Umlenkstern<\/td>\n<td>9<\/td>\n<\/tr>\n<tr>\n<td>Schienenl\u00e4nge<\/td>\n<td>30cm\/12&#8243; \/ 35cm\/14&#8243; \/ 40cm\/16&#8243;<\/td>\n<\/tr>\n<tr>\n<td>Gewicht Schiene<\/td>\n<td>0,436 \/ 0,518 \/ 0,591 kg<\/td>\n<\/tr>\n<\/tbody>\n<\/table>\n","protected":false},"excerpt":{"rendered":"<p>Rollomatic E, 3\/8&#8243;, 11 d, 63cm<\/p>\n","protected":false},"featured_media":682669,"template":"","meta":{"_seopress_robots_primary_cat":"none","_seopress_titles_title":"","_seopress_titles_desc":"","_seopress_robots_index":""},"product_brand":[3366],"product_cat":[29,268,524],"product_tag":[3265],"class_list":{"0":"post-682662","1":"product","2":"type-product","3":"status-publish","4":"has-post-thumbnail","6":"product_brand-stihl","7":"product_cat-macchinari","8":"product_cat-motoseghe","9":"product_cat-spranghe-guida","10":"product_tag-import-stihl","11":"sws-gruppo-macchinari-de","12":"sws-conto-ricavi-merci-rivendita-macchinari-de","13":"sws-gruppo-iva-iva81-de","15":"first","16":"onbackorder","17":"purchasable","18":"product-type-simple"},"_links":{"self":[{"href":"https:\/\/lucacastelli.com\/de\/wp-json\/wp\/v2\/product\/682662","targetHints":{"allow":["GET"]}}],"collection":[{"href":"https:\/\/lucacastelli.com\/de\/wp-json\/wp\/v2\/product"}],"about":[{"href":"https:\/\/lucacastelli.com\/de\/wp-json\/wp\/v2\/types\/product"}],"wp:featuredmedia":[{"embeddable":true,"href":"https:\/\/lucacastelli.com\/de\/wp-json\/wp\/v2\/media\/682669"}],"wp:attachment":[{"href":"https:\/\/lucacastelli.com\/de\/wp-json\/wp\/v2\/media?parent=682662"}],"wp:term":[{"taxonomy":"product_brand","embeddable":true,"href":"https:\/\/lucacastelli.com\/de\/wp-json\/wp\/v2\/product_brand?post=682662"},{"taxonomy":"product_cat","embeddable":true,"href":"https:\/\/lucacastelli.com\/de\/wp-json\/wp\/v2\/product_cat?post=682662"},{"taxonomy":"product_tag","embeddable":true,"href":"https:\/\/lucacastelli.com\/de\/wp-json\/wp\/v2\/product_tag?post=682662"}],"curies":[{"name":"wp","href":"https:\/\/api.w.org\/{rel}","templated":true}]}}