{"id":682648,"date":"2026-01-08T11:08:27","date_gmt":"2026-01-08T10:08:27","guid":{"rendered":"https:\/\/lucacastelli.com\/?post_type=product&#038;p=682648"},"modified":"2026-01-08T14:38:47","modified_gmt":"2026-01-08T13:38:47","slug":"stihl-rollomatic-e-3-8-11-d-63cm-copia-copia","status":"publish","type":"product","link":"https:\/\/lucacastelli.com\/de\/produkt\/stihl-rollomatic-e-3-8-11-d-63cm-copia-copia\/","title":{"rendered":"STIHL Light S Carving Kettenf\u00fchrung f\u00fcr GTA 30 und GTA 40 &#8211; 1\/4&#8243; P &#8211; 1,1 mm &#8211; 15 cm"},"content":{"rendered":"<p>Speziell f\u00fcr Holzschnitzarbeiten (Carving) entwickelt, ist die gesch\u00e4rfte Kettenf\u00fchrung STIHL Light S perfekt geeignet <a href=\"https:\/\/www.kingvert.fr\/produit\/scie-de-jardin-a-batterie-stihl-gta-40-pack-2-batteries-stihl\/31514\"><b>f\u00fcr die STIHL Akku-Baums\u00e4ge GTA 40<\/b><\/a> e <a href=\"https:\/\/www.kingvert.fr\/produit\/scie-de-jardin-a-batterie-stihl-gta-30-pack-complet-stihl\/33444\"><b>die Akku-Baums\u00e4ge STIHL GTA 30<\/b><\/a>. Dank ihres scharfen Designs bietet sie eine hervorragende Schnittpr\u00e4zision, auch in engen Bereichen oder bei komplexen Formen. <\/p>\n<p>Mit einer L\u00e4nge von 15 cm, einer Kettenteilung von 1\/4&#8243; P und einer d\u00fcnnen Lehre von 1,1 mm ist diese Kettenf\u00fchrung kompatibel mit der <a href=\"https:\/\/www.kingvert.fr\/produit\/chaine-picco-micro-3-14-p-11-mm-15-cm-pour-gta-40-stihl\/31710\"><b>STIHL 1\/4&#8243; PM3 Kettens\u00e4genkette<\/b><\/a>die f\u00fcr ihre geringe Schnittst\u00e4rke und Leistung bekannt ist. Sie erm\u00f6glicht sauberes, schnelles und pr\u00e4zises Arbeiten, egal ob bei Kunstwerken, Pr\u00e4zisionsschnitzarbeiten, detailliertem Baumschnitt oder bodennahem Schneiden. <\/p>\n<p>Die robuste und leichte Light S-Schiene vereint Wendigkeit und Langlebigkeit und bietet viel Bewegungsfreiheit f\u00fcr anspruchsvolle Benutzer beim Schnitzen, Pr\u00e4zisions-Landschaftsbau oder der Holzbearbeitung.<\/p>\n<p><b>L\u00e4nge der F\u00fchrung: <\/b>15 cm<\/p>\n<p><b>Teilung: <\/b>1\/4&#8243; P<\/p>\n<p><b>Dicke: <\/b>1,1 mm<\/p>\n<p><b>Typ: <\/b>Licht S<\/p>\n","protected":false},"excerpt":{"rendered":"<p>Rollomatic E, 3\/8&#8243;, 11 d, 63cm<\/p>\n","protected":false},"featured_media":682657,"template":"","meta":{"_seopress_robots_primary_cat":"none","_seopress_titles_title":"","_seopress_titles_desc":"","_seopress_robots_index":""},"product_brand":[3554],"product_cat":[1618,1612,169],"product_tag":[3266],"class_list":{"0":"post-682648","1":"product","2":"type-product","3":"status-publish","4":"has-post-thumbnail","6":"product_brand-stihl-de","7":"product_cat-fuhrungsschienen","8":"product_cat-kettensagen","9":"product_cat-maschinen","10":"product_tag-import-stihl-de","11":"sws-gruppo-macchinari-de","12":"sws-conto-ricavi-merci-rivendita-macchinari-de","13":"sws-gruppo-iva-iva81-de","15":"first","16":"onbackorder","17":"purchasable","18":"product-type-simple"},"_links":{"self":[{"href":"https:\/\/lucacastelli.com\/de\/wp-json\/wp\/v2\/product\/682648","targetHints":{"allow":["GET"]}}],"collection":[{"href":"https:\/\/lucacastelli.com\/de\/wp-json\/wp\/v2\/product"}],"about":[{"href":"https:\/\/lucacastelli.com\/de\/wp-json\/wp\/v2\/types\/product"}],"wp:featuredmedia":[{"embeddable":true,"href":"https:\/\/lucacastelli.com\/de\/wp-json\/wp\/v2\/media\/682657"}],"wp:attachment":[{"href":"https:\/\/lucacastelli.com\/de\/wp-json\/wp\/v2\/media?parent=682648"}],"wp:term":[{"taxonomy":"product_brand","embeddable":true,"href":"https:\/\/lucacastelli.com\/de\/wp-json\/wp\/v2\/product_brand?post=682648"},{"taxonomy":"product_cat","embeddable":true,"href":"https:\/\/lucacastelli.com\/de\/wp-json\/wp\/v2\/product_cat?post=682648"},{"taxonomy":"product_tag","embeddable":true,"href":"https:\/\/lucacastelli.com\/de\/wp-json\/wp\/v2\/product_tag?post=682648"}],"curies":[{"name":"wp","href":"https:\/\/api.w.org\/{rel}","templated":true}]}}