{"id":682622,"date":"2026-01-08T10:45:13","date_gmt":"2026-01-08T09:45:13","guid":{"rendered":"https:\/\/lucacastelli.com\/?post_type=product&#038;p=682622"},"modified":"2026-01-08T14:38:52","modified_gmt":"2026-01-08T13:38:52","slug":"stihl-rollomatic-e-3-8-11-d-63cm-copia","status":"publish","type":"product","link":"https:\/\/lucacastelli.com\/de\/produkt\/stihl-rollomatic-e-3-8-11-d-63cm-copia\/","title":{"rendered":"STIHL Light 01, 1\/4 &#8220;P, 1,1 mm, 3008 f\u00fcr GTA 30 und GTA 40"},"content":{"rendered":"<p>Guide Light 01 f\u00fcr GTA 30 und GTA 40: robuster und leichter Guide f\u00fcr den professionellen Einsatz<\/p>\n<p>Die STIHL Light 01 F\u00fchrungsschiene ist eine robuste und leichte Schiene f\u00fcr die Akku-Freischneider STIHL GTA 30 und STIHL GTA 40. Sie ist ideal f\u00fcr die Baum- und Strauchpflege, den professionellen Garten- und Landschaftsbau sowie f\u00fcr die Bearbeitung von Holz und holz\u00e4hnlichen Materialien auf Baustellen. <\/p>\n<p>Die 15 cm lange, leichte und sehr stabile F\u00fchrungsschiene hat eine Rillenbreite von 1,1 mm. Sie ist mit der STIHL 1\/4&#8243;-PM3 Kette kompatibel und erm\u00f6glicht effiziente und schnelle Schneidarbeiten in Bodenn\u00e4he. Das Umlenkrad garantiert einen reibungsarmen Kettenbetrieb, w\u00e4hrend das geschlossene Umlenkradlager vor dem Eindringen von Schmutz sch\u00fctzt und f\u00fcr eine lange Lebensdauer sorgt. Der Niet am Umlenkradlager sorgt f\u00fcr eine l\u00e4ngere Lebensdauer der Schiene.  <\/p>\n<p>&nbsp;<\/p>\n<table data-test-id=\"pdp-spec-tech-table\">\n<tbody>\n<tr>\n<td>Nutbreite<\/td>\n<td>1,1mm\/.043&#8243;<\/td>\n<\/tr>\n<tr>\n<td>Schienenanschluss<\/td>\n<td>3008<\/td>\n<\/tr>\n<tr>\n<td>Schienenl\u00e4nge<\/td>\n<td>15cm\/6&#8243; \/ 20cm\/8&#8243;<\/td>\n<\/tr>\n<tr>\n<td>Gewicht Schiene<\/td>\n<td>0.130 kg<\/td>\n<\/tr>\n<\/tbody>\n<\/table>\n","protected":false},"excerpt":{"rendered":"<p>Rollomatic E, 3\/8&#8243;, 11 d, 63cm<\/p>\n","protected":false},"featured_media":682631,"template":"","meta":{"_seopress_robots_primary_cat":"none","_seopress_titles_title":"","_seopress_titles_desc":"","_seopress_robots_index":""},"product_brand":[3554],"product_cat":[1618,1612,169],"product_tag":[3266],"class_list":{"0":"post-682622","1":"product","2":"type-product","3":"status-publish","4":"has-post-thumbnail","6":"product_brand-stihl-de","7":"product_cat-fuhrungsschienen","8":"product_cat-kettensagen","9":"product_cat-maschinen","10":"product_tag-import-stihl-de","11":"sws-gruppo-macchinari-de","12":"sws-conto-ricavi-merci-rivendita-macchinari-de","13":"sws-gruppo-iva-iva81-de","15":"first","16":"onbackorder","17":"purchasable","18":"product-type-simple"},"_links":{"self":[{"href":"https:\/\/lucacastelli.com\/de\/wp-json\/wp\/v2\/product\/682622","targetHints":{"allow":["GET"]}}],"collection":[{"href":"https:\/\/lucacastelli.com\/de\/wp-json\/wp\/v2\/product"}],"about":[{"href":"https:\/\/lucacastelli.com\/de\/wp-json\/wp\/v2\/types\/product"}],"wp:featuredmedia":[{"embeddable":true,"href":"https:\/\/lucacastelli.com\/de\/wp-json\/wp\/v2\/media\/682631"}],"wp:attachment":[{"href":"https:\/\/lucacastelli.com\/de\/wp-json\/wp\/v2\/media?parent=682622"}],"wp:term":[{"taxonomy":"product_brand","embeddable":true,"href":"https:\/\/lucacastelli.com\/de\/wp-json\/wp\/v2\/product_brand?post=682622"},{"taxonomy":"product_cat","embeddable":true,"href":"https:\/\/lucacastelli.com\/de\/wp-json\/wp\/v2\/product_cat?post=682622"},{"taxonomy":"product_tag","embeddable":true,"href":"https:\/\/lucacastelli.com\/de\/wp-json\/wp\/v2\/product_tag?post=682622"}],"curies":[{"name":"wp","href":"https:\/\/api.w.org\/{rel}","templated":true}]}}