{"id":680587,"date":"2026-01-05T14:27:28","date_gmt":"2026-01-05T13:27:28","guid":{"rendered":"https:\/\/lucacastelli.com\/prodotto\/stihl-tasche-fuer-motorsaege-timbersports-edition\/"},"modified":"2026-01-05T14:27:28","modified_gmt":"2026-01-05T13:27:28","slug":"stihl-tasche-fuer-motorsaege-timbersports-edition","status":"publish","type":"product","link":"https:\/\/lucacastelli.com\/de\/produkt\/stihl-tasche-fuer-motorsaege-timbersports-edition\/","title":{"rendered":"STIHL Tasche f\u00fcr Motors\u00e4ge TIMBERSPORTS\u00ae Edition"},"content":{"rendered":"<h2>Tasche f\u00fcr Motors\u00e4ge TIMBERSPORTS\u00ae Edition: zur sicheren Aufbewahrung und zum Transport Ihrer Motors\u00e4ge mit Zubeh\u00f6r<\/h2>\n<p>F\u00fcr Fans von STIHL TIMBERSPORTS\u00ae ist die STIHL Tasche f\u00fcr Motors\u00e4ge TIMBERSPORTS\u00ae Edition die ideale Transporttasche f\u00fcr Ihre STIHL Motors\u00e4ge, wie z.B. die <a href=\"https:\/\/www.stihl.de\/de\/p\/kettensaegen-motorsaegen-benzin-kettensaege-ms-462-79876\"><b>STIHL MS 462 C-M<\/b><\/a>. Beim Transport oder der <a href=\"https:\/\/www.stihl.de\/de\/ratgeber-projekte\/arbeitstechnik-geraetepflege\/kettensaege-tipps\/motorsaegen-aufbewahrung\"><b>Aufbewahrung der Motors\u00e4ge<\/b><\/a> sch\u00fctzt die Tasche die Motors\u00e4ge <b>vor Witterungseinfl\u00fcssen, Schmutz und Staub und verhindert gleichzeitig, dass die Umgebung, wie z.B. das Auto oder die Garage, durch Sp\u00e4ne oder \u00d6lreste verschmutzt wird.<\/b> Gleichzeitig bietet sie flexiblen Stauraum <b>f\u00fcr weiteres Zubeh\u00f6r<\/b>. Kleinteile k\u00f6nnen Sie \u00fcbersichtlich in folgenden integrierten Taschen verstauen:  <\/p>\n<p>&#8211; 2 Taschen f\u00fcr Akkus des <a href=\"https:\/\/www.stihl.de\/de\/technologie\/akku-technologie\/ap-system\"><b>STIHL AP-Systems<\/b><\/a> oder des <a href=\"https:\/\/www.stihl.de\/de\/technologie\/akku-technologie\/ak-system\"><b>STIHL AK-Systems<\/b><\/a><\/p>\n<p>&#8211; 1 Tasche f\u00fcr ein STIHL Ladeger\u00e4t, z. B. das <a href=\"https:\/\/www.stihl.de\/de\/p\/lademanagement-schnellladegeraet-al-301-135029#schnellladegeraet-al-301-135029\"><b>STIHL Ladeger\u00e4t AL 301<\/b><\/a><\/p>\n<p>&#8211; 1 Tasche mit Klettverschluss, z. B. f\u00fcr eine <a href=\"https:\/\/www.stihl.de\/de\/ac\/kettensaegen-zubehoer-motorsaegenzubehoer-98285?sub=98283\"><b>STIHL S\u00e4gekette<\/b><\/a>, Kombischl\u00fcssel oder anderes kompatibles <b>STIHL Zubeh\u00f6r<\/b><\/p>\n<p>&#8211; 2 weitere Taschen, z. B. f\u00fcr STIHL Keile, Handschuhe, <a href=\"https:\/\/www.stihl.de\/de\/p\/aexte-beiler-haemmer-forstwerkzeug-markerspray-eco-1578#marker-spray-eco-1578\"><b>STIHL Markierspray ECO<\/b><\/a>.<\/p>\n<p>Eine integrierte Bodenplatte sorgt f\u00fcr Stabilit\u00e4t der Falttasche. So k\u00f6nnen Sie Ihre STIHL Motors\u00e4ge und Zubeh\u00f6r sicher und komfortabel mit den 2 Tragegriffen <b>in der Hand oder \u00fcber der Schulter transportieren.<\/b> Zus\u00e4tzlich ist die Tasche mit seitlichen Griffen ausgestattet, die die Entnahme aus dem Auto oder Regal erleichtern. Das wasserabweisende Material erm\u00f6glicht es, <b>Verschmutzungen und \u00d6lreste einfach abzuwaschen<\/b>.  <\/p>\n<p>Die STIHL Tasche f\u00fcr Motors\u00e4ge TIMBERSPORTS\u00ae Edition ist <b>f\u00fcr Motors\u00e4gen mit einer maximalen Schwertl\u00e4nge von 50 cm geeignet.<\/b><\/p>\n","protected":false},"excerpt":{"rendered":"<p>Tasche f\u00fcr Motors\u00e4ge TIMBERSPORTS\u00ae Edition: zur sicheren Aufbewahrung und zum Transport Ihrer Motors\u00e4ge mit Zubeh\u00f6r F\u00fcr Fans von STIHL TIMBERSPORTS\u00ae<\/p>\n","protected":false},"featured_media":680572,"template":"","meta":{"_seopress_robots_primary_cat":"","_seopress_titles_title":"","_seopress_titles_desc":"","_seopress_robots_index":""},"product_brand":[3554],"product_cat":[1612,169,1616,1613],"product_tag":[],"class_list":{"0":"post-680587","1":"product","2":"type-product","3":"status-publish","4":"has-post-thumbnail","6":"product_brand-stihl-de","7":"product_cat-kettensagen","8":"product_cat-maschinen","9":"product_cat-motor-kettensagen","10":"product_cat-zubehor-und-verbrauchsmaterial-de-4","11":"sws-gruppo-macchinari-de","12":"sws-conto-ricavi-merci-rivendita-macchinari-de","13":"sws-gruppo-iva-iva81-de","15":"first","16":"instock","17":"shipping-taxable","18":"purchasable","19":"product-type-simple"},"_links":{"self":[{"href":"https:\/\/lucacastelli.com\/de\/wp-json\/wp\/v2\/product\/680587","targetHints":{"allow":["GET"]}}],"collection":[{"href":"https:\/\/lucacastelli.com\/de\/wp-json\/wp\/v2\/product"}],"about":[{"href":"https:\/\/lucacastelli.com\/de\/wp-json\/wp\/v2\/types\/product"}],"wp:featuredmedia":[{"embeddable":true,"href":"https:\/\/lucacastelli.com\/de\/wp-json\/wp\/v2\/media\/680572"}],"wp:attachment":[{"href":"https:\/\/lucacastelli.com\/de\/wp-json\/wp\/v2\/media?parent=680587"}],"wp:term":[{"taxonomy":"product_brand","embeddable":true,"href":"https:\/\/lucacastelli.com\/de\/wp-json\/wp\/v2\/product_brand?post=680587"},{"taxonomy":"product_cat","embeddable":true,"href":"https:\/\/lucacastelli.com\/de\/wp-json\/wp\/v2\/product_cat?post=680587"},{"taxonomy":"product_tag","embeddable":true,"href":"https:\/\/lucacastelli.com\/de\/wp-json\/wp\/v2\/product_tag?post=680587"}],"curies":[{"name":"wp","href":"https:\/\/api.w.org\/{rel}","templated":true}]}}