{"id":678394,"date":"2025-12-24T11:31:23","date_gmt":"2025-12-24T10:31:23","guid":{"rendered":"https:\/\/lucacastelli.com\/prodotto\/stihl-ladebox-cb-1\/"},"modified":"2026-01-02T18:55:52","modified_gmt":"2026-01-02T17:55:52","slug":"stihl-ladebox-cb-1","status":"publish","type":"product","link":"https:\/\/lucacastelli.com\/de\/produkt\/stihl-ladebox-cb-1\/","title":{"rendered":"STIHL Ladebox CB 1"},"content":{"rendered":"<h2 class=\"product-details__title\">Mobile Ladel\u00f6sung<\/h2>\n<div class=\"product-details__description richtexteditor\">\n<p>Als mobile Ladel\u00f6sung ist die STIHL Ladebox CB 1 ideal f\u00fcr Profis in der Gr\u00fcn- und Landschaftspflege, f\u00fcr Kommunalbetriebe und f\u00fcr Hausverwaltungen. Dank des mitgelieferten Befestigungssatzes l\u00e4sst sie sich einfach an einem geeigneten Fahrzeug oder Anh\u00e4nger montieren \u2013 als Unterflurbox oder Pritschenbox auf dem Fahrzeug oder der Ladefl\u00e4che eines Anh\u00e4ngers. <\/p>\n<p>Die abschlie\u00dfbare STIHL CB 1 bietet Platz f\u00fcr 2 separat erh\u00e4ltliche <strong>STIHL AL 301-4<\/strong> Mehrfachladeger\u00e4te und erm\u00f6glicht so den sicheren Transport, die Lagerung und das mobile Laden von bis zu 8 Akkus aus dem <strong>STIHL AP-System<\/strong>. Das spart Ihnen beispielsweise das Be- und Entladen der Akkus zu Arbeitsbeginn und -ende. Au\u00dferdem haben Sie unterwegs immer ein Ladeger\u00e4t dabei.  <\/p>\n<p>Die Stromversorgung der CB 1 kann auf verschiedene Weise erfolgen: durch Anschluss an das lokale Stromnetz oder \u00fcber eine geeignete Steckdose am Fahrzeug. So k\u00f6nnen die Akkus in der STIHL CB 1 auch w\u00e4hrend der Fahrt geladen werden. <\/p>\n<p>Hinweis: Die STIHL CB 1 ist nach Schutzart IPX4 zertifiziert.<\/p>\n<\/div>\n<p>&nbsp;<\/p>\n<p>&nbsp;<\/p>\n<table data-test-id=\"pdp-spec-tech-table\">\n<tbody>\n<tr>\n<td>Nennspannung<\/td>\n<td>220-240 V<\/td>\n<\/tr>\n<tr>\n<td>Nennstrom<\/td>\n<td>6 A<\/td>\n<\/tr>\n<tr>\n<td>Leistungsaufnahme<\/td>\n<td>1380 W<\/td>\n<\/tr>\n<tr>\n<td>Ger\u00e4tegewicht<\/td>\n<td>14 kg<\/td>\n<\/tr>\n<tr>\n<td>Frequenz<\/td>\n<td>50 Hz<\/td>\n<\/tr>\n<tr>\n<td>Schutzklasse<\/td>\n<td>I<\/td>\n<\/tr>\n<tr>\n<td>Anzahl AC-Ausg\u00e4nge<\/td>\n<td>2<\/td>\n<\/tr>\n<tr>\n<td>Anzahl Steckpl\u00e4tze<\/td>\n<td>2 \/ AL301-4<\/td>\n<\/tr>\n<tr>\n<td>Ger\u00e4tebreite<\/td>\n<td>310 mm<\/td>\n<\/tr>\n<tr>\n<td>Ger\u00e4teh\u00f6he<\/td>\n<td>405 mm<\/td>\n<\/tr>\n<tr>\n<td>Ger\u00e4tel\u00e4nge<\/td>\n<td>885 mm<\/td>\n<\/tr>\n<\/tbody>\n<\/table>\n","protected":false},"excerpt":{"rendered":"<p>Mobile Ladel\u00f6sung Als mobile Ladel\u00f6sung ist die STIHL Ladebox CB 1 ideal f\u00fcr Profis in der Gr\u00fcn- und Landschaftspflege, f\u00fcr<\/p>\n","protected":false},"featured_media":671491,"template":"","meta":{"_seopress_robots_primary_cat":"","_seopress_titles_title":"","_seopress_titles_desc":"","_seopress_robots_index":""},"product_brand":[3554],"product_cat":[1449,169],"product_tag":[],"class_list":{"0":"post-678394","1":"product","2":"type-product","3":"status-publish","4":"has-post-thumbnail","6":"product_brand-stihl-de","7":"product_cat-batteriesysteme-zubehor","8":"product_cat-maschinen","9":"sws-gruppo-macchinari-de","10":"sws-conto-ricavi-merci-rivendita-macchinari-de","11":"sws-gruppo-iva-iva81-de","13":"first","14":"instock","15":"shipping-taxable","16":"purchasable","17":"product-type-simple"},"_links":{"self":[{"href":"https:\/\/lucacastelli.com\/de\/wp-json\/wp\/v2\/product\/678394","targetHints":{"allow":["GET"]}}],"collection":[{"href":"https:\/\/lucacastelli.com\/de\/wp-json\/wp\/v2\/product"}],"about":[{"href":"https:\/\/lucacastelli.com\/de\/wp-json\/wp\/v2\/types\/product"}],"wp:featuredmedia":[{"embeddable":true,"href":"https:\/\/lucacastelli.com\/de\/wp-json\/wp\/v2\/media\/671491"}],"wp:attachment":[{"href":"https:\/\/lucacastelli.com\/de\/wp-json\/wp\/v2\/media?parent=678394"}],"wp:term":[{"taxonomy":"product_brand","embeddable":true,"href":"https:\/\/lucacastelli.com\/de\/wp-json\/wp\/v2\/product_brand?post=678394"},{"taxonomy":"product_cat","embeddable":true,"href":"https:\/\/lucacastelli.com\/de\/wp-json\/wp\/v2\/product_cat?post=678394"},{"taxonomy":"product_tag","embeddable":true,"href":"https:\/\/lucacastelli.com\/de\/wp-json\/wp\/v2\/product_tag?post=678394"}],"curies":[{"name":"wp","href":"https:\/\/api.w.org\/{rel}","templated":true}]}}