{"id":678392,"date":"2025-12-30T18:41:30","date_gmt":"2025-12-30T17:41:30","guid":{"rendered":"https:\/\/lucacastelli.com\/prodotto\/elementsatz-zur-verbindung-mit-dem-ar-l-traegersystem\/"},"modified":"2026-01-02T18:55:38","modified_gmt":"2026-01-02T17:55:38","slug":"elementsatz-zur-verbindung-mit-dem-ar-l-traegersystem","status":"publish","type":"product","link":"https:\/\/lucacastelli.com\/de\/produkt\/elementsatz-zur-verbindung-mit-dem-ar-l-traegersystem\/","title":{"rendered":"Elementsatz zur Verbindung mit dem AR L-Tr\u00e4gersystem"},"content":{"rendered":"<p>Zubeh\u00f6r f\u00fcr das Transportsystem f\u00fcr AR L.<br \/>\nAdapter zur Befestigung der St\u00fctzlager f\u00fcr FSA und BGA am Tr\u00e4gersystem AR L. Dank der Schnappverschl\u00fcsse ist ein schneller und einfacher Wechsel von einem St\u00fctzlager zum anderen m\u00f6glich.<\/p>\n","protected":false},"excerpt":{"rendered":"<p>Zubeh\u00f6r f\u00fcr das Transportsystem f\u00fcr AR L. Adapter zur Befestigung der St\u00fctzlager f\u00fcr FSA und BGA am Tr\u00e4gersystem AR L.<\/p>\n","protected":false},"featured_media":676609,"template":"","meta":{"_seopress_robots_primary_cat":"","_seopress_titles_title":"","_seopress_titles_desc":"","_seopress_robots_index":""},"product_brand":[3554],"product_cat":[1449,169],"product_tag":[],"class_list":{"0":"post-678392","1":"product","2":"type-product","3":"status-publish","4":"has-post-thumbnail","6":"product_brand-stihl-de","7":"product_cat-batteriesysteme-zubehor","8":"product_cat-maschinen","9":"sws-gruppo-macchinari-de","10":"sws-conto-ricavi-merci-rivendita-macchinari-de","11":"sws-gruppo-iva-iva81-de","13":"first","14":"instock","15":"shipping-taxable","16":"purchasable","17":"product-type-simple"},"_links":{"self":[{"href":"https:\/\/lucacastelli.com\/de\/wp-json\/wp\/v2\/product\/678392","targetHints":{"allow":["GET"]}}],"collection":[{"href":"https:\/\/lucacastelli.com\/de\/wp-json\/wp\/v2\/product"}],"about":[{"href":"https:\/\/lucacastelli.com\/de\/wp-json\/wp\/v2\/types\/product"}],"wp:featuredmedia":[{"embeddable":true,"href":"https:\/\/lucacastelli.com\/de\/wp-json\/wp\/v2\/media\/676609"}],"wp:attachment":[{"href":"https:\/\/lucacastelli.com\/de\/wp-json\/wp\/v2\/media?parent=678392"}],"wp:term":[{"taxonomy":"product_brand","embeddable":true,"href":"https:\/\/lucacastelli.com\/de\/wp-json\/wp\/v2\/product_brand?post=678392"},{"taxonomy":"product_cat","embeddable":true,"href":"https:\/\/lucacastelli.com\/de\/wp-json\/wp\/v2\/product_cat?post=678392"},{"taxonomy":"product_tag","embeddable":true,"href":"https:\/\/lucacastelli.com\/de\/wp-json\/wp\/v2\/product_tag?post=678392"}],"curies":[{"name":"wp","href":"https:\/\/api.w.org\/{rel}","templated":true}]}}