{"id":678355,"date":"2025-11-18T20:36:09","date_gmt":"2025-11-18T19:36:09","guid":{"rendered":"https:\/\/lucacastelli.com\/prodotto\/pfanner-merino-wollshirt-atmosphere-fuer-herren\/"},"modified":"2026-04-14T00:10:17","modified_gmt":"2026-04-13T22:10:17","slug":"pfanner-merino-wollshirt-atmosphere-fuer-herren","status":"publish","type":"product","link":"https:\/\/lucacastelli.com\/de\/produkt\/pfanner-merino-wollshirt-atmosphere-fuer-herren\/","title":{"rendered":"PFANNER Atmosphere Merinowoll-Shirt f\u00fcr Herren"},"content":{"rendered":"<p>Langarmshirt aus hochwertigster Merinowolle und kratzfreiem Modal. Sorgt f\u00fcr ein dauerhaft trockenes Tragegef\u00fchl. Die \u00e4u\u00dfere Merinowolle garantiert dank ihrer hervorragenden Isoliereigenschaften ein ideales K\u00f6rperklima. Die Struktur dieses Shirts leitet Feuchtigkeit von der Haut weg und h\u00e4lt den K\u00f6rper trocken. Zudem nimmt Merinowolle keine Ger\u00fcche an und sorgt f\u00fcr perfekten Komfort. Dieses Shirt ist besonders ideal bei K\u00e4lte und weniger anstrengenden Aktivit\u00e4ten. Dieses Merinowoll-Langarmshirt ist perfekt f\u00fcr Jagd, Forstwirtschaft und Outdoor-Aktivit\u00e4ten.<br \/>\n-H\u00e4lt warm bei K\u00e4lte<br \/>\n-Schnelltrocknend<br \/>\n-Geruchshemmend<br \/>\n-Sportlicher, k\u00f6rpernaher Schnitt<br \/>\n-Kratzt nicht dank weicher Merinowolle<br \/>\n-Pflegeleicht<br \/>\n-Flachn\u00e4hte<br \/>\n-Stehkragen      <\/p>\n<p>Material: 46 % Merinowolle, 45 % Micro-Modal, 9 % Polyamid<\/p>\n","protected":false},"excerpt":{"rendered":"<p>Langarmshirt aus hochwertigster Merinowolle und kratzfreiem Modal. Sorgt f\u00fcr ein dauerhaft trockenes Tragegef\u00fchl. Die \u00e4u\u00dfere Merinowolle garantiert dank ihrer hervorragenden<\/p>\n","protected":false},"featured_media":678356,"template":"","meta":{"_seopress_robots_primary_cat":"","_seopress_titles_title":"","_seopress_titles_desc":"","_seopress_robots_index":""},"product_brand":[3458],"product_cat":[21,189,190],"product_tag":[],"class_list":{"0":"post-678355","1":"product","2":"type-product","3":"status-publish","4":"has-post-thumbnail","6":"product_brand-pfanner","7":"product_cat-abbigliamento","8":"product_cat-abbigliamento-per-il-tempo-libero","9":"product_cat-abbigliamento-da-uomo","10":"sws-gruppo-no-gruppo-de","11":"sws-conto-ricavi-merci-rivendita-abbigliamento-de","12":"sws-gruppo-iva-iva81-de","14":"first","15":"instock","16":"shipping-taxable","17":"purchasable","18":"product-type-variable"},"_links":{"self":[{"href":"https:\/\/lucacastelli.com\/de\/wp-json\/wp\/v2\/product\/678355","targetHints":{"allow":["GET"]}}],"collection":[{"href":"https:\/\/lucacastelli.com\/de\/wp-json\/wp\/v2\/product"}],"about":[{"href":"https:\/\/lucacastelli.com\/de\/wp-json\/wp\/v2\/types\/product"}],"wp:featuredmedia":[{"embeddable":true,"href":"https:\/\/lucacastelli.com\/de\/wp-json\/wp\/v2\/media\/678356"}],"wp:attachment":[{"href":"https:\/\/lucacastelli.com\/de\/wp-json\/wp\/v2\/media?parent=678355"}],"wp:term":[{"taxonomy":"product_brand","embeddable":true,"href":"https:\/\/lucacastelli.com\/de\/wp-json\/wp\/v2\/product_brand?post=678355"},{"taxonomy":"product_cat","embeddable":true,"href":"https:\/\/lucacastelli.com\/de\/wp-json\/wp\/v2\/product_cat?post=678355"},{"taxonomy":"product_tag","embeddable":true,"href":"https:\/\/lucacastelli.com\/de\/wp-json\/wp\/v2\/product_tag?post=678355"}],"curies":[{"name":"wp","href":"https:\/\/api.w.org\/{rel}","templated":true}]}}