{"id":678345,"date":"2025-12-24T11:17:29","date_gmt":"2025-12-24T10:17:29","guid":{"rendered":"https:\/\/lucacastelli.com\/prodotto\/stihl-cm-8-lademanagement\/"},"modified":"2025-12-24T11:17:29","modified_gmt":"2025-12-24T10:17:29","slug":"stihl-cm-8-lademanagement","status":"publish","type":"product","link":"https:\/\/lucacastelli.com\/de\/produkt\/stihl-cm-8-lademanagement\/","title":{"rendered":"STIHL CM 8 Lademanagement"},"content":{"rendered":"<h2 class=\"product-details__title\">CM 8 Lademanagement: Schlie\u00dfen Sie einfach bis zu 8 Ladeger\u00e4te an und nutzen Sie diese zuverl\u00e4ssig<\/h2>\n<div class=\"product-details__description richtexteditor\">\n<p>Das <strong>STIHL CM 8 Lademanagement<\/strong> ist eine praktische Ladel\u00f6sung, die sich besonders f\u00fcr Profis im Garten- und Landschaftsbau, f\u00fcr Kommunalbetriebe und f\u00fcr Forstbetriebe eignet. Es erm\u00f6glicht den Anschluss von <strong>bis zu 8 Ladeger\u00e4ten<\/strong> und das Aufladen von <strong>bis zu 32 Akkus<\/strong> mit einer einzigen Sicherung in der Werkstatt. Das STIHL CM 8 kann auch <strong>mobil im Fahrzeug<\/strong> eingesetzt werden, beispielsweise in Kombination mit einer mobilen Ladel\u00f6sung wie dem <strong>STIHL bott vario3<\/strong>.  <\/p>\n<p>Das <strong>STIHL CM 8 Lademanagement<\/strong> ist mit <strong>8 Steckdosen<\/strong> ausgestattet, die in zwei Gruppen \u00e0 4 aufgeteilt sind. Die Akkus werden nach einem einfachen Prinzip geladen: Wenn alle an den Steckdosen der <strong>Gruppe 1<\/strong> angeschlossenen Akkus vollst\u00e4ndig geladen sind, beginnen sich die an <strong>Gruppe 2<\/strong> angeschlossenen Akkus zu laden. Dies erm\u00f6glicht eine <strong>optimale Ausnutzung der Ladekapazit\u00e4t<\/strong>, sowohl in der Werkstatt als auch im Fahrzeug.  <\/p>\n<\/div>\n<p>&nbsp;<\/p>\n<p>&nbsp;<\/p>\n<table data-test-id=\"pdp-spec-tech-table\">\n<tbody>\n<tr>\n<td>Nennspannung<\/td>\n<td>230 V<\/td>\n<\/tr>\n<tr>\n<td>Nennstrom<\/td>\n<td>8 A<\/td>\n<\/tr>\n<tr>\n<td>Leistungsaufnahme<\/td>\n<td>1840 W<\/td>\n<\/tr>\n<tr>\n<td>Ger\u00e4tegewicht<\/td>\n<td>1,4 kg<\/td>\n<\/tr>\n<tr>\n<td>Frequenz<\/td>\n<td>50 Hz<\/td>\n<\/tr>\n<tr>\n<td>Schutzklasse<\/td>\n<td>I<\/td>\n<\/tr>\n<tr>\n<td>Anzahl der Steckpl\u00e4tze<\/td>\n<td>8<\/td>\n<\/tr>\n<tr>\n<td>Ger\u00e4tebreite<\/td>\n<td>74 mm<\/td>\n<\/tr>\n<tr>\n<td>Ger\u00e4teh\u00f6he<\/td>\n<td>47 mm<\/td>\n<\/tr>\n<tr>\n<td>Ger\u00e4tel\u00e4nge<\/td>\n<td>738 mm<\/td>\n<\/tr>\n<\/tbody>\n<\/table>\n","protected":false},"excerpt":{"rendered":"<p>CM 8 Lademanagement: Schlie\u00dfen Sie einfach bis zu 8 Ladeger\u00e4te an und nutzen Sie diese zuverl\u00e4ssig Das STIHL CM 8<\/p>\n","protected":false},"featured_media":671481,"template":"","meta":{"_seopress_robots_primary_cat":"none","_seopress_titles_title":"","_seopress_titles_desc":"","_seopress_robots_index":""},"product_brand":[3366],"product_cat":[29,491],"product_tag":[],"class_list":{"0":"post-678345","1":"product","2":"type-product","3":"status-publish","4":"has-post-thumbnail","6":"product_brand-stihl","7":"product_cat-macchinari","8":"product_cat-accessori-sistemi-a-batteria","9":"sws-gruppo-macchinari-de","10":"sws-conto-ricavi-merci-rivendita-macchinari-de","11":"sws-gruppo-iva-iva81-de","13":"first","14":"instock","15":"shipping-taxable","16":"purchasable","17":"product-type-simple"},"_links":{"self":[{"href":"https:\/\/lucacastelli.com\/de\/wp-json\/wp\/v2\/product\/678345","targetHints":{"allow":["GET"]}}],"collection":[{"href":"https:\/\/lucacastelli.com\/de\/wp-json\/wp\/v2\/product"}],"about":[{"href":"https:\/\/lucacastelli.com\/de\/wp-json\/wp\/v2\/types\/product"}],"wp:featuredmedia":[{"embeddable":true,"href":"https:\/\/lucacastelli.com\/de\/wp-json\/wp\/v2\/media\/671481"}],"wp:attachment":[{"href":"https:\/\/lucacastelli.com\/de\/wp-json\/wp\/v2\/media?parent=678345"}],"wp:term":[{"taxonomy":"product_brand","embeddable":true,"href":"https:\/\/lucacastelli.com\/de\/wp-json\/wp\/v2\/product_brand?post=678345"},{"taxonomy":"product_cat","embeddable":true,"href":"https:\/\/lucacastelli.com\/de\/wp-json\/wp\/v2\/product_cat?post=678345"},{"taxonomy":"product_tag","embeddable":true,"href":"https:\/\/lucacastelli.com\/de\/wp-json\/wp\/v2\/product_tag?post=678345"}],"curies":[{"name":"wp","href":"https:\/\/api.w.org\/{rel}","templated":true}]}}