{"id":678331,"date":"2025-11-03T14:16:43","date_gmt":"2025-11-03T13:16:43","guid":{"rendered":"https:\/\/lucacastelli.com\/prodotto\/crazy-electra-ziehen-2\/"},"modified":"2026-04-01T01:51:33","modified_gmt":"2026-03-31T23:51:33","slug":"crazy-electra-ziehen-2","status":"publish","type":"product","link":"https:\/\/lucacastelli.com\/de\/produkt\/crazy-electra-ziehen-2\/","title":{"rendered":"CRAZY ELECTRA ZIEHEN"},"content":{"rendered":"<p>Der Electra Pull ist unsere technische Zwischenschicht f\u00fcr die Berge, die sich durch ein Half-Zip-Design auszeichnet, das f\u00fcr seine Mischung aus technischer Leistung und modischem Aussehen sehr gesch\u00e4tzt wird! Das verwendete Gewebe ist das bew\u00e4hrte High<br \/>\nPerformance-Material mit Wabenzellen, die die Atmungsaktivit\u00e4t verbessern. Bei diesem Kleidungsst\u00fcck ist das Gewebe in seiner 3D-Version mit einer dreidimensionalen Struktur versehen, die den Luftstrom f\u00f6rdert. Der diagonale Rei\u00dfverschluss garantiert maximalen Komfort um den Hals und vermeidet Reibung.<br \/>\nMit einer athletischen und femininen Passform ist er perfekt als zweite Schicht oder als \u00e4u\u00dfere Schicht an w\u00e4rmeren Tagen zu tragen.<br \/>\nNeben seinem eleganten Design ist er auch sehr praktisch, mit zwei Seitentaschen, die n\u00fctzlich sind, um kleine Gegenst\u00e4nde zu verstauen.   <\/p>\n<p>\u2022 Halber Frontrei\u00dfverschluss mit Anti-Scheuer-Design,<br \/>\n positioniert auf der rechten Seite des Halses<br \/>\n\u2022 Einschubtaschen ohne<br \/>\n Rei\u00dfverschluss\u2022 Innentasche f\u00fcr Lawinenversch\u00fcttetenes LVS-Ger\u00e4t mit Easy Lock<br \/>\n\u2022 Flache N\u00e4hte in Kontrastfarbe<br \/>\n\u2022 Reflektierende Logos<\/p>\n<p>GEWICHT: 261 gr<\/p>\n","protected":false},"excerpt":{"rendered":"<p>Der Electra Pull ist unsere technische Zwischenschicht f\u00fcr die Berge, die sich durch ein Half-Zip-Design auszeichnet, das f\u00fcr seine Mischung<\/p>\n","protected":false},"featured_media":678337,"template":"","meta":{"_seopress_robots_primary_cat":"none","_seopress_titles_title":"","_seopress_titles_desc":"","_seopress_robots_index":""},"product_brand":[3413],"product_cat":[21,189,200],"product_tag":[],"class_list":{"0":"post-678331","1":"product","2":"type-product","3":"status-publish","4":"has-post-thumbnail","6":"product_brand-crazy","7":"product_cat-abbigliamento","8":"product_cat-abbigliamento-per-il-tempo-libero","9":"product_cat-abbigliamento-da-donna","10":"sws-gruppo-abb-libero-de","11":"sws-conto-ricavi-merci-rivendita-abbigliamento-de","12":"sws-gruppo-iva-iva81-de","14":"first","15":"instock","16":"sale","17":"shipping-taxable","18":"purchasable","19":"product-type-variable","20":"has-default-attributes"},"_links":{"self":[{"href":"https:\/\/lucacastelli.com\/de\/wp-json\/wp\/v2\/product\/678331","targetHints":{"allow":["GET"]}}],"collection":[{"href":"https:\/\/lucacastelli.com\/de\/wp-json\/wp\/v2\/product"}],"about":[{"href":"https:\/\/lucacastelli.com\/de\/wp-json\/wp\/v2\/types\/product"}],"wp:featuredmedia":[{"embeddable":true,"href":"https:\/\/lucacastelli.com\/de\/wp-json\/wp\/v2\/media\/678337"}],"wp:attachment":[{"href":"https:\/\/lucacastelli.com\/de\/wp-json\/wp\/v2\/media?parent=678331"}],"wp:term":[{"taxonomy":"product_brand","embeddable":true,"href":"https:\/\/lucacastelli.com\/de\/wp-json\/wp\/v2\/product_brand?post=678331"},{"taxonomy":"product_cat","embeddable":true,"href":"https:\/\/lucacastelli.com\/de\/wp-json\/wp\/v2\/product_cat?post=678331"},{"taxonomy":"product_tag","embeddable":true,"href":"https:\/\/lucacastelli.com\/de\/wp-json\/wp\/v2\/product_tag?post=678331"}],"curies":[{"name":"wp","href":"https:\/\/api.w.org\/{rel}","templated":true}]}}