{"id":678310,"date":"2025-12-24T12:02:26","date_gmt":"2025-12-24T11:02:26","guid":{"rendered":"https:\/\/lucacastelli.com\/prodotto\/stihl-verschlussstopfen\/"},"modified":"2025-12-24T12:02:26","modified_gmt":"2025-12-24T11:02:26","slug":"stihl-verschlussstopfen","status":"publish","type":"product","link":"https:\/\/lucacastelli.com\/de\/produkt\/stihl-verschlussstopfen\/","title":{"rendered":"STIHL Verschlussstopfen"},"content":{"rendered":"<h2>Verschlussstopfen: Sch\u00fctzt die Aufnahme des Akkus vor Staub und Schmutz<\/h2>\n<p>Der STIHL Verschlussstopfen sch\u00fctzt Ihre Akku-Ger\u00e4te mit Aufnahme, wie zum Beispiel die STIHL Akku-Heckenschere HSA 94 R oder den STIHL Akku-Kombimotor KMA 130 R, zuverl\u00e4ssig vor Staub und Schmutz. Der robuste Verschlussstopfen aus Kunststoff verhindert, dass bei l\u00e4ngerer Lagerung Schmutzpartikel mit den Kontakten in Ber\u00fchrung kommen. Daf\u00fcr <b>setzen Sie den STIHL Verschlussstopfen einfach in die ge\u00f6ffnete Aufnahme ein<\/b>.  <\/p>\n<p>Weitere Tipps zur Akku-Pflege finden Sie in unserem Ratgeber.<\/p>\n","protected":false},"excerpt":{"rendered":"<p>Verschlussstopfen: Sch\u00fctzt die Aufnahme des Akkus vor Staub und Schmutz Der STIHL Verschlussstopfen sch\u00fctzt Ihre Akku-Ger\u00e4te mit Aufnahme, wie zum<\/p>\n","protected":false},"featured_media":671520,"template":"","meta":{"_seopress_robots_primary_cat":"none","_seopress_titles_title":"","_seopress_titles_desc":"","_seopress_robots_index":""},"product_brand":[3554],"product_cat":[169,1449],"product_tag":[],"class_list":{"0":"post-678310","1":"product","2":"type-product","3":"status-publish","4":"has-post-thumbnail","6":"product_brand-stihl-de","7":"product_cat-maschinen","8":"product_cat-batteriesysteme-zubehor","9":"sws-gruppo-macchinari-de","10":"sws-conto-ricavi-merci-rivendita-macchinari-de","11":"sws-gruppo-iva-iva81-de","13":"first","14":"instock","15":"shipping-taxable","16":"purchasable","17":"product-type-simple"},"_links":{"self":[{"href":"https:\/\/lucacastelli.com\/de\/wp-json\/wp\/v2\/product\/678310","targetHints":{"allow":["GET"]}}],"collection":[{"href":"https:\/\/lucacastelli.com\/de\/wp-json\/wp\/v2\/product"}],"about":[{"href":"https:\/\/lucacastelli.com\/de\/wp-json\/wp\/v2\/types\/product"}],"wp:featuredmedia":[{"embeddable":true,"href":"https:\/\/lucacastelli.com\/de\/wp-json\/wp\/v2\/media\/671520"}],"wp:attachment":[{"href":"https:\/\/lucacastelli.com\/de\/wp-json\/wp\/v2\/media?parent=678310"}],"wp:term":[{"taxonomy":"product_brand","embeddable":true,"href":"https:\/\/lucacastelli.com\/de\/wp-json\/wp\/v2\/product_brand?post=678310"},{"taxonomy":"product_cat","embeddable":true,"href":"https:\/\/lucacastelli.com\/de\/wp-json\/wp\/v2\/product_cat?post=678310"},{"taxonomy":"product_tag","embeddable":true,"href":"https:\/\/lucacastelli.com\/de\/wp-json\/wp\/v2\/product_tag?post=678310"}],"curies":[{"name":"wp","href":"https:\/\/api.w.org\/{rel}","templated":true}]}}