{"id":678297,"date":"2026-01-02T18:33:44","date_gmt":"2026-01-02T17:33:44","guid":{"rendered":"https:\/\/lucacastelli.com\/?post_type=product&#038;p=678297"},"modified":"2026-01-02T18:53:28","modified_gmt":"2026-01-02T17:53:28","slug":"stihl-rasenmahermesser-40-punkte-250mm-copia-copia","status":"publish","type":"product","link":"https:\/\/lucacastelli.com\/de\/produkt\/stihl-rasenmahermesser-40-punkte-250mm-copia-copia\/","title":{"rendered":"STIHL Rasenm\u00e4hermesser 40 Punkte, 250mm"},"content":{"rendered":"<p>Stahlklinge mit <strong>250 mm<\/strong> und <strong>vierzig Schneiden<\/strong>.<\/p>\n<p>SPEZIAL-Messer, h\u00e4lt h\u00f6heren Belastungen stand, <strong>l\u00e4ngere Lebensdauer.<\/strong><\/p>\n<p>Ideal f\u00fcr knorrige B\u00fcsche, d\u00fcnne Baumst\u00e4mme, zum S\u00e4gen und zur Bodenbearbeitung.<\/p>\n","protected":false},"excerpt":{"rendered":"<p>Rasenm\u00e4hermesser 40 Punkte, 250mm<\/p>\n","protected":false},"featured_media":429985,"template":"","meta":{"_seopress_robots_primary_cat":"none","_seopress_titles_title":"","_seopress_titles_desc":"","_seopress_robots_index":""},"product_brand":[3554],"product_cat":[169,1455,1581],"product_tag":[3266],"class_list":{"0":"post-678297","1":"product","2":"type-product","3":"status-publish","4":"has-post-thumbnail","6":"product_brand-stihl-de","7":"product_cat-maschinen","8":"product_cat-zubehor-und-verbrauchsmaterial-de","9":"product_cat-freischneider-und-trimmer","10":"product_tag-import-stihl-de","11":"sws-gruppo-macchinari-de","12":"sws-conto-ricavi-merci-rivendita-macchinari-de","13":"sws-gruppo-iva-iva81-de","15":"first","16":"onbackorder","17":"purchasable","18":"product-type-simple"},"_links":{"self":[{"href":"https:\/\/lucacastelli.com\/de\/wp-json\/wp\/v2\/product\/678297","targetHints":{"allow":["GET"]}}],"collection":[{"href":"https:\/\/lucacastelli.com\/de\/wp-json\/wp\/v2\/product"}],"about":[{"href":"https:\/\/lucacastelli.com\/de\/wp-json\/wp\/v2\/types\/product"}],"wp:featuredmedia":[{"embeddable":true,"href":"https:\/\/lucacastelli.com\/de\/wp-json\/wp\/v2\/media\/429985"}],"wp:attachment":[{"href":"https:\/\/lucacastelli.com\/de\/wp-json\/wp\/v2\/media?parent=678297"}],"wp:term":[{"taxonomy":"product_brand","embeddable":true,"href":"https:\/\/lucacastelli.com\/de\/wp-json\/wp\/v2\/product_brand?post=678297"},{"taxonomy":"product_cat","embeddable":true,"href":"https:\/\/lucacastelli.com\/de\/wp-json\/wp\/v2\/product_cat?post=678297"},{"taxonomy":"product_tag","embeddable":true,"href":"https:\/\/lucacastelli.com\/de\/wp-json\/wp\/v2\/product_tag?post=678297"}],"curies":[{"name":"wp","href":"https:\/\/api.w.org\/{rel}","templated":true}]}}