{"id":671450,"date":"2025-11-26T14:11:51","date_gmt":"2025-11-26T13:11:51","guid":{"rendered":"https:\/\/lucacastelli.com\/prodotto\/eder-seilwinde-zugseil-eder-durchmesser-13-mm-100-meter\/"},"modified":"2025-11-26T14:11:51","modified_gmt":"2025-11-26T13:11:51","slug":"eder-seilwinde-zugseil-eder-durchmesser-13-mm-100-meter","status":"publish","type":"product","link":"https:\/\/lucacastelli.com\/de\/produkt\/eder-seilwinde-zugseil-eder-durchmesser-13-mm-100-meter\/","title":{"rendered":"EDER Seilwinde Zugseil Eder Durchmesser 13 mm 100 Meter"},"content":{"rendered":"<p>Das Eder-Seilwindenseil mit 13 mm Durchmesser wurde speziell f\u00fcr die Verwendung mit der Nordforest Seilwinde 1800 entwickelt. Der 20-fach geflochtene Mantel besteht aus widerstandsf\u00e4higem Polyester und der Kern aus ultrahochmolekularem Polyethylen (UHMWPE). Diese Kombination garantiert eine hohe Bruchlast von 5,1 t. In Kombination mit der bereits montierten Endverbindung betr\u00e4gt die Bruchkraft 4,8 t. Die Dehnung betr\u00e4gt ca. 1,5 %. F\u00fcr Seilwinden mit einer maximalen Zugkraft von 1800 kg.     <\/p>\n<p>&nbsp;<\/p>\n<p>&nbsp;<\/p>\n","protected":false},"excerpt":{"rendered":"<p>Das Eder-Seilwindenseil mit 13 mm Durchmesser wurde speziell f\u00fcr die Verwendung mit der Nordforest Seilwinde 1800 entwickelt. Der 20-fach geflochtene<\/p>\n","protected":false},"featured_media":650582,"template":"","meta":{"_seopress_robots_primary_cat":"none","_seopress_titles_title":"","_seopress_titles_desc":"","_seopress_robots_index":""},"product_brand":[3417],"product_cat":[29,268,494],"product_tag":[],"class_list":{"0":"post-671450","1":"product","2":"type-product","3":"status-publish","4":"has-post-thumbnail","6":"product_brand-eder","7":"product_cat-macchinari","8":"product_cat-motoseghe","9":"product_cat-motoseghe-a-motore","10":"sws-gruppo-macchinari-de","11":"sws-conto-ricavi-merci-rivendita-macchinari-de","12":"sws-gruppo-iva-iva81-de","14":"first","15":"instock","16":"shipping-taxable","17":"purchasable","18":"product-type-simple"},"_links":{"self":[{"href":"https:\/\/lucacastelli.com\/de\/wp-json\/wp\/v2\/product\/671450","targetHints":{"allow":["GET"]}}],"collection":[{"href":"https:\/\/lucacastelli.com\/de\/wp-json\/wp\/v2\/product"}],"about":[{"href":"https:\/\/lucacastelli.com\/de\/wp-json\/wp\/v2\/types\/product"}],"wp:featuredmedia":[{"embeddable":true,"href":"https:\/\/lucacastelli.com\/de\/wp-json\/wp\/v2\/media\/650582"}],"wp:attachment":[{"href":"https:\/\/lucacastelli.com\/de\/wp-json\/wp\/v2\/media?parent=671450"}],"wp:term":[{"taxonomy":"product_brand","embeddable":true,"href":"https:\/\/lucacastelli.com\/de\/wp-json\/wp\/v2\/product_brand?post=671450"},{"taxonomy":"product_cat","embeddable":true,"href":"https:\/\/lucacastelli.com\/de\/wp-json\/wp\/v2\/product_cat?post=671450"},{"taxonomy":"product_tag","embeddable":true,"href":"https:\/\/lucacastelli.com\/de\/wp-json\/wp\/v2\/product_tag?post=671450"}],"curies":[{"name":"wp","href":"https:\/\/api.w.org\/{rel}","templated":true}]}}