{"id":671423,"date":"2025-12-24T09:27:30","date_gmt":"2025-12-24T08:27:30","guid":{"rendered":"https:\/\/lucacastelli.com\/prodotto\/pfanner-gladiator-gamaschen-2\/"},"modified":"2026-03-13T12:57:24","modified_gmt":"2026-03-13T11:57:24","slug":"pfanner-gladiator-gamaschen-2","status":"publish","type":"product","link":"https:\/\/lucacastelli.com\/de\/produkt\/pfanner-gladiator-gamaschen-2\/","title":{"rendered":"PFANNER Gladiator\u00ae Gamaschen"},"content":{"rendered":"<p>Neu entwickelte, vielseitige Gamaschen aus robustem Cordura-Gewebe f\u00fcr extreme Bedingungen. Hochelastische, ergonomisch verteilte Gummiz\u00fcge f\u00fcr optimalen Sitz. Passend f\u00fcr alle Beingr\u00f6\u00dfen. Abgedeckter, durchgehender Rei\u00dfverschluss mit Klett- und Druckknopfverschluss f\u00fcr einfaches An- und Ausziehen.<br \/>\n&#8211; Rei\u00dffestes Gladiator\u00ae-Obermaterial<br \/>\n&#8211; Hintere Schn\u00fcrsenkelbefestigung mit Gummizug f\u00fcr optimalen Halt<br \/>\n&#8211; Klett- und Druckknopfverschluss<br \/>\n&#8211; Extra starkes Edelstahlseil zur Befestigung am Kn\u00f6chel des Schuhs   <\/p>\n<p>Material: 100 % Polyamid Cordura, extra starkes Stahlseil zur Befestigung am Kn\u00f6chel des Schuhs<br \/>\nGr\u00f6\u00dfen: Einheitsgr\u00f6\u00dfe, L\u00e4nge 40 cm<\/p>\n","protected":false},"excerpt":{"rendered":"<p>Neu entwickelte, vielseitige Gamaschen aus robustem Cordura-Gewebe f\u00fcr extreme Bedingungen. Hochelastische, ergonomisch verteilte Gummiz\u00fcge f\u00fcr optimalen Sitz. Passend f\u00fcr alle<\/p>\n","protected":false},"featured_media":671426,"template":"","meta":{"_seopress_robots_primary_cat":"none","_seopress_titles_title":"","_seopress_titles_desc":"","_seopress_robots_index":""},"product_brand":[3458],"product_cat":[21,284,189,186],"product_tag":[],"class_list":{"0":"post-671423","1":"product","2":"type-product","3":"status-publish","4":"has-post-thumbnail","6":"product_brand-pfanner","7":"product_cat-abbigliamento","8":"product_cat-abbigliamento-da-lavoro","9":"product_cat-abbigliamento-per-il-tempo-libero","10":"product_cat-accessori-per-labbigliamento","11":"sws-gruppo-no-gruppo-de","12":"sws-conto-ricavi-merci-rivendita-abbigliamento-de","13":"sws-gruppo-iva-iva81-de","15":"first","16":"instock","17":"shipping-taxable","18":"purchasable","19":"product-type-variable","20":"has-default-attributes"},"_links":{"self":[{"href":"https:\/\/lucacastelli.com\/de\/wp-json\/wp\/v2\/product\/671423","targetHints":{"allow":["GET"]}}],"collection":[{"href":"https:\/\/lucacastelli.com\/de\/wp-json\/wp\/v2\/product"}],"about":[{"href":"https:\/\/lucacastelli.com\/de\/wp-json\/wp\/v2\/types\/product"}],"wp:featuredmedia":[{"embeddable":true,"href":"https:\/\/lucacastelli.com\/de\/wp-json\/wp\/v2\/media\/671426"}],"wp:attachment":[{"href":"https:\/\/lucacastelli.com\/de\/wp-json\/wp\/v2\/media?parent=671423"}],"wp:term":[{"taxonomy":"product_brand","embeddable":true,"href":"https:\/\/lucacastelli.com\/de\/wp-json\/wp\/v2\/product_brand?post=671423"},{"taxonomy":"product_cat","embeddable":true,"href":"https:\/\/lucacastelli.com\/de\/wp-json\/wp\/v2\/product_cat?post=671423"},{"taxonomy":"product_tag","embeddable":true,"href":"https:\/\/lucacastelli.com\/de\/wp-json\/wp\/v2\/product_tag?post=671423"}],"curies":[{"name":"wp","href":"https:\/\/api.w.org\/{rel}","templated":true}]}}