{"id":671381,"date":"2025-11-27T08:36:09","date_gmt":"2025-11-27T07:36:09","guid":{"rendered":"https:\/\/lucacastelli.com\/prodotto\/ortovox-pala-light-weste-4\/"},"modified":"2025-11-27T08:36:09","modified_gmt":"2025-11-27T07:36:09","slug":"ortovox-pala-light-weste-4","status":"publish","type":"product","link":"https:\/\/lucacastelli.com\/de\/produkt\/ortovox-pala-light-weste-4\/","title":{"rendered":"ORTOVOX PALA LIGHT WESTE"},"content":{"rendered":"<h2 id=\"toc-entry-target-1\" class=\"js-toc__title pds__detail-headline\" tabindex=\"-1\">SCHUTZ AUF ALPINEN ROUTEN<\/h2>\n<p>&nbsp;<\/p>\n<h3>Extrem strapazierf\u00e4hige, athletische Jacke mit Stretch f\u00fcr alpine Klettertouren<\/h3>\n<p>&nbsp;<\/p>\n<p>Aus dem felsigen Plateau ragen die massiven und bizarren T\u00fcrme von St. Martin empor. Wer hier am s\u00fcdlichsten Massiv der Dolomiten klettert, braucht starke Nerven \u2013 und ebenso starkes Material. Speziell f\u00fcr diese langen alpinen Routen haben wir unsere MERINO SHIELD TEC Linie entwickelt!  <\/p>\n<p>Das extrem abriebfeste Au\u00dfenmaterial der PALA LIGHT VEST f\u00fcr Damen hat \u00fcber 50.000 Scheuerzyklen im Martindale-Test hinter sich, der zur Pr\u00fcfung der Abriebfestigkeit herangezogen wird. Die zus\u00e4tzlichen Eins\u00e4tze bieten maximalen Schutz vor rauen Steinen an besonders exponierten Stellen wie Schultern, Unterarmen und H\u00fcften. Das Vier-Wege-Stretch-Gewebe sorgt f\u00fcr volle Bewegungsfreiheit, unterst\u00fctzt durch einen athletischen Schnitt und vorgeformte Ellbogen. Die PALA LIGHT VEST f\u00fcr Damen ist dank ihrer membranfreien Konstruktion besonders atmungsaktiv und die feine Merinowolle auf der Innenseite sowie die Merino MESH-Eins\u00e4tze im Kragen sorgen f\u00fcr ein noch angenehmeres Tragegef\u00fchl.   <\/p>\n<p>Der athletische Schnitt und die elastischen S\u00e4ume sorgen f\u00fcr eine optimale Passform und maximale Bewegungsfreiheit beim Klettern. In der Brusttasche ist Platz f\u00fcr die topografische Karte, das Handy, eine Bar oder andere Kleinigkeiten, die w\u00e4hrend eines langen Tages in den Bergen leicht griffbereit sein sollten. <\/p>\n<p>Der Umwelt zuliebe ist die gesamte MERINO SHIELD TEC Linie komplett PFC-frei und klimaneutral mit CO2-Kompensation. Mit ihrem modernen Look ist die PALA LIGHT VEST f\u00fcr Damen in der Lage, lange Anstiege an hohen Felsw\u00e4nden zu bew\u00e4ltigen. <\/p>\n<p>&nbsp;<\/p>\n<div id=\"pds__accordion-features-heading\" class=\"mb-4 mb-md-35\">\n<h3 class=\"pds__accordion-headline p-relative cursor-pointer p-0 m-0\"><span class=\"d-block p-0 accordion js-accordion-custom-toggle js-accordion-custom-toggle--hide-on-collapse\" tabindex=\"0\" role=\"button\" data-collapse=\"false\" data-target=\"#pds__accordion-features-wrapper\" data-multitarget-disabled-mobile=\"\" aria-expanded=\"true\" aria-controls=\"pds__accordion-features-wrapper\"><span class=\"d-flex justify-content-between align-items-center\"><span class=\"word-break-word\">Eigenschaften<\/span><i class=\"accordion__icon pds__accordion-icon icon\"><\/i><\/span><\/span><\/h3>\n<\/div>\n<div class=\"pds__accordion-wrapper\">\n<div id=\"pds__accordion-features-wrapper\" class=\"pds__accordion-features-multi-target collapse show\" data-partial-multi-target=\"true\" data-parent=\"#pds__accordion-features\">\n<div class=\"pb-4\">\n<div class=\"overflow-hidden\">\n<div class=\"wysiwyg\">\n<ul>\n<li>1 Brusttasche<\/li>\n<li>Sch\u00fctzende Shell<\/li>\n<li>Verst\u00e4rkter Schulter- und H\u00fcftbereich<\/li>\n<li>Verstellbarer Bund<\/li>\n<li>Athletic Fit<\/li>\n<\/ul>\n<\/div>\n<\/div>\n<\/div>\n<\/div>\n<\/div>\n<p>&nbsp;<\/p>\n<div id=\"pds__accordion-material-properties-heading\" class=\"mb-4 mb-md-35\">\n<h3 class=\"pds__accordion-headline p-relative cursor-pointer p-0 m-0\"><span class=\"d-block p-0 accordion js-accordion-custom-toggle js-accordion-custom-toggle--hide-on-collapse\" tabindex=\"0\" role=\"button\" data-collapse=\"false\" data-target=\"#pds__accordion-material-properties-wrapper\" data-multitarget-disabled-mobile=\"\" aria-expanded=\"true\" aria-controls=\"pds__accordion-material-properties-wrapper\"><span class=\"d-flex justify-content-between align-items-center\"><span class=\"word-break-word\">Materialeigenschaften<\/span><i class=\"accordion__icon pds__accordion-icon icon\"><\/i><\/span><\/span><\/h3>\n<\/div>\n<div class=\"pds__accordion-wrapper\">\n<div id=\"pds__accordion-material-properties-wrapper\" class=\"pds__accordion-material-properties-multi-target collapse show\" data-partial-multi-target=\"true\" data-parent=\"#pds__accordion-material-properties\">\n<div class=\"pb-4\">\n<div class=\"overflow-hidden\">\n<div class=\"wysiwyg\">\n<ul>\n<li>Hohe Abriebfestigkeit: &gt; 50.000 Scheuertouren im Martindale-Test<\/li>\n<li>Vier-Wege-Stretch-Gewebe<\/li>\n<li>Atmungsaktivit\u00e4t<\/li>\n<li>Leicht<\/li>\n<li>Trocknet schnell<\/li>\n<li>Wasserabweisend dank PFC-freier DWR-Beschichtung<\/li>\n<li>Merino innen<\/li>\n<li>PFC-frei: Wasser und Schmutz perlen ab<\/li>\n<\/ul>\n<\/div>\n<p>HAUPTMATERIAL: 74 % Polyamid + 15 % Wolle (MERINO OWP) + 11 % Elastan EINS\u00c4TZE: 91 % Polyamid + 9 % Elastan<\/p>\n<\/div>\n<\/div>\n<\/div>\n<\/div>\n","protected":false},"excerpt":{"rendered":"<p>SCHUTZ AUF ALPINEN ROUTEN &nbsp; Extrem strapazierf\u00e4hige, athletische Jacke mit Stretch f\u00fcr alpine Klettertouren &nbsp; Aus dem felsigen Plateau ragen<\/p>\n","protected":false},"featured_media":651057,"template":"","meta":{"_seopress_robots_primary_cat":"none","_seopress_titles_title":"","_seopress_titles_desc":"","_seopress_robots_index":""},"product_brand":[3280],"product_cat":[21,189,200],"product_tag":[],"class_list":{"0":"post-671381","1":"product","2":"type-product","3":"status-publish","4":"has-post-thumbnail","6":"product_brand-ortovox","7":"product_cat-abbigliamento","8":"product_cat-abbigliamento-per-il-tempo-libero","9":"product_cat-abbigliamento-da-donna","10":"sws-gruppo-abb-libero-de","11":"sws-conto-ricavi-merci-rivendita-abbigliamento-de","12":"sws-gruppo-iva-iva81-de","14":"first","15":"instock","16":"sale","17":"shipping-taxable","18":"purchasable","19":"product-type-variable","20":"has-default-attributes"},"_links":{"self":[{"href":"https:\/\/lucacastelli.com\/de\/wp-json\/wp\/v2\/product\/671381","targetHints":{"allow":["GET"]}}],"collection":[{"href":"https:\/\/lucacastelli.com\/de\/wp-json\/wp\/v2\/product"}],"about":[{"href":"https:\/\/lucacastelli.com\/de\/wp-json\/wp\/v2\/types\/product"}],"wp:featuredmedia":[{"embeddable":true,"href":"https:\/\/lucacastelli.com\/de\/wp-json\/wp\/v2\/media\/651057"}],"wp:attachment":[{"href":"https:\/\/lucacastelli.com\/de\/wp-json\/wp\/v2\/media?parent=671381"}],"wp:term":[{"taxonomy":"product_brand","embeddable":true,"href":"https:\/\/lucacastelli.com\/de\/wp-json\/wp\/v2\/product_brand?post=671381"},{"taxonomy":"product_cat","embeddable":true,"href":"https:\/\/lucacastelli.com\/de\/wp-json\/wp\/v2\/product_cat?post=671381"},{"taxonomy":"product_tag","embeddable":true,"href":"https:\/\/lucacastelli.com\/de\/wp-json\/wp\/v2\/product_tag?post=671381"}],"curies":[{"name":"wp","href":"https:\/\/api.w.org\/{rel}","templated":true}]}}