{"id":671337,"date":"2025-11-21T14:51:15","date_gmt":"2025-11-21T13:51:15","guid":{"rendered":"https:\/\/lucacastelli.com\/prodotto\/mico-trek-socke-medium-mittlere-staerke-odor-zero-ionic\/"},"modified":"2025-11-21T14:51:15","modified_gmt":"2025-11-21T13:51:15","slug":"mico-trek-socke-medium-mittlere-staerke-odor-zero-ionic","status":"publish","type":"product","link":"https:\/\/lucacastelli.com\/de\/produkt\/mico-trek-socke-medium-mittlere-staerke-odor-zero-ionic\/","title":{"rendered":"MICO Trek-Socke Medium, mittlere St\u00e4rke, ODOR ZERO IONIC+"},"content":{"rendered":"<div id=\"product-description-short-60\" class=\"mb-4 uppercase text-xs\">Shirt aus Coolmax\u00ae + LYCRA\u00ae-Faser &#8211; Frottee mit mittlerer Dichte aus Coolmax\u00ae+IONIC+\u00ae+LYCRA\u00ae-Faser &#8211; Elastisches Anti-Torsionsband im Fu\u00df und am Kn\u00f6chel &#8211; Anatomische Struktur mit Bel\u00fcftungszonen &#8211; Flache, unsichtbare Anti-Reibungs-Naht<\/div>\n<div class=\"product-information\">\n<div class=\"mb-4 text-xs product_reference\">SKU: CA01541_ 605<\/div>\n<div id=\"product-composition-60\" class=\"mb-4 text-xs\">\n<div>Zusammensetzung<\/div>\n<div class=\"uppercase\">\n<p>51%PL-COOLMAX-41%PA-5%LYCRA-3%X-STATIC<\/p>\n<\/div>\n<\/div>\n<div id=\"product-gender-60\" class=\"mb-4 text-xs\">\n<div>Geschlecht<\/div>\n<div class=\"uppercase\">UNISEX ERWACHSENER<\/div>\n<\/div>\n<\/div>\n","protected":false},"excerpt":{"rendered":"<p>Shirt aus Coolmax\u00ae + LYCRA\u00ae-Faser &#8211; Frottee mit mittlerer Dichte aus Coolmax\u00ae+IONIC+\u00ae+LYCRA\u00ae-Faser &#8211; Elastisches Anti-Torsionsband im Fu\u00df und am Kn\u00f6chel<\/p>\n","protected":false},"featured_media":647214,"template":"","meta":{"_seopress_robots_primary_cat":"none","_seopress_titles_title":"","_seopress_titles_desc":"","_seopress_robots_index":""},"product_brand":[4700],"product_cat":[175,1400],"product_tag":[],"class_list":{"0":"post-671337","1":"product","2":"type-product","3":"status-publish","4":"has-post-thumbnail","6":"product_brand-mico-de","7":"product_cat-schuhe","8":"product_cat-zubehor-fur-schuhe","9":"sws-gruppo-abb-libero-de","10":"sws-conto-ricavi-merci-rivendita-abbigliamento-de","11":"sws-gruppo-iva-iva81-de","13":"first","14":"instock","15":"shipping-taxable","16":"purchasable","17":"product-type-variable","18":"has-default-attributes"},"_links":{"self":[{"href":"https:\/\/lucacastelli.com\/de\/wp-json\/wp\/v2\/product\/671337","targetHints":{"allow":["GET"]}}],"collection":[{"href":"https:\/\/lucacastelli.com\/de\/wp-json\/wp\/v2\/product"}],"about":[{"href":"https:\/\/lucacastelli.com\/de\/wp-json\/wp\/v2\/types\/product"}],"wp:featuredmedia":[{"embeddable":true,"href":"https:\/\/lucacastelli.com\/de\/wp-json\/wp\/v2\/media\/647214"}],"wp:attachment":[{"href":"https:\/\/lucacastelli.com\/de\/wp-json\/wp\/v2\/media?parent=671337"}],"wp:term":[{"taxonomy":"product_brand","embeddable":true,"href":"https:\/\/lucacastelli.com\/de\/wp-json\/wp\/v2\/product_brand?post=671337"},{"taxonomy":"product_cat","embeddable":true,"href":"https:\/\/lucacastelli.com\/de\/wp-json\/wp\/v2\/product_cat?post=671337"},{"taxonomy":"product_tag","embeddable":true,"href":"https:\/\/lucacastelli.com\/de\/wp-json\/wp\/v2\/product_tag?post=671337"}],"curies":[{"name":"wp","href":"https:\/\/api.w.org\/{rel}","templated":true}]}}