{"id":671323,"date":"2025-11-20T09:14:43","date_gmt":"2025-11-20T08:14:43","guid":{"rendered":"https:\/\/lucacastelli.com\/prodotto\/pfanner-flanellhemd\/"},"modified":"2025-11-20T09:14:43","modified_gmt":"2025-11-20T08:14:43","slug":"pfanner-flanellhemd","status":"publish","type":"product","link":"https:\/\/lucacastelli.com\/de\/produkt\/pfanner-flanellhemd\/","title":{"rendered":"PFANNER Flanellhemd"},"content":{"rendered":"<p>Robust. Authentisch. Nachhaltig.<br \/>\nUnser modernes Holzf\u00e4llerhemd mit dem charakteristischen Karomuster vereint einen klassischen Look mit modernsten Materialien. Eine hochwertige Mischung aus Hanf und zertifizierter Bio-Baumwolle, um Strapazierf\u00e4higkeit, Atmungsaktivit\u00e4t und Komfort zu gew\u00e4hrleisten. Hanf verleiht dem Stoff eine nat\u00fcrliche Robustheit, w\u00e4hrend Bio-Baumwolle f\u00fcr Weichheit und Komfort sorgt, vollst\u00e4ndig frei von sch\u00e4dlichen Chemikalien ist und ressourcenschonend hergestellt wird.<br \/>\nFunktionalit\u00e4t trifft auf Design.<br \/>\nIhr Smartphone ist in den praktischen Taschen sicher verstaut und immer griffbereit \u2013 ideal f\u00fcr den Alltag, die Arbeit oder Abenteuer im Freien. Verst\u00e4rkungen an Ellbogen und Schultern aus Hanf, TENCEL\u2122 und recyceltem Polyamid: ein intelligenter Materialmix f\u00fcr mehr Widerstandsf\u00e4higkeit ohne Kompromisse bei der Nachhaltigkeit.     <\/p>\n<p>Material: 15 % Hanf, 85 % Baumwolle<\/p>\n","protected":false},"excerpt":{"rendered":"<p>Robust. Authentisch. Nachhaltig. Unser modernes Holzf\u00e4llerhemd mit dem charakteristischen Karomuster vereint einen klassischen Look mit modernsten Materialien. Eine hochwertige Mischung<\/p>\n","protected":false},"featured_media":671326,"template":"","meta":{"_seopress_robots_primary_cat":"none","_seopress_titles_title":"","_seopress_titles_desc":"","_seopress_robots_index":""},"product_brand":[3670],"product_cat":[1382,974,975,1385,82],"product_tag":[],"class_list":{"0":"post-671323","1":"product","2":"type-product","3":"status-publish","4":"has-post-thumbnail","6":"product_brand-pfanner-de","7":"product_cat-arbeitskleidung","8":"product_cat-freizeitkleidung","9":"product_cat-herrenbekleidung","10":"product_cat-kinderbekleidung","11":"product_cat-kleidung","12":"sws-gruppo-no-gruppo","13":"sws-conto-ricavi-merci-rivendita-abbigliamento","14":"sws-gruppo-iva-iva81","16":"first","17":"instock","18":"shipping-taxable","19":"purchasable","20":"product-type-variable","21":"has-default-attributes"},"_links":{"self":[{"href":"https:\/\/lucacastelli.com\/de\/wp-json\/wp\/v2\/product\/671323","targetHints":{"allow":["GET"]}}],"collection":[{"href":"https:\/\/lucacastelli.com\/de\/wp-json\/wp\/v2\/product"}],"about":[{"href":"https:\/\/lucacastelli.com\/de\/wp-json\/wp\/v2\/types\/product"}],"wp:featuredmedia":[{"embeddable":true,"href":"https:\/\/lucacastelli.com\/de\/wp-json\/wp\/v2\/media\/671326"}],"wp:attachment":[{"href":"https:\/\/lucacastelli.com\/de\/wp-json\/wp\/v2\/media?parent=671323"}],"wp:term":[{"taxonomy":"product_brand","embeddable":true,"href":"https:\/\/lucacastelli.com\/de\/wp-json\/wp\/v2\/product_brand?post=671323"},{"taxonomy":"product_cat","embeddable":true,"href":"https:\/\/lucacastelli.com\/de\/wp-json\/wp\/v2\/product_cat?post=671323"},{"taxonomy":"product_tag","embeddable":true,"href":"https:\/\/lucacastelli.com\/de\/wp-json\/wp\/v2\/product_tag?post=671323"}],"curies":[{"name":"wp","href":"https:\/\/api.w.org\/{rel}","templated":true}]}}