{"id":671154,"date":"2025-11-25T13:06:09","date_gmt":"2025-11-25T12:06:09","guid":{"rendered":"https:\/\/lucacastelli.com\/prodotto\/ortovox-casale-shorts\/"},"modified":"2025-11-25T13:06:09","modified_gmt":"2025-11-25T12:06:09","slug":"ortovox-casale-shorts","status":"publish","type":"product","link":"https:\/\/lucacastelli.com\/de\/produkt\/ortovox-casale-shorts\/","title":{"rendered":"ORTOVOX CASALE SHORTS"},"content":{"rendered":"<div class=\"row row--gutter-width-20 mb-100 mb-md-150\">\n<div class=\"col-12 col-md-6 col-xl-8 js-pds__product-slider pds__product-slider\">\n<div class=\"pdp-column row\">\n<div class=\"pds__product-slider-main position-relative mb-20 mb-md-0\">\n<div class=\"js-pds__product-slider-main slick-slider js-pdsLightbox slick-initialized slick-dotted\" data-pdslightbox-video=\"false\" data-pdslightbox-zoom=\"true\" data-pdslightbox-thumbnail=\"true\">\n<div class=\"slick-list draggable\">\n<div class=\"slick-track\">\n<div id=\"slick-slide10\" class=\"slick-slide slick-current slick-active\" role=\"tabpanel\" data-slick-index=\"0\" aria-hidden=\"false\">\n<div><\/div>\n<\/div>\n<\/div>\n<\/div>\n<\/div>\n<\/div>\n<\/div>\n<\/div>\n<div class=\"col-12 col-md-6 col-xl-4\">\n<div class=\"pdp-column sticky-column\">\n<form class=\"js-parsley mb-0\" novalidate=\"\">\n<div class=\"mb-45 mb-md-30\">\n<div class=\"row\">\n<div class=\"col-12 js-parsley__form-group pds__availability-wrapper\">\n<div class=\"d-flex flex-wrap js-selected-size justify-content-start selected-size-wrapper size-filter\" data-store-check=\"true\">\n<div title=\"Dieser Artikel ist online nicht verf\u00fcgbar!\">\n<div class=\"custom-radio custom-radio--button mr-10 js-selected-size--radio selected-size--radio\">\n<h3>Bequeme und strapazierf\u00e4hige Klettershorts aus textilem Hanf und Bio-Baumwolle f\u00fcr anspruchsvolle alpine Klettereien<\/h3>\n<\/div>\n<p>&nbsp;<\/p>\n<\/div>\n<\/div>\n<div id=\"eyefitu-injection-point\">\n<article class=\"notranslate\" data-brand=\"ORTOVOX Sportartikel GmbH\" data-product=\"35539\" data-gender=\"male\" data-sizes=\"[\"S\",\"M\",\"L\",\"XL\",\"XXL\"]\" data-image=\"https:\/\/dxtb1rh8tbbvs.cloudfront.net\/cache-buster-11757378180\/ORTOVOX\/mediaroom-product-archive\/Men\/Mountainwear\/Pants%20-%20Shorts\/Shorts\/252816\/image-thumb__252816__pds__product\/62021-88201-CASALE_SHORTS_M_arctic_grey-B-01.jpg\" data-language=\"it-CH\" data-flow=\"ortovox\" data-eyefitu-widget=\"true\">\n<div><\/div>\n<\/article>\n<\/div>\n<\/div>\n<\/div>\n<\/div>\n<\/form>\n<\/div>\n<\/div>\n<\/div>\n<div id=\"pds__accordion-additional-info\" class=\" mb-100 mb-md-150 accordion pds__accordion\">\n<div class=\"position-relative\">\n<div class=\"pds__accordion-wrapper border-0\">\n<div id=\"pds__accordion-additional-info-wrapper\" class=\"pds__accordion-features-multi-target pds__accordion-material-properties-multi-target pds__accordion-materials-multi-target collapse seo-collapse-md pds-collapse-md\" data-parent=\"#pds__accordion-additional-info\">\n<div class=\"pb-0\">\n<div class=\"row row--gutter-width-20\">\n<div class=\"col-12 col-md-6 mb-100 mb-md-0\">\n<div class=\"pr-md-20\">\n<div class=\"wysiwyg wysiwyg--no-first-child-correction mb-4\">\n<p>Schroffe Felsen, steile W\u00e4nde: Mit hochwertigen Materialien, einer ergonomischen Passform und funktionellen Details sind die CASALE SHORTS f\u00fcr Herren speziell f\u00fcrs Klettern gemacht.<\/p>\n<p>Das l\u00e4ssige Rippgewebe mit nachhaltig angebautem Hanf und Bio-Baumwolle tr\u00e4gt sich besonders angenehm, w\u00e4hrend ein geringer Elasthananteil volle Bewegungsfreiheit gew\u00e4hrleistet. In besonders beanspruchten Bereichen sind die CASALE SHORTS f\u00fcr Herren mit MERINO SHIELD TEC Material ausgestattet, w\u00e4hrend feine Merinowolle auf der Innenseite f\u00fcr optimales Klima sorgt. Dank des Stoffeinsatzes im Schritt macht diese robuste Kletterhose jede Bewegung mit. Der h\u00f6here, elastische Bund sch\u00fctzt den R\u00fccken auch unter dem Klettergurt optimal. Die nahtfeine Rei\u00dfverschlusstasche am Oberschenkel ist so platziert, dass sie auch unter dem Klettergurt immer leicht zug\u00e4nglich ist.    <\/p>\n<p>Auch optisch machen die CASALE SHORTS f\u00fcr Herren mit ihren Neon-Eins\u00e4tzen und dem l\u00e4ssigen Schnitt sowohl in der Felswand als auch beim Hallentraining eine gute Figur.<\/p>\n<\/div>\n<\/div>\n<div id=\"pds__accordion-features-heading\" class=\"mb-4 mb-md-35\">\n<h3 class=\"pds__accordion-headline p-relative cursor-pointer p-0 m-0\"><span class=\"d-block p-0 accordion js-accordion-custom-toggle js-accordion-custom-toggle--hide-on-collapse\" tabindex=\"0\" role=\"button\" data-collapse=\"false\" data-target=\"#pds__accordion-features-wrapper\" data-multitarget-disabled-mobile=\"\" aria-expanded=\"true\" aria-controls=\"pds__accordion-features-wrapper\"><span class=\"d-flex justify-content-between align-items-center\"><span class=\"word-break-word\">Eigenschaften<\/span><i class=\"accordion__icon pds__accordion-icon icon\"><\/i><\/span><\/span><\/h3>\n<\/div>\n<div class=\"pds__accordion-wrapper\">\n<div id=\"pds__accordion-features-wrapper\" class=\"pds__accordion-features-multi-target collapse show\" data-partial-multi-target=\"true\" data-parent=\"#pds__accordion-features\">\n<div class=\"pb-4\">\n<div class=\"overflow-hidden\">\n<div class=\"wysiwyg\">\n<ul>\n<li>Elastischer G\u00fcrtel<\/li>\n<li>Bund\u00f6ffnung mit Druckkn\u00f6pfen und Rei\u00dfverschluss<\/li>\n<li>G\u00fcrtelschlaufen<\/li>\n<li>2 Taschen mit 1 M\u00fcnztasche<\/li>\n<li>1 Ges\u00e4\u00dftasche<\/li>\n<li>1 versteckte Rei\u00dfverschlusstasche am Oberschenkel<\/li>\n<li>Lockere Passform<\/li>\n<\/ul>\n<\/div>\n<\/div>\n<div id=\"pds__accordion-material-properties-heading\" class=\"mb-4 mb-md-35\">\n<h3 class=\"pds__accordion-headline p-relative cursor-pointer p-0 m-0\"><span class=\"d-block p-0 accordion js-accordion-custom-toggle js-accordion-custom-toggle--hide-on-collapse\" tabindex=\"0\" role=\"button\" data-collapse=\"false\" data-target=\"#pds__accordion-material-properties-wrapper\" data-multitarget-disabled-mobile=\"\" aria-expanded=\"true\" aria-controls=\"pds__accordion-material-properties-wrapper\"><span class=\"d-flex justify-content-between align-items-center\"><span class=\"word-break-word\">Materialeigenschaften<\/span><i class=\"accordion__icon pds__accordion-icon icon\"><\/i><\/span><\/span><\/h3>\n<\/div>\n<div class=\"pds__accordion-wrapper\">\n<div id=\"pds__accordion-material-properties-wrapper\" class=\"pds__accordion-material-properties-multi-target collapse show\" data-partial-multi-target=\"true\" data-parent=\"#pds__accordion-material-properties\">\n<div class=\"pb-4\">\n<div class=\"overflow-hidden\">\n<div class=\"wysiwyg\">\n<ul>\n<li>2-Wege-Stretchmaterial<\/li>\n<li>Bio-Baumwolle<\/li>\n<li>HANF: nachhaltig produzierte Naturfaser, k\u00fchlende Wirkung durch Feuchtigkeitstransport, schnell trocknend<\/li>\n<li>MERINO SHIELD TEC: hohe Abriebfestigkeit, 4-Wege-Stretchmaterial, geringes Gewicht und schnelle Trocknung, Innenseite aus Merinowolle<\/li>\n<li>Atmungsaktivit\u00e4t<\/li>\n<\/ul>\n<\/div>\n<p>HAUPTMATERIAL: 69 % Baumwolle (Bio-Baumwolle) + 29 % Hanf + 2 % Elasthan INNEN: 74 % Polyester + 15 % Wolle (MERINO) + 11 % Elasthan<\/p>\n<\/div>\n<\/div>\n<\/div>\n<\/div>\n<\/div>\n<\/div>\n<\/div>\n<\/div>\n<\/div>\n<\/div>\n<\/div>\n<\/div>\n<\/div>\n<\/div>\n","protected":false},"excerpt":{"rendered":"<p>Bequeme und strapazierf\u00e4hige Klettershorts aus textilem Hanf und Bio-Baumwolle f\u00fcr anspruchsvolle alpine Klettereien &nbsp; Schroffe Felsen, steile W\u00e4nde: Mit hochwertigen<\/p>\n","protected":false},"featured_media":649853,"template":"","meta":{"_seopress_robots_primary_cat":"none","_seopress_titles_title":"","_seopress_titles_desc":"","_seopress_robots_index":""},"product_brand":[3663],"product_cat":[974,975,82],"product_tag":[],"class_list":{"0":"post-671154","1":"product","2":"type-product","3":"status-publish","4":"has-post-thumbnail","6":"product_brand-ortovox-de","7":"product_cat-freizeitkleidung","8":"product_cat-herrenbekleidung","9":"product_cat-kleidung","10":"sws-gruppo-abb-libero-de","11":"sws-conto-ricavi-merci-rivendita-abbigliamento-de","12":"sws-gruppo-iva-iva81-de","14":"first","15":"instock","16":"sale","17":"shipping-taxable","18":"purchasable","19":"product-type-variable","20":"has-default-attributes"},"_links":{"self":[{"href":"https:\/\/lucacastelli.com\/de\/wp-json\/wp\/v2\/product\/671154","targetHints":{"allow":["GET"]}}],"collection":[{"href":"https:\/\/lucacastelli.com\/de\/wp-json\/wp\/v2\/product"}],"about":[{"href":"https:\/\/lucacastelli.com\/de\/wp-json\/wp\/v2\/types\/product"}],"wp:featuredmedia":[{"embeddable":true,"href":"https:\/\/lucacastelli.com\/de\/wp-json\/wp\/v2\/media\/649853"}],"wp:attachment":[{"href":"https:\/\/lucacastelli.com\/de\/wp-json\/wp\/v2\/media?parent=671154"}],"wp:term":[{"taxonomy":"product_brand","embeddable":true,"href":"https:\/\/lucacastelli.com\/de\/wp-json\/wp\/v2\/product_brand?post=671154"},{"taxonomy":"product_cat","embeddable":true,"href":"https:\/\/lucacastelli.com\/de\/wp-json\/wp\/v2\/product_cat?post=671154"},{"taxonomy":"product_tag","embeddable":true,"href":"https:\/\/lucacastelli.com\/de\/wp-json\/wp\/v2\/product_tag?post=671154"}],"curies":[{"name":"wp","href":"https:\/\/api.w.org\/{rel}","templated":true}]}}