{"id":671153,"date":"2025-11-18T20:50:21","date_gmt":"2025-11-18T19:50:21","guid":{"rendered":"https:\/\/lucacastelli.com\/prodotto\/pfanner-atmosphere-damen-merino-wollshirt\/"},"modified":"2025-11-18T20:50:21","modified_gmt":"2025-11-18T19:50:21","slug":"pfanner-atmosphere-damen-merino-wollshirt","status":"publish","type":"product","link":"https:\/\/lucacastelli.com\/de\/produkt\/pfanner-atmosphere-damen-merino-wollshirt\/","title":{"rendered":"PFANNER Atmosphere Damen Merino-Wollshirt"},"content":{"rendered":"<p>Langarmshirt aus feinster Merinowolle und kratzfreiem Modal. Sorgt f\u00fcr ein konstant trockenes Tragegef\u00fchl. Die \u00e4u\u00dfere Merinowolle garantiert dank ihrer hervorragenden Isolationseigenschaften ein ideales K\u00f6rperklima. Die Struktur dieses Shirts leitet Feuchtigkeit von der Haut weg und h\u00e4lt den K\u00f6rper trocken. Zudem nimmt Merinowolle keine Ger\u00fcche an und sorgt so f\u00fcr perfekten Komfort. Dieses Shirt ist ideal, besonders wenn es kalt ist und wenig anstrengende Aktivit\u00e4ten ausge\u00fcbt werden. Dieses Merino-Langarmshirt ist perfekt f\u00fcr die Jagd, die Forstwirtschaft und Outdoor-Aktivit\u00e4ten.<br \/>\n-H\u00e4lt warm, wenn es kalt ist<br \/>\n-Schnell trocknend<br \/>\n-Geruchshemmend<br \/>\n-Sportlicher, eng anliegender Schnitt<br \/>\n-Kratzfrei dank weicher Merinowolle<br \/>\n-Pflegeleicht<br \/>\n-Flachn\u00e4hte<br \/>\n-Hoher Kragen      <\/p>\n<p>Material: 46 % Merinowolle, 45 % Micro-Modal, 9 % Polyamid<\/p>\n","protected":false},"excerpt":{"rendered":"<p>Langarmshirt aus feinster Merinowolle und kratzfreiem Modal. Sorgt f\u00fcr ein konstant trockenes Tragegef\u00fchl. Die \u00e4u\u00dfere Merinowolle garantiert dank ihrer hervorragenden<\/p>\n","protected":false},"featured_media":671160,"template":"","meta":{"_seopress_robots_primary_cat":"","_seopress_titles_title":"","_seopress_titles_desc":"","_seopress_robots_index":""},"product_brand":[3670],"product_cat":[82,974,1388],"product_tag":[],"class_list":{"0":"post-671153","1":"product","2":"type-product","3":"status-publish","4":"has-post-thumbnail","6":"product_brand-pfanner-de","7":"product_cat-kleidung","8":"product_cat-freizeitkleidung","9":"product_cat-damenbekleidung","10":"sws-gruppo-no-gruppo","11":"sws-conto-ricavi-merci-rivendita-abbigliamento","12":"sws-gruppo-iva-iva81","14":"first","15":"instock","16":"shipping-taxable","17":"purchasable","18":"product-type-variable"},"_links":{"self":[{"href":"https:\/\/lucacastelli.com\/de\/wp-json\/wp\/v2\/product\/671153","targetHints":{"allow":["GET"]}}],"collection":[{"href":"https:\/\/lucacastelli.com\/de\/wp-json\/wp\/v2\/product"}],"about":[{"href":"https:\/\/lucacastelli.com\/de\/wp-json\/wp\/v2\/types\/product"}],"wp:featuredmedia":[{"embeddable":true,"href":"https:\/\/lucacastelli.com\/de\/wp-json\/wp\/v2\/media\/671160"}],"wp:attachment":[{"href":"https:\/\/lucacastelli.com\/de\/wp-json\/wp\/v2\/media?parent=671153"}],"wp:term":[{"taxonomy":"product_brand","embeddable":true,"href":"https:\/\/lucacastelli.com\/de\/wp-json\/wp\/v2\/product_brand?post=671153"},{"taxonomy":"product_cat","embeddable":true,"href":"https:\/\/lucacastelli.com\/de\/wp-json\/wp\/v2\/product_cat?post=671153"},{"taxonomy":"product_tag","embeddable":true,"href":"https:\/\/lucacastelli.com\/de\/wp-json\/wp\/v2\/product_tag?post=671153"}],"curies":[{"name":"wp","href":"https:\/\/api.w.org\/{rel}","templated":true}]}}