{"id":669170,"date":"2025-12-02T13:28:16","date_gmt":"2025-12-02T12:28:16","guid":{"rendered":"https:\/\/lucacastelli.com\/prodotto\/ortovox-westalpen-softshell-hose\/"},"modified":"2026-03-18T22:42:07","modified_gmt":"2026-03-18T21:42:07","slug":"ortovox-westalpen-softshell-hose","status":"publish","type":"product","link":"https:\/\/lucacastelli.com\/de\/produkt\/ortovox-westalpen-softshell-hose\/","title":{"rendered":"ORTOVOX WESTALPEN SOFTSHELL HOSE"},"content":{"rendered":"<h3>Technische und robuste Softshell-Hose f\u00fcr Hochtouren<\/h3>\n<p>Von sonnigen Gletscher\u00fcberquerungen bis hin zu st\u00fcrmischen Anstiegen erfordert das Bergsteigen in Schnee und Eis eine hohe Anpassungsf\u00e4higkeit. Die Antwort ist die WESTALPEN SOFTSHELL JACKET f\u00fcr Herren mit einem innovativen Materialmix mit Merinowolle, der Atmungsaktivit\u00e4t und Strapazierf\u00e4higkeit vereint. 100 % zuverl\u00e4ssig, damit Sie sich voll und ganz dem Berg widmen k\u00f6nnen.  <\/p>\n<p>Der elastische MERINO NATURETEC-Materialmix und die robusten MERINO NATURETEC RIPS-Eins\u00e4tze im Kniebereich machen diese Hose extrem widerstandsf\u00e4hig, atmungsaktiv und komfortabel. Das Innenfutter aus Merinowolle garantiert h\u00f6chsten Tragekomfort, w\u00e4hrend das robuste Au\u00dfengewebe wasser- und windabweisend ist. <\/p>\n<p>Besonders raffiniert ist das Quick-Gaiter-System, das die Gamasche vollst\u00e4ndig ersetzt. Dank einer Tunnelkonstruktion l\u00e4sst sich der Saum einfach und schnell verstellen, sodass er perfekt am Bergschuh abschlie\u00dft. Eine abriebfeste Dyneema\u00ae-Schlaufe und ein Schn\u00fcrhaken halten die Hose beim Gehen in Position.  <\/p>\n<p>Zu den weiteren Features f\u00fcr Alpinisten geh\u00f6ren die Kantenschutz aus Dyneema\u00ae-CORDURA\u00ae, seitliche Bel\u00fcftungsrei\u00dfverschl\u00fcsse, der vorgeformte Kniebereich und die weitenregulierbare Taille.<\/p>\n<p>Die WESTALPEN SOFTSHELL HOSE f\u00fcr Herren ist PFC-frei und klimaneutral.<\/p>\n","protected":false},"excerpt":{"rendered":"<p>Technische und robuste Softshell-Hose f\u00fcr Hochtouren Von sonnigen Gletscher\u00fcberquerungen bis hin zu st\u00fcrmischen Anstiegen erfordert das Bergsteigen in Schnee und<\/p>\n","protected":false},"featured_media":655255,"template":"","meta":{"_seopress_robots_primary_cat":"none","_seopress_titles_title":"","_seopress_titles_desc":"","_seopress_robots_index":""},"product_brand":[3280],"product_cat":[21,189,190],"product_tag":[],"class_list":{"0":"post-669170","1":"product","2":"type-product","3":"status-publish","4":"has-post-thumbnail","6":"product_brand-ortovox","7":"product_cat-abbigliamento","8":"product_cat-abbigliamento-per-il-tempo-libero","9":"product_cat-abbigliamento-da-uomo","10":"sws-gruppo-abb-libero-de","11":"sws-conto-ricavi-merci-rivendita-abbigliamento-de","12":"sws-gruppo-iva-iva81-de","14":"first","15":"instock","16":"sale","17":"shipping-taxable","18":"purchasable","19":"product-type-variable","20":"has-default-attributes"},"_links":{"self":[{"href":"https:\/\/lucacastelli.com\/de\/wp-json\/wp\/v2\/product\/669170","targetHints":{"allow":["GET"]}}],"collection":[{"href":"https:\/\/lucacastelli.com\/de\/wp-json\/wp\/v2\/product"}],"about":[{"href":"https:\/\/lucacastelli.com\/de\/wp-json\/wp\/v2\/types\/product"}],"wp:featuredmedia":[{"embeddable":true,"href":"https:\/\/lucacastelli.com\/de\/wp-json\/wp\/v2\/media\/655255"}],"wp:attachment":[{"href":"https:\/\/lucacastelli.com\/de\/wp-json\/wp\/v2\/media?parent=669170"}],"wp:term":[{"taxonomy":"product_brand","embeddable":true,"href":"https:\/\/lucacastelli.com\/de\/wp-json\/wp\/v2\/product_brand?post=669170"},{"taxonomy":"product_cat","embeddable":true,"href":"https:\/\/lucacastelli.com\/de\/wp-json\/wp\/v2\/product_cat?post=669170"},{"taxonomy":"product_tag","embeddable":true,"href":"https:\/\/lucacastelli.com\/de\/wp-json\/wp\/v2\/product_tag?post=669170"}],"curies":[{"name":"wp","href":"https:\/\/api.w.org\/{rel}","templated":true}]}}