{"id":669150,"date":"2025-12-02T11:53:28","date_gmt":"2025-12-02T10:53:28","guid":{"rendered":"https:\/\/lucacastelli.com\/prodotto\/ortovox-pala-shorts-2\/"},"modified":"2025-12-02T11:53:28","modified_gmt":"2025-12-02T10:53:28","slug":"ortovox-pala-shorts-2","status":"publish","type":"product","link":"https:\/\/lucacastelli.com\/de\/produkt\/ortovox-pala-shorts-2\/","title":{"rendered":"ORTOVOX PALA SHORTS"},"content":{"rendered":"<h3>Extrem robuste Shorts im athletischen Schnitt aus Stretchmaterial, entwickelt f\u00fcr Klettereien im alpinen Gel\u00e4nde<\/h3>\n<p>Aus dem felsigen Plateau ragen die massiven und bizarren T\u00fcrme von St. Martin empor. Wer hier am s\u00fcdlichsten Massiv der Dolomiten klettert, braucht starke Nerven \u2013 und ebenso starkes Material. Speziell f\u00fcr diese langen alpinen Routen haben wir unsere MERINO SHIELD TEC Linie entwickelt!  <\/p>\n<p>Das extrem abriebfeste Au\u00dfenmaterial der PALA SHORTS f\u00fcr Herren \u00fcbersteht \u00fcber 50.000 Scheuerzyklen im Martindale-Test, mit dem die Abriebfestigkeit gepr\u00fcft wird. Das Vier-Wege-Stretchmaterial erm\u00f6glicht maximale Bewegungsfreiheit, unterst\u00fctzt durch einen athletischen Schnitt und den vorgeformten Kniebereich. Dank der Membranfreiheit sind die PALA SHORTS f\u00fcr Herren besonders atmungsaktiv, w\u00e4hrend feine Merinowolle innen und MERINO MESH im Bund f\u00fcr hohen Tragekomfort sorgen. Dank der f\u00fcr Klettergurt und Rucksack optimierten oberen Taschen und der Kartentasche ist alles Notwendige immer griffbereit. Die M\u00f6glichkeit, den G\u00fcrtel zu verstellen, garantiert bei jeder Bewegung eine optimale Passform. Der Umwelt zuliebe ist die gesamte MERINO SHIELD TEC Linie zudem komplett PFC-frei und klimaneutral mit CO2-Kompensation.     <\/p>\n<p>Mit ihrem modernen Look ist die PALA Hose f\u00fcr Herren in der Lage, lange Klettertouren an hohen Felsw\u00e4nden zu bew\u00e4ltigen.<\/p>\n<p><span style=\"color: #1b1919;font-size: 22px\">Eigenschaften<\/span><\/p>\n<div class=\"pds__accordion-wrapper\">\n<div id=\"pds__accordion-features-wrapper\" class=\"pds__accordion-features-multi-target collapse show\" data-partial-multi-target=\"true\" data-parent=\"#pds__accordion-features\">\n<div class=\"pb-4\">\n<div class=\"overflow-hidden\">\n<div class=\"wysiwyg\">\n<ul>\n<li>Verstellbarer Saum<\/li>\n<li>Merino-Mesh-Eins\u00e4tze im Bundbereich<\/li>\n<li>2 obere Taschen<\/li>\n<li>1 Ges\u00e4sstasche mit Reissverschluss<\/li>\n<li>Geformtes Knie<\/li>\n<li>Regular Fit<\/li>\n<\/ul>\n<p><span style=\"color: #1b1919;font-size: 22px\">Materialeigenschaften<\/span><\/p>\n<\/div>\n<\/div>\n<\/div>\n<\/div>\n<\/div>\n<div class=\"pds__accordion-wrapper\">\n<div id=\"pds__accordion-material-properties-wrapper\" class=\"pds__accordion-material-properties-multi-target collapse show\" data-partial-multi-target=\"true\" data-parent=\"#pds__accordion-material-properties\">\n<div class=\"pb-4\">\n<div class=\"overflow-hidden\">\n<div class=\"wysiwyg\">\n<ul>\n<li>Hohe Abriebfestigkeit: &gt; 50.000 Scheuertouren im Martindale-Test<\/li>\n<li>Vier-Wege-Stretch-Gewebe<\/li>\n<li>Atmungsaktivit\u00e4t<\/li>\n<li>Leicht<\/li>\n<li>Trocknet schnell<\/li>\n<li>Wasserabweisend dank PFC-freier DWR-Beschichtung<\/li>\n<li>Merino inside<\/li>\n<li>PFC-frei: Wasser und Schmutz perlen ab<\/li>\n<\/ul>\n<p>HAUPTMATERIAL: 74 % Polyamid + 15 % Wolle (MERINO OWP) + 11 % Elastan EINS\u00c4TZE: 91 % Polyamid + 9 % Elastan<\/p>\n<\/div>\n<\/div>\n<\/div>\n<\/div>\n<\/div>\n","protected":false},"excerpt":{"rendered":"<p>Extrem robuste Shorts im athletischen Schnitt aus Stretchmaterial, entwickelt f\u00fcr Klettereien im alpinen Gel\u00e4nde Aus dem felsigen Plateau ragen die<\/p>\n","protected":false},"featured_media":655165,"template":"","meta":{"_seopress_robots_primary_cat":"none","_seopress_titles_title":"","_seopress_titles_desc":"","_seopress_robots_index":""},"product_brand":[3663],"product_cat":[974,975,82],"product_tag":[],"class_list":{"0":"post-669150","1":"product","2":"type-product","3":"status-publish","4":"has-post-thumbnail","6":"product_brand-ortovox-de","7":"product_cat-freizeitkleidung","8":"product_cat-herrenbekleidung","9":"product_cat-kleidung","10":"sws-gruppo-abb-libero-de","11":"sws-conto-ricavi-merci-rivendita-abbigliamento-de","12":"sws-gruppo-iva-iva81-de","14":"first","15":"instock","16":"sale","17":"shipping-taxable","18":"purchasable","19":"product-type-variable","20":"has-default-attributes"},"_links":{"self":[{"href":"https:\/\/lucacastelli.com\/de\/wp-json\/wp\/v2\/product\/669150","targetHints":{"allow":["GET"]}}],"collection":[{"href":"https:\/\/lucacastelli.com\/de\/wp-json\/wp\/v2\/product"}],"about":[{"href":"https:\/\/lucacastelli.com\/de\/wp-json\/wp\/v2\/types\/product"}],"wp:featuredmedia":[{"embeddable":true,"href":"https:\/\/lucacastelli.com\/de\/wp-json\/wp\/v2\/media\/655165"}],"wp:attachment":[{"href":"https:\/\/lucacastelli.com\/de\/wp-json\/wp\/v2\/media?parent=669150"}],"wp:term":[{"taxonomy":"product_brand","embeddable":true,"href":"https:\/\/lucacastelli.com\/de\/wp-json\/wp\/v2\/product_brand?post=669150"},{"taxonomy":"product_cat","embeddable":true,"href":"https:\/\/lucacastelli.com\/de\/wp-json\/wp\/v2\/product_cat?post=669150"},{"taxonomy":"product_tag","embeddable":true,"href":"https:\/\/lucacastelli.com\/de\/wp-json\/wp\/v2\/product_tag?post=669150"}],"curies":[{"name":"wp","href":"https:\/\/api.w.org\/{rel}","templated":true}]}}