{"id":669103,"date":"2025-12-02T13:08:52","date_gmt":"2025-12-02T12:08:52","guid":{"rendered":"https:\/\/lucacastelli.com\/prodotto\/ortovox-westalpen-softshell-jacke\/"},"modified":"2025-12-02T13:08:52","modified_gmt":"2025-12-02T12:08:52","slug":"ortovox-westalpen-softshell-jacke","status":"publish","type":"product","link":"https:\/\/lucacastelli.com\/de\/produkt\/ortovox-westalpen-softshell-jacke\/","title":{"rendered":"ORTOVOX WESTALPEN SOFTSHELL Jacke"},"content":{"rendered":"<h3>Technische und robuste Softshell-Jacke f\u00fcr hochalpines Trekking<\/h3>\n<p>&nbsp;<\/p>\n<p>Von sonnigen Gletscher\u00fcberquerungen bis hin zu st\u00fcrmischen Anstiegen erfordert das Bergsteigen auf Schnee und Eis eine gro\u00dfe Anpassungsf\u00e4higkeit. Die Antwort ist die WESTALPEN SOFTSHELL Jacke f\u00fcr Herren mit einem innovativen Materialmix mit Merinowolle, der Atmungsaktivit\u00e4t und Widerstandsf\u00e4higkeit vereint. 100 % zuverl\u00e4ssig, damit Sie sich voll und ganz dem Berg widmen k\u00f6nnen.  <\/p>\n<p>An den Unterarmen und an den H\u00fcften sch\u00fctzen robuste Eins\u00e4tze aus MERINO NATURETEC RIPS vor Abrieb und Besch\u00e4digungen. Das Material MERINO NATURETEC wird in den weniger exponierten Bereichen eingesetzt und garantiert Atmungsaktivit\u00e4t, Bewegungsfreiheit und ein angenehmes Klima bei Ihren Touren. <\/p>\n<p>Wenn Sie den Eispickel an steilen Fels- oder Eisw\u00e4nden einsetzen, unterst\u00fctzt die High Reach Performance Passform mit l\u00e4nger geschnittenen \u00c4rmeln und langem Rumpf die ausladenden Armbewegungen. Die helmtaugliche Kapuze ist mit einem einfachen Handgriff schnell verstellbar und garantiert zusammen mit den weitenverstellbaren \u00c4rmelb\u00fcndchen und dem Saum maximalen Wetterschutz. Die weichen Merino Mesh Eins\u00e4tze am Kinn sorgen f\u00fcr angenehmen Komfort.  <\/p>\n<p>Ein weiteres praktisches Feature ist, dass Sie dank des Zwei-Wege-Rei\u00dfverschlusses jederzeit problemlos auf den Klettergurt zugreifen k\u00f6nnen. Zwei strategisch platzierte Brusttaschen erm\u00f6glichen es Ihnen, Handy, Snacks und Co. schnell griffbereit zu haben. <\/p>\n<p>Die WESTALPEN SOFTSHELL Jacke f\u00fcr Herren wird in Europa klimaneutral produziert.<\/p>\n<p>&nbsp;<\/p>\n<div id=\"pds__accordion-features-heading\" class=\"mb-4 mb-md-35\">\n<h3 class=\"pds__accordion-headline p-relative cursor-pointer p-0 m-0\"><span class=\"d-block p-0 accordion js-accordion-custom-toggle js-accordion-custom-toggle--hide-on-collapse\" tabindex=\"0\" role=\"button\" data-collapse=\"false\" data-target=\"#pds__accordion-features-wrapper\" data-multitarget-disabled-mobile=\"\" aria-expanded=\"true\" aria-controls=\"pds__accordion-features-wrapper\"><span class=\"d-flex justify-content-between align-items-center\"><span class=\"word-break-word\">Eigenschaften<\/span><i class=\"accordion__icon pds__accordion-icon icon\"><\/i><\/span><\/span><\/h3>\n<\/div>\n<div class=\"pds__accordion-wrapper\">\n<div id=\"pds__accordion-features-wrapper\" class=\"pds__accordion-features-multi-target collapse show\" data-partial-multi-target=\"true\" data-parent=\"#pds__accordion-features\">\n<div class=\"pb-4\">\n<div class=\"overflow-hidden\">\n<div class=\"wysiwyg\">\n<ul>\n<li>Verstellbare Kapuze<\/li>\n<li>Merino-Mesh-Eins\u00e4tze im Kinnbereich<\/li>\n<li>2 Brusttaschen<\/li>\n<li>Mesh-Taschenfutter mit Bel\u00fcftungsfunktion<\/li>\n<li>Zwei-Wege-Rei\u00dfverschluss vorne<\/li>\n<li>Verstellbare \u00c4rmell\u00e4nge<\/li>\n<li>Verstellbarer Bund<\/li>\n<li>Regular Fit<\/li>\n<\/ul>\n<\/div>\n<\/div>\n<div id=\"pds__accordion-material-properties-heading\" class=\"mb-4 mb-md-35\">\n<h3 class=\"pds__accordion-headline p-relative cursor-pointer p-0 m-0\"><span class=\"d-block p-0 accordion js-accordion-custom-toggle js-accordion-custom-toggle--hide-on-collapse\" tabindex=\"0\" role=\"button\" data-collapse=\"false\" data-target=\"#pds__accordion-material-properties-wrapper\" data-multitarget-disabled-mobile=\"\" aria-expanded=\"true\" aria-controls=\"pds__accordion-material-properties-wrapper\"><span class=\"d-flex justify-content-between align-items-center\"><span class=\"word-break-word\">Materialeigenschaften<\/span><i class=\"accordion__icon pds__accordion-icon icon\"><\/i><\/span><\/span><\/h3>\n<\/div>\n<div class=\"pds__accordion-wrapper\">\n<div id=\"pds__accordion-material-properties-wrapper\" class=\"pds__accordion-material-properties-multi-target collapse show\" data-partial-multi-target=\"true\" data-parent=\"#pds__accordion-material-properties\">\n<div class=\"pb-4\">\n<div class=\"overflow-hidden\">\n<div class=\"wysiwyg\">\n<ul>\n<li>MERINO NATURETEC: elastisch, wasserabweisend und winddicht, hoch atmungsaktiv<\/li>\n<li>MERINO NATURETEC RIPS: besonders robust, hohe Abriebfestigkeit (&gt; 100.000 Abriebzyklen im Martindale-Test)<\/li>\n<li>Merinowolle auf der Haut<\/li>\n<\/ul>\n<\/div>\n<\/div>\n<p>HAUPTMATERIAL 1: NATURETEC: 86 % Polyamid, 7 % Wolle (MERINO), 7 % Elastan<\/p>\n<p>HAUPTMATERIAL 2: NATURETEC RIPS: 85 % Polyamid + 9 % Wolle (MERINO) + 6 % Elastan<\/p>\n<\/div>\n<\/div>\n<\/div>\n<\/div>\n<\/div>\n<\/div>\n","protected":false},"excerpt":{"rendered":"<p>Technische und robuste Softshell-Jacke f\u00fcr hochalpines Trekking &nbsp; Von sonnigen Gletscher\u00fcberquerungen bis hin zu st\u00fcrmischen Anstiegen erfordert das Bergsteigen auf<\/p>\n","protected":false},"featured_media":655230,"template":"","meta":{"_seopress_robots_primary_cat":"","_seopress_titles_title":"","_seopress_titles_desc":"","_seopress_robots_index":""},"product_brand":[3663],"product_cat":[974,975,82],"product_tag":[],"class_list":{"0":"post-669103","1":"product","2":"type-product","3":"status-publish","4":"has-post-thumbnail","6":"product_brand-ortovox-de","7":"product_cat-freizeitkleidung","8":"product_cat-herrenbekleidung","9":"product_cat-kleidung","10":"sws-gruppo-abb-libero-de","11":"sws-conto-ricavi-merci-rivendita-abbigliamento-de","12":"sws-gruppo-iva-iva81-de","14":"first","15":"instock","16":"sale","17":"shipping-taxable","18":"purchasable","19":"product-type-variable","20":"has-default-attributes"},"_links":{"self":[{"href":"https:\/\/lucacastelli.com\/de\/wp-json\/wp\/v2\/product\/669103","targetHints":{"allow":["GET"]}}],"collection":[{"href":"https:\/\/lucacastelli.com\/de\/wp-json\/wp\/v2\/product"}],"about":[{"href":"https:\/\/lucacastelli.com\/de\/wp-json\/wp\/v2\/types\/product"}],"wp:featuredmedia":[{"embeddable":true,"href":"https:\/\/lucacastelli.com\/de\/wp-json\/wp\/v2\/media\/655230"}],"wp:attachment":[{"href":"https:\/\/lucacastelli.com\/de\/wp-json\/wp\/v2\/media?parent=669103"}],"wp:term":[{"taxonomy":"product_brand","embeddable":true,"href":"https:\/\/lucacastelli.com\/de\/wp-json\/wp\/v2\/product_brand?post=669103"},{"taxonomy":"product_cat","embeddable":true,"href":"https:\/\/lucacastelli.com\/de\/wp-json\/wp\/v2\/product_cat?post=669103"},{"taxonomy":"product_tag","embeddable":true,"href":"https:\/\/lucacastelli.com\/de\/wp-json\/wp\/v2\/product_tag?post=669103"}],"curies":[{"name":"wp","href":"https:\/\/api.w.org\/{rel}","templated":true}]}}