{"id":669073,"date":"2025-11-27T10:08:44","date_gmt":"2025-11-27T09:08:44","guid":{"rendered":"https:\/\/lucacastelli.com\/prodotto\/ortovox-pala-hose\/"},"modified":"2025-11-27T10:08:44","modified_gmt":"2025-11-27T09:08:44","slug":"ortovox-pala-hose","status":"publish","type":"product","link":"https:\/\/lucacastelli.com\/de\/produkt\/ortovox-pala-hose\/","title":{"rendered":"ORTOVOX PALA Hose"},"content":{"rendered":"<h2 id=\"toc-entry-target-1\" class=\"js-toc__title pds__detail-headline\" tabindex=\"-1\">SCHUTZ AUF ALPINEN ROUTEN<\/h2>\n<p>&nbsp;<\/p>\n<h3>Extrem robuste, athletische Hose mit Stretch f\u00fcr alpine Klettereien<\/h3>\n<p>&nbsp;<\/p>\n<p>Aus dem felsigen Plateau ragen die massiven und bizarren T\u00fcrme von St. Martin empor. Wer hier am s\u00fcdlichsten Massiv der Dolomiten klettert, braucht starke Nerven \u2013 und ebenso starkes Material. Speziell f\u00fcr diese langen alpinen Routen haben wir unsere MERINO SHIELD TEC Linie entwickelt!  <\/p>\n<p>Das extrem abriebfeste Aussenmaterial der PALA Hose f\u00fcr Herren \u00fcbersteht \u00fcber 50.000 Scheuerzyklen im Martindale-Test, mit dem die Abriebfestigkeit gepr\u00fcft wird. Zus\u00e4tzliche Eins\u00e4tze im vorgeformten Kniebereich bieten maximalen Schutz vor rauem Fels. Das Vier-Wege-Stretchmaterial erm\u00f6glicht maximale Bewegungsfreiheit, unterst\u00fctzt durch einen athletischen Schnitt. Dank der Membran-freien Konstruktion ist die PALA Hose f\u00fcr Herren besonders atmungsaktiv, w\u00e4hrend feine Merinowolle auf der Innenseite und MERINO MESH im Bund f\u00fcr hohen Tragekomfort sorgen. Dank der f\u00fcr Klettergurt und Rucksack optimierten oberen Taschen und der Kartentasche ist alles Notwendige immer griffbereit. Die M\u00f6glichkeit, Saum und Bund zu verstellen, garantiert bei jeder Bewegung eine optimale Passform. Der Umwelt zuliebe ist die gesamte MERINO SHIELD TEC Linie zudem komplett PFC-frei und klimaneutral mit CO2-Kompensation.      <\/p>\n<p>Mit ihrem modernen Look ist die PALA Hose f\u00fcr Herren in der Lage, lange Klettertouren an hohen Felsw\u00e4nden zu bew\u00e4ltigen.<\/p>\n<p>&nbsp;<\/p>\n<div id=\"pds__accordion-features-heading\" class=\"mb-4 mb-md-35\">\n<h3 class=\"pds__accordion-headline p-relative cursor-pointer p-0 m-0\"><span class=\"d-block p-0 accordion js-accordion-custom-toggle js-accordion-custom-toggle--hide-on-collapse\" tabindex=\"0\" role=\"button\" data-collapse=\"false\" data-target=\"#pds__accordion-features-wrapper\" data-multitarget-disabled-mobile=\"\" aria-expanded=\"true\" aria-controls=\"pds__accordion-features-wrapper\"><span class=\"d-flex justify-content-between align-items-center\"><span class=\"word-break-word\">Eigenschaften<\/span><i class=\"accordion__icon pds__accordion-icon icon\"><\/i><\/span><\/span><\/h3>\n<\/div>\n<div class=\"pds__accordion-wrapper\">\n<div id=\"pds__accordion-features-wrapper\" class=\"pds__accordion-features-multi-target collapse show\" data-partial-multi-target=\"true\" data-parent=\"#pds__accordion-features\">\n<div class=\"pb-4\">\n<div class=\"overflow-hidden\">\n<div class=\"wysiwyg\">\n<ul>\n<li>Verstellbarer Saum<\/li>\n<li>Merino-Mesh-Eins\u00e4tze im Bundbereich<\/li>\n<li>2 obere Taschen<\/li>\n<li>1 Ges\u00e4sstasche mit Reissverschluss<\/li>\n<li>Vorgeformter und verst\u00e4rkter Kniebereich<\/li>\n<li>Verstellbarer Bund<\/li>\n<li>Regular Fit<\/li>\n<\/ul>\n<p>&nbsp;<\/p>\n<\/div>\n<div id=\"pds__accordion-material-properties-heading\" class=\"mb-4 mb-md-35\">\n<h3 class=\"pds__accordion-headline p-relative cursor-pointer p-0 m-0\"><span class=\"d-block p-0 accordion js-accordion-custom-toggle js-accordion-custom-toggle--hide-on-collapse\" tabindex=\"0\" role=\"button\" data-collapse=\"false\" data-target=\"#pds__accordion-material-properties-wrapper\" data-multitarget-disabled-mobile=\"\" aria-expanded=\"true\" aria-controls=\"pds__accordion-material-properties-wrapper\"><span class=\"d-flex justify-content-between align-items-center\"><span class=\"word-break-word\">Materialeigenschaften<\/span><i class=\"accordion__icon pds__accordion-icon icon\"><\/i><\/span><\/span><\/h3>\n<\/div>\n<div class=\"pds__accordion-wrapper\">\n<div id=\"pds__accordion-material-properties-wrapper\" class=\"pds__accordion-material-properties-multi-target collapse show\" data-partial-multi-target=\"true\" data-parent=\"#pds__accordion-material-properties\">\n<div class=\"pb-4\">\n<div class=\"overflow-hidden\">\n<div class=\"wysiwyg\">\n<ul>\n<li>Hohe Abriebfestigkeit: &gt; 50.000 Scheuertouren im Martindale-Test<\/li>\n<li>Vier-Wege-Stretch-Gewebe<\/li>\n<li>Atmungsaktivit\u00e4t<\/li>\n<li>Leicht<\/li>\n<li>Trocknet schnell<\/li>\n<li>Wasserabweisend dank PFC-freier DWR-Beschichtung<\/li>\n<li>Merino inside<\/li>\n<li>PFC-frei: Wasser und Schmutz perlen ab<\/li>\n<\/ul>\n<p>HAUPTMATERIAL: 74 % Polyamid + 15 % Wolle (MERINO OWP) + 11 % Elastan EINS\u00c4TZE: 91 % Polyamid + 9 % Elastan<\/p>\n<\/div>\n<\/div>\n<\/div>\n<\/div>\n<\/div>\n<\/div>\n<\/div>\n<\/div>\n<\/div>\n","protected":false},"excerpt":{"rendered":"<p>SCHUTZ AUF ALPINEN ROUTEN &nbsp; Extrem robuste, athletische Hose mit Stretch f\u00fcr alpine Klettereien &nbsp; Aus dem felsigen Plateau ragen<\/p>\n","protected":false},"featured_media":651120,"template":"","meta":{"_seopress_robots_primary_cat":"none","_seopress_titles_title":"","_seopress_titles_desc":"","_seopress_robots_index":""},"product_brand":[3663],"product_cat":[82,974,975],"product_tag":[],"class_list":{"0":"post-669073","1":"product","2":"type-product","3":"status-publish","4":"has-post-thumbnail","6":"product_brand-ortovox-de","7":"product_cat-kleidung","8":"product_cat-freizeitkleidung","9":"product_cat-herrenbekleidung","10":"sws-gruppo-abb-libero-de","11":"sws-conto-ricavi-merci-rivendita-abbigliamento-de","12":"sws-gruppo-iva-iva81-de","14":"first","15":"instock","16":"sale","17":"shipping-taxable","18":"purchasable","19":"product-type-variable","20":"has-default-attributes"},"_links":{"self":[{"href":"https:\/\/lucacastelli.com\/de\/wp-json\/wp\/v2\/product\/669073","targetHints":{"allow":["GET"]}}],"collection":[{"href":"https:\/\/lucacastelli.com\/de\/wp-json\/wp\/v2\/product"}],"about":[{"href":"https:\/\/lucacastelli.com\/de\/wp-json\/wp\/v2\/types\/product"}],"wp:featuredmedia":[{"embeddable":true,"href":"https:\/\/lucacastelli.com\/de\/wp-json\/wp\/v2\/media\/651120"}],"wp:attachment":[{"href":"https:\/\/lucacastelli.com\/de\/wp-json\/wp\/v2\/media?parent=669073"}],"wp:term":[{"taxonomy":"product_brand","embeddable":true,"href":"https:\/\/lucacastelli.com\/de\/wp-json\/wp\/v2\/product_brand?post=669073"},{"taxonomy":"product_cat","embeddable":true,"href":"https:\/\/lucacastelli.com\/de\/wp-json\/wp\/v2\/product_cat?post=669073"},{"taxonomy":"product_tag","embeddable":true,"href":"https:\/\/lucacastelli.com\/de\/wp-json\/wp\/v2\/product_tag?post=669073"}],"curies":[{"name":"wp","href":"https:\/\/api.w.org\/{rel}","templated":true}]}}