{"id":669045,"date":"2025-12-19T10:18:26","date_gmt":"2025-12-19T09:18:26","guid":{"rendered":"https:\/\/lucacastelli.com\/prodotto\/geschenkgutschein-die-freiheit-der-wahl\/"},"modified":"2025-12-19T10:18:26","modified_gmt":"2025-12-19T09:18:26","slug":"geschenkgutschein-die-freiheit-der-wahl","status":"publish","type":"product","link":"https:\/\/lucacastelli.com\/de\/produkt\/geschenkgutschein-die-freiheit-der-wahl\/","title":{"rendered":"Geschenkgutschein \u2013 Die Freiheit der Wahl"},"content":{"rendered":"<p data-path-to-node=\"2\">Mit unserem <b data-path-to-node=\"2\" data-index-in-node=\"14\">Geschenkgutschein<\/b> liegen Sie immer richtig, was Gr\u00f6\u00dfe oder Farbe betrifft! Er ist die ideale Aufmerksamkeit f\u00fcr Geburtstage, Jubil\u00e4en oder einfach nur so und \u00fcberl\u00e4sst dem Beschenkten die Freude, das aus unserem Katalog auszuw\u00e4hlen, was ihm wirklich gef\u00e4llt. <\/p>\n<p data-path-to-node=\"3\">Der Gutschein ist in verschiedenen <b data-path-to-node=\"3\" data-index-in-node=\"23\">Wertvarianten<\/b> erh\u00e4ltlich und passt zu jedem Budget und Bedarf. W\u00e4hlen Sie aus den verf\u00fcgbaren Betr\u00e4gen und personalisieren Sie Ihr Geschenk mit wenigen Klicks. Praktisch, elegant und sofort verf\u00fcgbar: Schenken Sie ein L\u00e4cheln ohne Stress.  <\/p>\n<p data-path-to-node=\"3\">Wenn Sie einen Gutschein mit einem bestimmten, nicht aufgef\u00fchrten Wert w\u00fcnschen, k\u00f6nnen Sie so viele Gutscheine kaufen, wie der gew\u00fcnschte Wert betr\u00e4gt, und in den Anmerkungen angeben, dass Sie einen einzigen Gutschein w\u00fcnschen.<\/p>\n<p data-path-to-node=\"3\">Unser Gutschein wird Ihnen in Form einer alphanumerischen Karte an Ihre Adresse gesendet.<\/p>\n","protected":false},"excerpt":{"rendered":"<p>Mit unserem Geschenkgutschein liegen Sie immer richtig, was Gr\u00f6\u00dfe oder Farbe betrifft! Er ist die ideale Aufmerksamkeit f\u00fcr Geburtstage, Jubil\u00e4en<\/p>\n","protected":false},"featured_media":669048,"template":"","meta":{"_seopress_robots_primary_cat":"none","_seopress_titles_title":"","_seopress_titles_desc":"","_seopress_robots_index":""},"product_brand":[3411],"product_cat":[1103],"product_tag":[],"class_list":{"0":"post-669045","1":"product","2":"type-product","3":"status-publish","4":"has-post-thumbnail","6":"product_brand-luca-castelli-legnami","7":"product_cat-shops","8":"sws-gruppo-iva-iva81-de","10":"first","11":"instock","12":"shipping-taxable","13":"purchasable","14":"product-type-variable"},"_links":{"self":[{"href":"https:\/\/lucacastelli.com\/de\/wp-json\/wp\/v2\/product\/669045","targetHints":{"allow":["GET"]}}],"collection":[{"href":"https:\/\/lucacastelli.com\/de\/wp-json\/wp\/v2\/product"}],"about":[{"href":"https:\/\/lucacastelli.com\/de\/wp-json\/wp\/v2\/types\/product"}],"wp:featuredmedia":[{"embeddable":true,"href":"https:\/\/lucacastelli.com\/de\/wp-json\/wp\/v2\/media\/669048"}],"wp:attachment":[{"href":"https:\/\/lucacastelli.com\/de\/wp-json\/wp\/v2\/media?parent=669045"}],"wp:term":[{"taxonomy":"product_brand","embeddable":true,"href":"https:\/\/lucacastelli.com\/de\/wp-json\/wp\/v2\/product_brand?post=669045"},{"taxonomy":"product_cat","embeddable":true,"href":"https:\/\/lucacastelli.com\/de\/wp-json\/wp\/v2\/product_cat?post=669045"},{"taxonomy":"product_tag","embeddable":true,"href":"https:\/\/lucacastelli.com\/de\/wp-json\/wp\/v2\/product_tag?post=669045"}],"curies":[{"name":"wp","href":"https:\/\/api.w.org\/{rel}","templated":true}]}}