{"id":665124,"date":"2025-12-16T16:45:39","date_gmt":"2025-12-16T15:45:39","guid":{"rendered":"https:\/\/lucacastelli.com\/prodotto\/pfanner-daybag\/"},"modified":"2026-03-13T13:00:54","modified_gmt":"2026-03-13T12:00:54","slug":"pfanner-daybag","status":"publish","type":"product","link":"https:\/\/lucacastelli.com\/de\/produkt\/pfanner-daybag\/","title":{"rendered":"PFANNER Daybag"},"content":{"rendered":"<p>Als Handgep\u00e4ck im Flugzeug oder in perfekter Kombination mit dem passenden Trolley: Diese modulare Daybag \u00fcberzeugt durch ihr durchdachtes Design und maximale<br \/>\nFlexibilit\u00e4t. Dank der Aufsteckfunktion l\u00e4sst sich die Daybag sicher am Rollenkoffer befestigen. Ein besonderes Feature ist das separate und gepolsterte PROTOS\u00ae Fach: Ihr Helm ist sicher verstaut und durch ein elastisches Fixiernetz optimal gesch\u00fctzt.<br \/>\n-Handgep\u00e4ckgr\u00f6\u00dfe &#8211; ideal f\u00fcr Reisen<br \/>\n-Aufsteckbar auf den passenden Trolley<br \/>\n-Abnehmbare und verstaubare Schultergurte<br \/>\n-Integriertes und gepolstertes Laptopfach<br \/>\n-Durchdachte Innenorganisation mit Halterungen und Taschen<br \/>\n-Separates und gepolstertes Fach f\u00fcr Ihren PROTOS\u00ae Helm mit Fixiernetz<br \/>\n-Robustes und widerstandsf\u00e4higes Material<br \/>\n-Klettfl\u00e4che zur Individualisierung mit Patches  <\/p>\n<p>Material: 100% Polyester mit PU-Beschichtung<br \/>\nGr\u00f6\u00dfen: Einheitsgr\u00f6\u00dfe<\/p>\n","protected":false},"excerpt":{"rendered":"<p>Als Handgep\u00e4ck im Flugzeug oder in perfekter Kombination mit dem passenden Trolley: Diese modulare Daybag \u00fcberzeugt durch ihr durchdachtes Design<\/p>\n","protected":false},"featured_media":665125,"template":"","meta":{"_seopress_robots_primary_cat":"none","_seopress_titles_title":"","_seopress_titles_desc":"","_seopress_robots_index":""},"product_brand":[3670],"product_cat":[82,974,1391,150],"product_tag":[],"class_list":{"0":"post-665124","1":"product","2":"type-product","3":"status-publish","4":"has-post-thumbnail","6":"product_brand-pfanner-de","7":"product_cat-kleidung","8":"product_cat-freizeitkleidung","9":"product_cat-bekleidungs-accessoires","10":"product_cat-ausrustung","11":"sws-gruppo-no-gruppo-de","12":"sws-conto-ricavi-merci-rivendita-abbigliamento-de","13":"sws-gruppo-iva-iva81-de","15":"first","16":"instock","17":"sale","18":"shipping-taxable","19":"purchasable","20":"product-type-simple"},"_links":{"self":[{"href":"https:\/\/lucacastelli.com\/de\/wp-json\/wp\/v2\/product\/665124","targetHints":{"allow":["GET"]}}],"collection":[{"href":"https:\/\/lucacastelli.com\/de\/wp-json\/wp\/v2\/product"}],"about":[{"href":"https:\/\/lucacastelli.com\/de\/wp-json\/wp\/v2\/types\/product"}],"wp:featuredmedia":[{"embeddable":true,"href":"https:\/\/lucacastelli.com\/de\/wp-json\/wp\/v2\/media\/665125"}],"wp:attachment":[{"href":"https:\/\/lucacastelli.com\/de\/wp-json\/wp\/v2\/media?parent=665124"}],"wp:term":[{"taxonomy":"product_brand","embeddable":true,"href":"https:\/\/lucacastelli.com\/de\/wp-json\/wp\/v2\/product_brand?post=665124"},{"taxonomy":"product_cat","embeddable":true,"href":"https:\/\/lucacastelli.com\/de\/wp-json\/wp\/v2\/product_cat?post=665124"},{"taxonomy":"product_tag","embeddable":true,"href":"https:\/\/lucacastelli.com\/de\/wp-json\/wp\/v2\/product_tag?post=665124"}],"curies":[{"name":"wp","href":"https:\/\/api.w.org\/{rel}","templated":true}]}}