{"id":665102,"date":"2025-12-16T16:43:51","date_gmt":"2025-12-16T15:43:51","guid":{"rendered":"https:\/\/lucacastelli.com\/prodotto\/pfanner-trolley\/"},"modified":"2026-03-13T13:13:40","modified_gmt":"2026-03-13T12:13:40","slug":"pfanner-trolley","status":"publish","type":"product","link":"https:\/\/lucacastelli.com\/de\/produkt\/pfanner-trolley\/","title":{"rendered":"PFANNER Trolley"},"content":{"rendered":"<p>Der PFANNER\u00ae Trolley ist aus robustem Polyester mit wasser- und schmutzabweisender Beschichtung gefertigt und h\u00e4lt auch schwierigsten Bedingungen stand. Dank seiner Konstruktion bleibt der Koffer von selbst stehen und bietet durch die seitlichen Tragegriffe und den ausziehbaren Teleskopgriff jederzeit eine einfache Handhabung. Eine zus\u00e4tzliche Au\u00dfentasche mit Klettfl\u00e4che f\u00fcr Patches erm\u00f6glicht die individuelle Kennzeichnung oder Personalisierung.<br \/>\n-Fassungsverm\u00f6gen von 110 Litern<br \/>\n-Strapazierf\u00e4higes Polyestergewebe mit wasser- und schmutzabweisender Beschichtung<br \/>\n-Gro\u00dfe, robuste R\u00e4der, ideal f\u00fcr unebenes Gel\u00e4nde<br \/>\n-Freistehendes Design f\u00fcr bequemes Bef\u00fcllen<br \/>\n-Innenf\u00e4cher und Au\u00dfentaschen, inklusive Dokumentenf\u00e4cher<br \/>\n-Kompressionsschnallen zur Sicherung des Inhalts<br \/>\n-Seitliche Tragegriffe und Teleskopgriff f\u00fcr einfache Handhabung<br \/>\n-Klettfl\u00e4che zur individuellen Gestaltung mit Patches  <\/p>\n<p>Material: 100 % Polyester mit PU-Beschichtung<br \/>\nGr\u00f6\u00dfen: Einheitsgr\u00f6\u00dfe<\/p>\n","protected":false},"excerpt":{"rendered":"<p>Der PFANNER\u00ae Trolley ist aus robustem Polyester mit wasser- und schmutzabweisender Beschichtung gefertigt und h\u00e4lt auch schwierigsten Bedingungen stand. Dank<\/p>\n","protected":false},"featured_media":665103,"template":"","meta":{"_seopress_robots_primary_cat":"none","_seopress_titles_title":"","_seopress_titles_desc":"","_seopress_robots_index":""},"product_brand":[3670],"product_cat":[82,974,1391,150],"product_tag":[],"class_list":{"0":"post-665102","1":"product","2":"type-product","3":"status-publish","4":"has-post-thumbnail","6":"product_brand-pfanner-de","7":"product_cat-kleidung","8":"product_cat-freizeitkleidung","9":"product_cat-bekleidungs-accessoires","10":"product_cat-ausrustung","11":"sws-gruppo-no-gruppo-de","12":"sws-conto-ricavi-merci-rivendita-abbigliamento-de","13":"sws-gruppo-iva-iva81-de","15":"first","16":"instock","17":"sale","18":"shipping-taxable","19":"purchasable","20":"product-type-simple"},"_links":{"self":[{"href":"https:\/\/lucacastelli.com\/de\/wp-json\/wp\/v2\/product\/665102","targetHints":{"allow":["GET"]}}],"collection":[{"href":"https:\/\/lucacastelli.com\/de\/wp-json\/wp\/v2\/product"}],"about":[{"href":"https:\/\/lucacastelli.com\/de\/wp-json\/wp\/v2\/types\/product"}],"wp:featuredmedia":[{"embeddable":true,"href":"https:\/\/lucacastelli.com\/de\/wp-json\/wp\/v2\/media\/665103"}],"wp:attachment":[{"href":"https:\/\/lucacastelli.com\/de\/wp-json\/wp\/v2\/media?parent=665102"}],"wp:term":[{"taxonomy":"product_brand","embeddable":true,"href":"https:\/\/lucacastelli.com\/de\/wp-json\/wp\/v2\/product_brand?post=665102"},{"taxonomy":"product_cat","embeddable":true,"href":"https:\/\/lucacastelli.com\/de\/wp-json\/wp\/v2\/product_cat?post=665102"},{"taxonomy":"product_tag","embeddable":true,"href":"https:\/\/lucacastelli.com\/de\/wp-json\/wp\/v2\/product_tag?post=665102"}],"curies":[{"name":"wp","href":"https:\/\/api.w.org\/{rel}","templated":true}]}}