{"id":664963,"date":"2025-12-04T15:07:06","date_gmt":"2025-12-04T14:07:06","guid":{"rendered":"https:\/\/lucacastelli.com\/prodotto\/pfanner-dry-workbag\/"},"modified":"2026-03-13T12:54:59","modified_gmt":"2026-03-13T11:54:59","slug":"pfanner-dry-workbag","status":"publish","type":"product","link":"https:\/\/lucacastelli.com\/de\/produkt\/pfanner-dry-workbag\/","title":{"rendered":"PFANNER\u00ae Dry Workbag"},"content":{"rendered":"<p>Unser neuer Rucksack \u00fcberzeugt mit einem Volumen von 45 Litern, vielseitigen Halterungen f\u00fcr Trinkflaschen, Werkzeuge und Ihren PROTOS<sup>\u00ae<\/sup> Helm. Diverse Au\u00dfentaschen mit Rei\u00dfverschluss bieten Platz f\u00fcr Kleinigkeiten, w\u00e4hrend das ergonomische Tragesystem mit gepolsterten Schultergurten und atmungsaktiver R\u00fcckenpolsterung f\u00fcr h\u00f6chsten Tragekomfort sorgt. Dank Roll-Top-Verschluss ist das Rucksackvolumen flexibel und zu 100 % vor jeder Witterung gesch\u00fctzt.  <\/p>\n<p>&#8211; Vielseitige Halterungen f\u00fcr Trinkflaschen, Werkzeuge und Ihren PROTOS\u00ae Helm<\/p>\n<p>&#8211; Diverse Au\u00dfentaschen mit Rei\u00dfverschluss f\u00fcr Kleinigkeiten, Stifte, Handschuhe oder Rollbandma\u00df<\/p>\n<p>&#8211; Volumen von 45 Litern<\/p>\n<p>&#8211; Ergonomisches Tragesystem mit gepolsterten Schultergurten und atmungsaktiver R\u00fcckenpolsterung<\/p>\n<p>&#8211; Abnehmbare und verstaubare Tragegurte<\/p>\n<p>&#8211; Roll-Top-Verschluss f\u00fcr ein flexibles Ladevolumen und 100 % Wetterschutz<\/p>\n<p>Material: 46 % TPU, 43 % Nylon, 11 % PU<\/p>\n<p>Gr\u00f6\u00dfe: 45 Liter<\/p>\n","protected":false},"excerpt":{"rendered":"<p>Unser neuer Rucksack \u00fcberzeugt mit einem Volumen von 45 Litern, vielseitigen Halterungen f\u00fcr Trinkflaschen, Werkzeuge und Ihren PROTOS\u00ae Helm. Diverse<\/p>\n","protected":false},"featured_media":664966,"template":"","meta":{"_seopress_robots_primary_cat":"","_seopress_titles_title":"","_seopress_titles_desc":"","_seopress_robots_index":""},"product_brand":[3670],"product_cat":[1396,150,1391,1409,82,1494,1703],"product_tag":[],"class_list":{"0":"post-664963","1":"product","2":"type-product","3":"status-publish","4":"has-post-thumbnail","6":"product_brand-pfanner-de","7":"product_cat-arbeitsausrustung","8":"product_cat-ausrustung","9":"product_cat-bekleidungs-accessoires","10":"product_cat-freizeitausrustung","11":"product_cat-kleidung","12":"product_cat-sonstige-arbeitsausrustung","13":"product_cat-sonstiges","14":"sws-gruppo-no-gruppo-de","15":"sws-conto-ricavi-merci-rivendita-abbigliamento-de","16":"sws-gruppo-iva-iva81-de","18":"first","19":"instock","20":"shipping-taxable","21":"purchasable","22":"product-type-simple"},"_links":{"self":[{"href":"https:\/\/lucacastelli.com\/de\/wp-json\/wp\/v2\/product\/664963","targetHints":{"allow":["GET"]}}],"collection":[{"href":"https:\/\/lucacastelli.com\/de\/wp-json\/wp\/v2\/product"}],"about":[{"href":"https:\/\/lucacastelli.com\/de\/wp-json\/wp\/v2\/types\/product"}],"wp:featuredmedia":[{"embeddable":true,"href":"https:\/\/lucacastelli.com\/de\/wp-json\/wp\/v2\/media\/664966"}],"wp:attachment":[{"href":"https:\/\/lucacastelli.com\/de\/wp-json\/wp\/v2\/media?parent=664963"}],"wp:term":[{"taxonomy":"product_brand","embeddable":true,"href":"https:\/\/lucacastelli.com\/de\/wp-json\/wp\/v2\/product_brand?post=664963"},{"taxonomy":"product_cat","embeddable":true,"href":"https:\/\/lucacastelli.com\/de\/wp-json\/wp\/v2\/product_cat?post=664963"},{"taxonomy":"product_tag","embeddable":true,"href":"https:\/\/lucacastelli.com\/de\/wp-json\/wp\/v2\/product_tag?post=664963"}],"curies":[{"name":"wp","href":"https:\/\/api.w.org\/{rel}","templated":true}]}}