{"id":664914,"date":"2025-12-15T10:00:21","date_gmt":"2025-12-15T09:00:21","guid":{"rendered":"https:\/\/lucacastelli.com\/prodotto\/distel-aluminium-steigeisen-3-1-weaver\/"},"modified":"2025-12-15T10:00:21","modified_gmt":"2025-12-15T09:00:21","slug":"distel-aluminium-steigeisen-3-1-weaver","status":"publish","type":"product","link":"https:\/\/lucacastelli.com\/de\/produkt\/distel-aluminium-steigeisen-3-1-weaver\/","title":{"rendered":"Distel Aluminium Steigeisen 3.1 Weaver"},"content":{"rendered":"<p>Diese Steigeisen sind mit einem robusten Riemen aus Kunstleder am Fu\u00df ausgestattet, der besonders resistent gegen Harz und Holzsp\u00e4ne ist. Sie sind mit allen verf\u00fcgbaren Ersatzdornen kompatibel. Gewicht 2150 g.  <\/p>\n<p>Artikelinformationen<\/p>\n<p>Die dritte Version der bekannten Distel Aluminium Steigeisen von Weaver vereint geringes Gewicht und Komfort f\u00fcr ein au\u00dfergew\u00f6hnliches Klettererlebnis. Der Aluminiumschaft mit seiner dreidimensionalen Struktur reduziert das Gewicht auf ein Minimum und erm\u00f6glicht langes, erm\u00fcdungsfreies Arbeiten. Der optimierte Querschnitt und die widerstandsf\u00e4higere Legierung gew\u00e4hrleisten eine hohe Belastbarkeit und Lebensdauer auch unter h\u00e4rtesten Bedingungen. Der gerade Schaft \u00fcbertr\u00e4gt die aufgebrachte Kraft optimal auf den Stamm, und die Antirutschrippen an der Unterseite bieten zus\u00e4tzlichen Halt auf \u00c4sten.   <\/p>\n<p>In Kombination mit der gro\u00dfz\u00fcgigen, optimierten Polsterung schmiegt sich die vorgeformte Schale besonders angenehm an die Wade. Der 20 mm dicke Schaumstoff mit seiner Gitterstruktur reduziert Druckstellen und d\u00e4mpft St\u00f6\u00dfe. Zudem reduziert der 100 mm breite Klettverschlussriemen das Risiko von Druckstellen. Die Distel Alu 3.1 Weaver Steigeisen haben einen robusten Riemen aus Kunstleder am Fu\u00df, der besonders resistent gegen Harz und S\u00e4gesp\u00e4ne ist. Selbstverst\u00e4ndlich sind sie mit allen angebotenen Ersatzspitzen kompatibel.    <\/p>\n<ul>\n<li>Aluminiumschaft mit dreidimensionaler Struktur<\/li>\n<li>Hohe Belastbarkeit und Lebensdauer<\/li>\n<li>Gerader Schaft f\u00fcr optimale Kraft\u00fcbertragung auf den Stamm<\/li>\n<li>Antirutschrippen an der Unterseite<\/li>\n<li>Gro\u00dfz\u00fcgige und optimierte Polsterung mit vorgeformter Schale<\/li>\n<li>20 mm dicker Schaumstoff mit Gitterstruktur zur Druckentlastung und Sto\u00dfd\u00e4mpfung<\/li>\n<li>100 mm breiter Klettverschlussriemen zur Reduzierung von Druckstellen<\/li>\n<li>Robuster Riemen aus Kunstleder am Fu\u00df<\/li>\n<li>Wadenumfang von 31 bis 50 cm einstellbar<\/li>\n<li>Schaftl\u00e4nge individuell von 34,3 bis 47,8 cm einstellbar<\/li>\n<li>Kompatibel mit allen angebotenen Austauschdornen<\/li>\n<li>Gewicht 2150 g<\/li>\n<\/ul>\n","protected":false},"excerpt":{"rendered":"<p>Diese Steigeisen sind mit einem robusten Riemen aus Kunstleder am Fu\u00df ausgestattet, der besonders resistent gegen Harz und Holzsp\u00e4ne ist.<\/p>\n","protected":false},"featured_media":664915,"template":"","meta":{"_seopress_robots_primary_cat":"none","_seopress_titles_title":"","_seopress_titles_desc":"","_seopress_robots_index":""},"product_brand":[3624],"product_cat":[1396,1403],"product_tag":[],"class_list":{"0":"post-664914","1":"product","2":"type-product","3":"status-publish","4":"has-post-thumbnail","6":"product_brand-distel-de","7":"product_cat-arbeitsausrustung","8":"product_cat-auffanggurte-und-sicherheitsausrustung","9":"sws-gruppo-abb-libero-de","10":"sws-conto-ricavi-merci-rivendita-abbigliamento-de","11":"sws-gruppo-iva-iva81-de","13":"first","14":"instock","15":"sale","16":"shipping-taxable","17":"purchasable","18":"product-type-variable"},"_links":{"self":[{"href":"https:\/\/lucacastelli.com\/de\/wp-json\/wp\/v2\/product\/664914","targetHints":{"allow":["GET"]}}],"collection":[{"href":"https:\/\/lucacastelli.com\/de\/wp-json\/wp\/v2\/product"}],"about":[{"href":"https:\/\/lucacastelli.com\/de\/wp-json\/wp\/v2\/types\/product"}],"wp:featuredmedia":[{"embeddable":true,"href":"https:\/\/lucacastelli.com\/de\/wp-json\/wp\/v2\/media\/664915"}],"wp:attachment":[{"href":"https:\/\/lucacastelli.com\/de\/wp-json\/wp\/v2\/media?parent=664914"}],"wp:term":[{"taxonomy":"product_brand","embeddable":true,"href":"https:\/\/lucacastelli.com\/de\/wp-json\/wp\/v2\/product_brand?post=664914"},{"taxonomy":"product_cat","embeddable":true,"href":"https:\/\/lucacastelli.com\/de\/wp-json\/wp\/v2\/product_cat?post=664914"},{"taxonomy":"product_tag","embeddable":true,"href":"https:\/\/lucacastelli.com\/de\/wp-json\/wp\/v2\/product_tag?post=664914"}],"curies":[{"name":"wp","href":"https:\/\/api.w.org\/{rel}","templated":true}]}}