{"id":664898,"date":"2025-12-16T14:11:37","date_gmt":"2025-12-16T13:11:37","guid":{"rendered":"https:\/\/lucacastelli.com\/prodotto\/stihl-ms-261-c-m-mit-40-cm-schwert-und-3-ersatzketten\/"},"modified":"2025-12-16T16:29:27","modified_gmt":"2025-12-16T15:29:27","slug":"stihl-ms-261-c-m-mit-40-cm-schwert-und-3-ersatzketten","status":"publish","type":"product","link":"https:\/\/lucacastelli.com\/de\/produkt\/stihl-ms-261-c-m-mit-40-cm-schwert-und-3-ersatzketten\/","title":{"rendered":"STIHL MS 261 C-M mit 40 cm Schwert und 3 Ersatzketten"},"content":{"rendered":"<h2 class=\"product-details__title\">Mit vollelektronischem M-Tronic Motormanagement<\/h2>\n<div class=\"product-details__description richtexteditor\">Leichte, handliche und leistungsstarke professionelle Kettens\u00e4ge. Die Kraftstoffdosierung wird elektronisch angepasst und passt sich automatisch den Witterungsbedingungen an. Ausgestattet mit einem HD2-Filter, einer \u00d6lpumpe mit einstellbarem Durchfluss und speziellen Ausstattungsdetails wie dem Schalld\u00e4mpfer aus Edelstahl, Anti-Verlust-Muttern an der Spulenabdeckung und einer einteiligen Abdeckung mit drei Schnellverschl\u00fcssen. Bis zu 20 % weniger Kraftstoffverbrauch und bis zu 50 % weniger Schadstoffemissionen im Vergleich zu STIHL Zweitaktmotoren gleicher Leistung ohne 2-MIX-Technologie.<\/div>\n<div><\/div>\n<div><\/div>\n<table data-test-id=\"pdp-spec-tech-table\">\n<tbody>\n<tr>\n<td>Hubraum<\/td>\n<td>50,2 cm\u00b3<\/td>\n<\/tr>\n<tr>\n<td>Leistung<\/td>\n<td>3 kW<\/td>\n<\/tr>\n<tr>\n<td>Leistung<\/td>\n<td>4,10 PS<\/td>\n<\/tr>\n<tr>\n<td>Leistung<\/td>\n<td>4 bhp<\/td>\n<\/tr>\n<tr>\n<td>CO2<\/td>\n<td>705 g\/kWh<\/td>\n<\/tr>\n<tr>\n<td>Gewicht ohne Kraftstoff<\/td>\n<td>4,9 kg<\/td>\n<\/tr>\n<tr>\n<td>Systemgewicht ohne Kraftstoff<\/td>\n<td>5,80 \/ 5,92 kg<\/td>\n<\/tr>\n<tr>\n<td>Leistungsgewicht<\/td>\n<td>1,60 kg\/kW<\/td>\n<\/tr>\n<tr>\n<td>Schnittl\u00e4nge<\/td>\n<td>40 \/ 45 cm<\/td>\n<\/tr>\n<tr>\n<td>Nutbreite<\/td>\n<td>1,30 mm<\/td>\n<\/tr>\n<tr>\n<td>Kettenteilung<\/td>\n<td>.325&#8243;<\/td>\n<\/tr>\n<tr>\n<td>L\u00e4nge des Ger\u00e4ts mit Krallenanschlag<\/td>\n<td>448 mm<\/td>\n<\/tr>\n<tr>\n<td>Schalldruckpegel<\/td>\n<td>105 dB(A)<\/td>\n<\/tr>\n<tr>\n<td>Schallleistungspegel<\/td>\n<td>114 dB(A)<\/td>\n<\/tr>\n<tr>\n<td>Vibrationswert links<\/td>\n<td>3,5 m\/s\u00b2<\/td>\n<\/tr>\n<tr>\n<td>Vibrationswert rechts<\/td>\n<td>3,5 m\/s\u00b2<\/td>\n<\/tr>\n<\/tbody>\n<\/table>\n<p>&nbsp;<\/p>\n<p>Set bestehend aus:<\/p>\n<p>1 Stk. MS 261 C-M mit 45 cm Schnittl\u00e4nge<\/p>\n<p>3 Stk. Ersatzketten RS 40 cm 36900000067<\/p>\n","protected":false},"excerpt":{"rendered":"<p>Mit vollelektronischem M-Tronic Motormanagement Leichte, handliche und leistungsstarke professionelle Kettens\u00e4ge. Die Kraftstoffdosierung wird elektronisch angepasst und passt sich automatisch den<\/p>\n","protected":false},"featured_media":664791,"template":"","meta":{"_seopress_robots_primary_cat":"none","_seopress_titles_title":"","_seopress_titles_desc":"","_seopress_robots_index":""},"product_brand":[3554],"product_cat":[1612,169,1616],"product_tag":[],"class_list":{"0":"post-664898","1":"product","2":"type-product","3":"status-publish","4":"has-post-thumbnail","6":"product_brand-stihl-de","7":"product_cat-kettensagen","8":"product_cat-maschinen","9":"product_cat-motor-kettensagen","10":"sws-gruppo-macchinari-de","11":"sws-conto-ricavi-merci-rivendita-macchinari-de","12":"sws-gruppo-iva-iva81-de","14":"first","15":"instock","16":"sale","17":"shipping-taxable","18":"purchasable","19":"product-type-simple"},"_links":{"self":[{"href":"https:\/\/lucacastelli.com\/de\/wp-json\/wp\/v2\/product\/664898","targetHints":{"allow":["GET"]}}],"collection":[{"href":"https:\/\/lucacastelli.com\/de\/wp-json\/wp\/v2\/product"}],"about":[{"href":"https:\/\/lucacastelli.com\/de\/wp-json\/wp\/v2\/types\/product"}],"wp:featuredmedia":[{"embeddable":true,"href":"https:\/\/lucacastelli.com\/de\/wp-json\/wp\/v2\/media\/664791"}],"wp:attachment":[{"href":"https:\/\/lucacastelli.com\/de\/wp-json\/wp\/v2\/media?parent=664898"}],"wp:term":[{"taxonomy":"product_brand","embeddable":true,"href":"https:\/\/lucacastelli.com\/de\/wp-json\/wp\/v2\/product_brand?post=664898"},{"taxonomy":"product_cat","embeddable":true,"href":"https:\/\/lucacastelli.com\/de\/wp-json\/wp\/v2\/product_cat?post=664898"},{"taxonomy":"product_tag","embeddable":true,"href":"https:\/\/lucacastelli.com\/de\/wp-json\/wp\/v2\/product_tag?post=664898"}],"curies":[{"name":"wp","href":"https:\/\/api.w.org\/{rel}","templated":true}]}}