{"id":664896,"date":"2025-12-16T16:16:10","date_gmt":"2025-12-16T15:16:10","guid":{"rendered":"https:\/\/lucacastelli.com\/prodotto\/stihl-ms-500i-mit-50-cm-schiene-und-3-ersatzketten\/"},"modified":"2025-12-16T16:16:10","modified_gmt":"2025-12-16T15:16:10","slug":"stihl-ms-500i-mit-50-cm-schiene-und-3-ersatzketten","status":"publish","type":"product","link":"https:\/\/lucacastelli.com\/de\/produkt\/stihl-ms-500i-mit-50-cm-schiene-und-3-ersatzketten\/","title":{"rendered":"STIHL MS 500i mit 50-cm-Schiene und 3 Ersatzketten"},"content":{"rendered":"<h2 class=\"product-details__title\">Motors\u00e4ge mit elektronischer Einspritzung<\/h2>\n<div class=\"product-details__description richtexteditor\">Die erste elektronische Spritzkettens\u00e4ge STIHL Injection. Bestes Leistungsgewicht auf dem Markt. Die leichte Bauweise und die hervorragende Beschleunigung erm\u00f6glichen das Aufnehmen und Bearbeiten von gro\u00dfen Holzst\u00fccken. Optimierte Krallen, HD-2-Filter f\u00fcr eine effektive Filterung, unverlierbare Muttern am Geh\u00e4use und Filterdeckel ohne Werkzeug, \u00d6lpumpe mit einstellbarer F\u00f6rdermenge f\u00fcr hohen Schmierstoffdurchfluss, Tankverschl\u00fcsse ohne Werkzeug f\u00fcr einfaches und sicheres Betanken. <\/div>\n<div><\/div>\n<div><\/div>\n<div><\/div>\n<table data-test-id=\"pdp-spec-tech-table\">\n<tbody>\n<tr>\n<td>Hubraum<\/td>\n<td>79,2 cm\u00b3<\/td>\n<\/tr>\n<tr>\n<td>Leistung<\/td>\n<td>5 kW<\/td>\n<\/tr>\n<tr>\n<td>Leistung<\/td>\n<td>6,80 PS<\/td>\n<\/tr>\n<tr>\n<td>Leistung<\/td>\n<td>6,70 bhp<\/td>\n<\/tr>\n<tr>\n<td>CO2<\/td>\n<td>706 g\/kWh<\/td>\n<\/tr>\n<tr>\n<td>Gewicht ohne Kraftstoff<\/td>\n<td>6,3 kg<\/td>\n<\/tr>\n<tr>\n<td>Gewicht des Systems ohne Kraftstoff<\/td>\n<td>7,57 \/ 7,88 \/ 8,02 \/ 7,56 kg<\/td>\n<\/tr>\n<tr>\n<td>Leistungsgewicht<\/td>\n<td>1,24 kg\/kW<\/td>\n<\/tr>\n<tr>\n<td>Schnittl\u00e4nge<\/td>\n<td>50 \/ 63 \/ 71 cm<\/td>\n<\/tr>\n<tr>\n<td>Nutbreite<\/td>\n<td>1,60 mm<\/td>\n<\/tr>\n<tr>\n<td>Kettenteilung<\/td>\n<td>3\/8&#8243;<\/td>\n<\/tr>\n<tr>\n<td>L\u00e4nge des Ger\u00e4ts mit Krallenanschlag<\/td>\n<td>468 mm<\/td>\n<\/tr>\n<tr>\n<td>Schalldruckpegel<\/td>\n<td>106 dB(A)<\/td>\n<\/tr>\n<tr>\n<td>Schallleistungspegel<\/td>\n<td>117 dB(A)<\/td>\n<\/tr>\n<tr>\n<td>Vibrationswert links<\/td>\n<td>4,2 m\/s\u00b2<\/td>\n<\/tr>\n<tr>\n<td>Vibrationswert rechts<\/td>\n<td>4 m\/s\u00b2<\/td>\n<\/tr>\n<\/tbody>\n<\/table>\n<p>&nbsp;<\/p>\n<p>Set bestehend aus:<\/p>\n<p>1 STIHL MS 500i Motors\u00e4ge mit 50 cm Schwert<\/p>\n<p>3 Ketten 50 cm RS 36210000072<\/p>\n","protected":false},"excerpt":{"rendered":"<p>Motors\u00e4ge mit elektronischer Einspritzung Die erste elektronische Spritzkettens\u00e4ge STIHL Injection. Bestes Leistungsgewicht auf dem Markt. Die leichte Bauweise und die<\/p>\n","protected":false},"featured_media":664846,"template":"","meta":{"_seopress_robots_primary_cat":"none","_seopress_titles_title":"","_seopress_titles_desc":"","_seopress_robots_index":""},"product_brand":[3554],"product_cat":[1612,169,1616],"product_tag":[],"class_list":{"0":"post-664896","1":"product","2":"type-product","3":"status-publish","4":"has-post-thumbnail","6":"product_brand-stihl-de","7":"product_cat-kettensagen","8":"product_cat-maschinen","9":"product_cat-motor-kettensagen","10":"sws-gruppo-macchinari-de","11":"sws-conto-ricavi-merci-rivendita-macchinari-de","12":"sws-gruppo-iva-iva81-de","14":"first","15":"instock","16":"sale","17":"shipping-taxable","18":"purchasable","19":"product-type-simple"},"_links":{"self":[{"href":"https:\/\/lucacastelli.com\/de\/wp-json\/wp\/v2\/product\/664896","targetHints":{"allow":["GET"]}}],"collection":[{"href":"https:\/\/lucacastelli.com\/de\/wp-json\/wp\/v2\/product"}],"about":[{"href":"https:\/\/lucacastelli.com\/de\/wp-json\/wp\/v2\/types\/product"}],"wp:featuredmedia":[{"embeddable":true,"href":"https:\/\/lucacastelli.com\/de\/wp-json\/wp\/v2\/media\/664846"}],"wp:attachment":[{"href":"https:\/\/lucacastelli.com\/de\/wp-json\/wp\/v2\/media?parent=664896"}],"wp:term":[{"taxonomy":"product_brand","embeddable":true,"href":"https:\/\/lucacastelli.com\/de\/wp-json\/wp\/v2\/product_brand?post=664896"},{"taxonomy":"product_cat","embeddable":true,"href":"https:\/\/lucacastelli.com\/de\/wp-json\/wp\/v2\/product_cat?post=664896"},{"taxonomy":"product_tag","embeddable":true,"href":"https:\/\/lucacastelli.com\/de\/wp-json\/wp\/v2\/product_tag?post=664896"}],"curies":[{"name":"wp","href":"https:\/\/api.w.org\/{rel}","templated":true}]}}