{"id":664859,"date":"2025-12-09T16:33:19","date_gmt":"2025-12-09T15:33:19","guid":{"rendered":"https:\/\/lucacastelli.com\/prodotto\/tragbare-anhaengerkupplung\/"},"modified":"2025-12-09T16:33:19","modified_gmt":"2025-12-09T15:33:19","slug":"tragbare-anhaengerkupplung","status":"publish","type":"product","link":"https:\/\/lucacastelli.com\/de\/produkt\/tragbare-anhaengerkupplung\/","title":{"rendered":"Tragbare Anh\u00e4ngerkupplung"},"content":{"rendered":"<p>Die Portable Winch Zughilfe f\u00fcr Baumst\u00e4mme ist ein unverzichtbares Werkzeug f\u00fcr kleinere F\u00e4llarbeiten. Die Zughilfe verhindert, dass sich Baumst\u00e4mme in Wurzeln, St\u00fcmpfen und anderen Hindernissen verfangen. Dank der hohen Stabilit\u00e4t ihrer elliptischen Wanne gleitet die Zughilfe \u00fcber das gef\u00e4llte Holz, ohne junge Pflanzen zu besch\u00e4digen. Die aus Hochleistungskunststoff gefertigte Zughilfe ist leicht, flexibel und nahezu unzerst\u00f6rbar. Dank ihrer gro\u00dfen \u00d6ffnung k\u00f6nnen Sie gleichzeitig St\u00e4mme mit einem Durchmesser von bis zu 50 cm oder mehrere kleinere St\u00e4mme ziehen, die mit einer Chokerkette verbunden sind. Die Reibung mit dem Boden wird erheblich reduziert, sodass auch schwerere Lasten transportiert werden k\u00f6nnen. Die Zughilfe kann hinter einem Gel\u00e4ndewagen, einem Schneemobil, einem kleinen Traktor oder sogar einem Pferd eingesetzt werden, und zwar zu jeder Jahreszeit, da sie Temperaturunterschieden von bis zu 30 Grad standh\u00e4lt.<br \/>\nGewicht: 5,1 kg<br \/>\nAbmessungen: 67 cm x 64 cm<br \/>\nDurchmesser: 50,8 cm      <\/p>\n<p>&nbsp;<\/p>\n<h3>Beschreibung<\/h3>\n<p>Die Portable Winch Zughilfe f\u00fcr Baumst\u00e4mme ist ein unverzichtbares Werkzeug f\u00fcr kleinere F\u00e4llarbeiten.<\/p>\n<p>FEATURES<\/p>\n<p>Material: Hergestellt aus Hochleistungspolymerkunststoff<\/p>\n","protected":false},"excerpt":{"rendered":"<p>Die Portable Winch Zughilfe f\u00fcr Baumst\u00e4mme ist ein unverzichtbares Werkzeug f\u00fcr kleinere F\u00e4llarbeiten. Die Zughilfe verhindert, dass sich Baumst\u00e4mme in<\/p>\n","protected":false},"featured_media":659727,"template":"","meta":{"_seopress_robots_primary_cat":"none","_seopress_titles_title":"","_seopress_titles_desc":"","_seopress_robots_index":""},"product_brand":[6633],"product_cat":[33,537],"product_tag":[],"class_list":{"0":"post-664859","1":"product","2":"type-product","3":"status-publish","4":"has-post-thumbnail","6":"product_brand-portable-winch","7":"product_cat-attrezzature","8":"product_cat-attrezzatura-da-lavoro","9":"sws-gruppo-attrezz-de","10":"sws-conto-ricavi-merci-rivendita-macchinari-de","11":"sws-gruppo-iva-iva81-de","13":"first","14":"instock","15":"shipping-taxable","16":"purchasable","17":"product-type-simple"},"_links":{"self":[{"href":"https:\/\/lucacastelli.com\/de\/wp-json\/wp\/v2\/product\/664859","targetHints":{"allow":["GET"]}}],"collection":[{"href":"https:\/\/lucacastelli.com\/de\/wp-json\/wp\/v2\/product"}],"about":[{"href":"https:\/\/lucacastelli.com\/de\/wp-json\/wp\/v2\/types\/product"}],"wp:featuredmedia":[{"embeddable":true,"href":"https:\/\/lucacastelli.com\/de\/wp-json\/wp\/v2\/media\/659727"}],"wp:attachment":[{"href":"https:\/\/lucacastelli.com\/de\/wp-json\/wp\/v2\/media?parent=664859"}],"wp:term":[{"taxonomy":"product_brand","embeddable":true,"href":"https:\/\/lucacastelli.com\/de\/wp-json\/wp\/v2\/product_brand?post=664859"},{"taxonomy":"product_cat","embeddable":true,"href":"https:\/\/lucacastelli.com\/de\/wp-json\/wp\/v2\/product_cat?post=664859"},{"taxonomy":"product_tag","embeddable":true,"href":"https:\/\/lucacastelli.com\/de\/wp-json\/wp\/v2\/product_tag?post=664859"}],"curies":[{"name":"wp","href":"https:\/\/api.w.org\/{rel}","templated":true}]}}