{"id":664858,"date":"2025-12-04T16:21:19","date_gmt":"2025-12-04T15:21:19","guid":{"rendered":"https:\/\/lucacastelli.com\/prodotto\/pfanner-regenjacke-cama\/"},"modified":"2025-12-04T16:21:19","modified_gmt":"2025-12-04T15:21:19","slug":"pfanner-regenjacke-cama","status":"publish","type":"product","link":"https:\/\/lucacastelli.com\/de\/produkt\/pfanner-regenjacke-cama\/","title":{"rendered":"PFANNER Regenjacke Cama"},"content":{"rendered":"<p>Regenjacke Cama: zuverl\u00e4ssig, funktional und nachhaltig.<br \/>\nDie 3-Lagen-Regenjacke Cama bietet professionellen Wetterschutz in jeder Situation. Mit einer Wassers\u00e4ule von 20.000 mm und einer Atmungsaktivit\u00e4t von 20.000 g\/m\u00b2 \/ 24 h bleibt sie auch bei starkem Regen wasserdicht und ist dennoch angenehm atmungsaktiv. Hochwertige Verarbeitung und durchdachte Details.<br \/>\n&#8211; Verstellbare Kapuze, Taille und \u00c4rmelb\u00fcndchen f\u00fcr eine optimale Passform<br \/>\n&#8211; Zwei Seitentaschen und eine innere Brusttasche zur sicheren Aufbewahrung von Gegenst\u00e4nden<br \/>\n&#8211; PFAS-freie Ausr\u00fcstung f\u00fcr umweltfreundliche Leistung<br \/>\n&#8211; Versiegelte und wasserabweisende Rei\u00dfverschl\u00fcsse  <\/p>\n<p>Material: 100 % Polyester, PU-Membran<\/p>\n","protected":false},"excerpt":{"rendered":"<p>Regenjacke Cama: zuverl\u00e4ssig, funktional und nachhaltig. Die 3-Lagen-Regenjacke Cama bietet professionellen Wetterschutz in jeder Situation. Mit einer Wassers\u00e4ule von 20.000<\/p>\n","protected":false},"featured_media":664862,"template":"","meta":{"_seopress_robots_primary_cat":"none","_seopress_titles_title":"","_seopress_titles_desc":"","_seopress_robots_index":""},"product_brand":[3458],"product_cat":[21,189,190],"product_tag":[],"class_list":{"0":"post-664858","1":"product","2":"type-product","3":"status-publish","4":"has-post-thumbnail","6":"product_brand-pfanner","7":"product_cat-abbigliamento","8":"product_cat-abbigliamento-per-il-tempo-libero","9":"product_cat-abbigliamento-da-uomo","10":"sws-gruppo-abb-libero-de","11":"sws-gruppo-no-gruppo-de","12":"sws-conto-ricavi-merci-rivendita-abbigliamento-de","13":"sws-gruppo-iva-iva81-de","15":"first","16":"instock","17":"shipping-taxable","18":"purchasable","19":"product-type-variable","20":"has-default-attributes"},"_links":{"self":[{"href":"https:\/\/lucacastelli.com\/de\/wp-json\/wp\/v2\/product\/664858","targetHints":{"allow":["GET"]}}],"collection":[{"href":"https:\/\/lucacastelli.com\/de\/wp-json\/wp\/v2\/product"}],"about":[{"href":"https:\/\/lucacastelli.com\/de\/wp-json\/wp\/v2\/types\/product"}],"wp:featuredmedia":[{"embeddable":true,"href":"https:\/\/lucacastelli.com\/de\/wp-json\/wp\/v2\/media\/664862"}],"wp:attachment":[{"href":"https:\/\/lucacastelli.com\/de\/wp-json\/wp\/v2\/media?parent=664858"}],"wp:term":[{"taxonomy":"product_brand","embeddable":true,"href":"https:\/\/lucacastelli.com\/de\/wp-json\/wp\/v2\/product_brand?post=664858"},{"taxonomy":"product_cat","embeddable":true,"href":"https:\/\/lucacastelli.com\/de\/wp-json\/wp\/v2\/product_cat?post=664858"},{"taxonomy":"product_tag","embeddable":true,"href":"https:\/\/lucacastelli.com\/de\/wp-json\/wp\/v2\/product_tag?post=664858"}],"curies":[{"name":"wp","href":"https:\/\/api.w.org\/{rel}","templated":true}]}}